{"id":78,"date":"2012-05-25T21:36:14","date_gmt":"2012-05-25T21:36:14","guid":{"rendered":"http:\/\/www.io-marine.com\/?page_id=78"},"modified":"2022-08-21T15:09:17","modified_gmt":"2022-08-21T15:09:17","slug":"ilkel_fotografci","status":"publish","type":"page","link":"https:\/\/www.yelkenkayak.com\/?page_id=78","title":{"rendered":"\u0130lkel Bal\u0131k\u00e7\u0131"},"content":{"rendered":"<p><strong>Boy: 405 cm, En: 73 cm , A\u011f\u0131rl\u0131k: 21 kg, Hacim: 165 kg<\/strong><\/p>\n<p>K\u00fcrek \u00e7ekmek, bal\u0131k tutmak, fotograf \u00e7ekmek i\u00e7in son derece kullan\u0131\u015fl\u0131, sert hava ko\u015fullar\u0131nda bile kullanabilen dengeli ve h\u0131zl\u0131 bir kayakt\u0131r. G\u00f6vde be\u015f panellidir. Geni\u015f bir kokpite sahiptir. \u0130stenirse yelken donan\u0131m\u0131 eklenebilir.<br \/>\n<img loading=\"lazy\" decoding=\"async\" class=\"alignleft wp-image-3088\" src=\"http:\/\/www.yelkenkayak.com\/wp-content\/uploads\/2012\/05\/ILKEL-BALIKCI-2.jpg\" alt=\"ILKEL BALIKCI 2\" width=\"590\" height=\"349\" srcset=\"https:\/\/www.yelkenkayak.com\/wp-content\/uploads\/2012\/05\/ILKEL-BALIKCI-2.jpg 580w, https:\/\/www.yelkenkayak.com\/wp-content\/uploads\/2012\/05\/ILKEL-BALIKCI-2-300x177.jpg 300w, https:\/\/www.yelkenkayak.com\/wp-content\/uploads\/2012\/05\/ILKEL-BALIKCI-2-330x195.jpg 330w\" sizes=\"auto, (max-width: 590px) 100vw, 590px\" \/><\/p>\n<p><img loading=\"lazy\" decoding=\"async\" class=\"alignleft wp-image-3089\" src=\"http:\/\/www.yelkenkayak.com\/wp-content\/uploads\/2012\/05\/ILKEN-BAKILCI-1.jpg\" alt=\"ILKEN BAKILCI 1\" width=\"591\" height=\"443\" srcset=\"https:\/\/www.yelkenkayak.com\/wp-content\/uploads\/2012\/05\/ILKEN-BAKILCI-1.jpg 500w, https:\/\/www.yelkenkayak.com\/wp-content\/uploads\/2012\/05\/ILKEN-BAKILCI-1-300x225.jpg 300w, https:\/\/www.yelkenkayak.com\/wp-content\/uploads\/2012\/05\/ILKEN-BAKILCI-1-264x198.jpg 264w\" sizes=\"auto, (max-width: 591px) 100vw, 591px\" \/><\/p>\n<p><a href=\"http:\/\/www.yelkenkayak.com\/wp-content\/uploads\/2012\/05\/mc1.jpg\"><img loading=\"lazy\" decoding=\"async\" class=\"alignleft wp-image-2268\" src=\"http:\/\/www.yelkenkayak.com\/wp-content\/uploads\/2012\/05\/mc1-1024x664.jpg\" alt=\"mc1\" width=\"590\" height=\"383\" srcset=\"https:\/\/www.yelkenkayak.com\/wp-content\/uploads\/2012\/05\/mc1-1024x664.jpg 1024w, https:\/\/www.yelkenkayak.com\/wp-content\/uploads\/2012\/05\/mc1-300x194.jpg 300w, https:\/\/www.yelkenkayak.com\/wp-content\/uploads\/2012\/05\/mc1-600x389.jpg 600w, https:\/\/www.yelkenkayak.com\/wp-content\/uploads\/2012\/05\/mc1-305x198.jpg 305w, https:\/\/www.yelkenkayak.com\/wp-content\/uploads\/2012\/05\/mc1.jpg 1216w\" sizes=\"auto, (max-width: 590px) 100vw, 590px\" \/><\/a><\/p>\n<p>&nbsp;<\/p>\n","protected":false},"excerpt":{"rendered":"<p>Boy: 405 cm, En: 73 cm , A\u011f\u0131rl\u0131k: 21 kg, Hacim: 165 kg K\u00fcrek \u00e7ekmek, bal\u0131k tutmak, fotograf \u00e7ekmek i\u00e7in son derece kullan\u0131\u015fl\u0131, sert hava ko\u015fullar\u0131nda bile kullanabilen dengeli ve h\u0131zl\u0131 bir kayakt\u0131r. G\u00f6vde be\u015f panellidir. Geni\u015f bir kokpite sahiptir. \u0130stenirse yelken donan\u0131m\u0131 eklenebilir. &nbsp;<\/p>\n","protected":false},"author":1,"featured_media":0,"parent":5,"menu_order":0,"comment_status":"closed","ping_status":"closed","template":"","meta":{"ngg_post_thumbnail":0,"footnotes":""},"class_list":["post-78","page","type-page","status-publish","hentry"],"_links":{"self":[{"href":"https:\/\/www.yelkenkayak.com\/index.php?rest_route=\/wp\/v2\/pages\/78","targetHints":{"allow":["GET"]}}],"collection":[{"href":"https:\/\/www.yelkenkayak.com\/index.php?rest_route=\/wp\/v2\/pages"}],"about":[{"href":"https:\/\/www.yelkenkayak.com\/index.php?rest_route=\/wp\/v2\/types\/page"}],"author":[{"embeddable":true,"href":"https:\/\/www.yelkenkayak.com\/index.php?rest_route=\/wp\/v2\/users\/1"}],"replies":[{"embeddable":true,"href":"https:\/\/www.yelkenkayak.com\/index.php?rest_route=%2Fwp%2Fv2%2Fcomments&post=78"}],"version-history":[{"count":12,"href":"https:\/\/www.yelkenkayak.com\/index.php?rest_route=\/wp\/v2\/pages\/78\/revisions"}],"predecessor-version":[{"id":3557,"href":"https:\/\/www.yelkenkayak.com\/index.php?rest_route=\/wp\/v2\/pages\/78\/revisions\/3557"}],"up":[{"embeddable":true,"href":"https:\/\/www.yelkenkayak.com\/index.php?rest_route=\/wp\/v2\/pages\/5"}],"wp:attachment":[{"href":"https:\/\/www.yelkenkayak.com\/index.php?rest_route=%2Fwp%2Fv2%2Fmedia&parent=78"}],"curies":[{"name":"wp","href":"https:\/\/api.w.org\/{rel}","templated":true}]}}