{"id":74,"date":"2012-05-25T21:35:14","date_gmt":"2012-05-25T21:35:14","guid":{"rendered":"http:\/\/www.io-marine.com\/?page_id=74"},"modified":"2022-08-21T15:07:27","modified_gmt":"2022-08-21T15:07:27","slug":"ilkel_balikci","status":"publish","type":"page","link":"https:\/\/www.yelkenkayak.com\/?page_id=74","title":{"rendered":"Wood Duck 12"},"content":{"rendered":"<p><strong>Boy: 360 cm , En 75 cm, A\u011f\u0131rl\u0131k: 18 kg, Hacim: 140 kg\u00a0<\/strong><\/p>\n<p><a href=\"http:\/\/www.yelkenkayak.com\/wp-content\/uploads\/2014\/08\/cropped-iomar.jpg\"><img loading=\"lazy\" decoding=\"async\" class=\"alignleft wp-image-1507\" src=\"http:\/\/www.yelkenkayak.com\/wp-content\/uploads\/2014\/08\/cropped-iomar.jpg\" alt=\"cropped-iomar\" width=\"750\" height=\"227\" srcset=\"https:\/\/www.yelkenkayak.com\/wp-content\/uploads\/2014\/08\/cropped-iomar.jpg 960w, https:\/\/www.yelkenkayak.com\/wp-content\/uploads\/2014\/08\/cropped-iomar-300x90.jpg 300w\" sizes=\"auto, (max-width: 750px) 100vw, 750px\" \/><\/a><\/p>\n<p>&nbsp;<\/p>\n<p>K\u0131sa geziler, bal\u0131k tutmak yada fotograf \u00e7ekmek i\u00e7in \u00e7ok uygun bir modeldir. Manevra yetene\u011fi olduk\u00e7a fazla olmas\u0131na ra\u011fmen d\u00fcz gidebilen h\u0131zl\u0131 bir deniz kaya\u011f\u0131d\u0131r. \u00dczerinde ayakta k\u00fcrek \u00e7ekebilecek kadar dengelidir. Bir yeti\u015fkin ve bir \u00e7ocu\u011fun birlikte gezebilece\u011fi geni\u015f bir kokpite sahipdir. \u00a0G\u00f6lde yada dalyanlarda ku\u015f fotograf\u0131 \u00e7ekimi yapmak i\u00e7in uygun bir modeldir.<\/p>\n<p><a href=\"http:\/\/www.yelkenkayak.com\/wp-content\/uploads\/2014\/08\/yelkenkayak-21.jpg\"><img loading=\"lazy\" decoding=\"async\" class=\"alignleft size-full wp-image-1337\" src=\"http:\/\/www.yelkenkayak.com\/wp-content\/uploads\/2014\/08\/yelkenkayak-21.jpg\" alt=\"yelkenkayak 2\" width=\"750\" height=\"471\" srcset=\"https:\/\/www.yelkenkayak.com\/wp-content\/uploads\/2014\/08\/yelkenkayak-21.jpg 750w, https:\/\/www.yelkenkayak.com\/wp-content\/uploads\/2014\/08\/yelkenkayak-21-300x188.jpg 300w\" sizes=\"auto, (max-width: 750px) 100vw, 750px\" \/><\/a><\/p>\n<p>&nbsp;<\/p>\n<p>Sadece 18 kg l\u0131k a\u011f\u0131rl\u0131\u011f\u0131 ile ta\u015f\u0131mas\u0131 kolayd\u0131r. 350 cm boyu ile k\u00fc\u00e7\u00fck bir araban\u0131n \u00fczerinde uzun yola \u00e7\u0131kabilirsiniz. \u00a0Ayr\u0131ca unutmay\u0131n ki daha g\u00f6steri\u015fli bir port bagaja da sahip olamazs\u0131n\u0131z.<\/p>\n<p><a href=\"http:\/\/www.yelkenkayak.com\/wp-content\/uploads\/2014\/08\/wd12-oc.jpg\"><img loading=\"lazy\" decoding=\"async\" class=\"alignleft wp-image-1562\" src=\"http:\/\/www.yelkenkayak.com\/wp-content\/uploads\/2014\/08\/wd12-oc.jpg\" alt=\"wd12 oc\" width=\"750\" height=\"431\" srcset=\"https:\/\/www.yelkenkayak.com\/wp-content\/uploads\/2014\/08\/wd12-oc.jpg 600w, https:\/\/www.yelkenkayak.com\/wp-content\/uploads\/2014\/08\/wd12-oc-300x173.jpg 300w\" sizes=\"auto, (max-width: 750px) 100vw, 750px\" \/><\/a><\/p>\n<p>&nbsp;<\/p>\n<p>Yap\u0131m\u0131 kolay deniz kayak modelidir. Asl\u0131nda hem deniz kaya\u011f\u0131 kullanmaya hem de yapmaya ba\u015flamak i\u00e7in en uygun modeldir. \u00a0Kayak ve kokpit geni\u015f oldu\u011fundan i\u00e7 k\u0131s\u0131mlar\u0131n yap\u0131m\u0131 daha kolayd\u0131r. \u0130ki bagajl\u0131 ve tek bagajl\u0131 iki modeli bulunmaktad\u0131r. Tek bagajl\u0131 modelde sadece k\u0131\u00e7 k\u0131s\u0131mda her t\u00fcrl\u00fc malzemenin s\u0131\u011fd\u0131\u011f\u0131 geni\u015f bir kapal\u0131 b\u00f6l\u00fcm bulunmakta.\u00a0\u0130\u00e7 ve d\u0131\u015f k\u0131s\u0131mlar cam elyaf\u0131 kuma\u015f ile kapl\u0131d\u0131r.<\/p>\n","protected":false},"excerpt":{"rendered":"<p>Boy: 360 cm , En 75 cm, A\u011f\u0131rl\u0131k: 18 kg, Hacim: 140 kg\u00a0 &nbsp; K\u0131sa geziler, bal\u0131k tutmak yada fotograf \u00e7ekmek i\u00e7in \u00e7ok uygun bir modeldir. Manevra yetene\u011fi olduk\u00e7a fazla olmas\u0131na ra\u011fmen d\u00fcz gidebilen h\u0131zl\u0131 bir deniz kaya\u011f\u0131d\u0131r. \u00dczerinde ayakta k\u00fcrek \u00e7ekebilecek kadar dengelidir. Bir yeti\u015fkin ve bir \u00e7ocu\u011fun birlikte gezebilece\u011fi geni\u015f bir kokpite sahipdir. &#8230;<\/p>\n","protected":false},"author":1,"featured_media":0,"parent":5,"menu_order":0,"comment_status":"closed","ping_status":"closed","template":"","meta":{"ngg_post_thumbnail":0,"footnotes":""},"class_list":["post-74","page","type-page","status-publish","hentry"],"_links":{"self":[{"href":"https:\/\/www.yelkenkayak.com\/index.php?rest_route=\/wp\/v2\/pages\/74","targetHints":{"allow":["GET"]}}],"collection":[{"href":"https:\/\/www.yelkenkayak.com\/index.php?rest_route=\/wp\/v2\/pages"}],"about":[{"href":"https:\/\/www.yelkenkayak.com\/index.php?rest_route=\/wp\/v2\/types\/page"}],"author":[{"embeddable":true,"href":"https:\/\/www.yelkenkayak.com\/index.php?rest_route=\/wp\/v2\/users\/1"}],"replies":[{"embeddable":true,"href":"https:\/\/www.yelkenkayak.com\/index.php?rest_route=%2Fwp%2Fv2%2Fcomments&post=74"}],"version-history":[{"count":12,"href":"https:\/\/www.yelkenkayak.com\/index.php?rest_route=\/wp\/v2\/pages\/74\/revisions"}],"predecessor-version":[{"id":3554,"href":"https:\/\/www.yelkenkayak.com\/index.php?rest_route=\/wp\/v2\/pages\/74\/revisions\/3554"}],"up":[{"embeddable":true,"href":"https:\/\/www.yelkenkayak.com\/index.php?rest_route=\/wp\/v2\/pages\/5"}],"wp:attachment":[{"href":"https:\/\/www.yelkenkayak.com\/index.php?rest_route=%2Fwp%2Fv2%2Fmedia&parent=74"}],"curies":[{"name":"wp","href":"https:\/\/api.w.org\/{rel}","templated":true}]}}