{"id":72,"date":"2012-05-25T21:34:39","date_gmt":"2012-05-25T21:34:39","guid":{"rendered":"http:\/\/www.io-marine.com\/?page_id=72"},"modified":"2022-08-21T15:07:22","modified_gmt":"2022-08-21T15:07:22","slug":"ilkel_trimaran","status":"publish","type":"page","link":"https:\/\/www.yelkenkayak.com\/?page_id=72","title":{"rendered":"Trimaran Kayak"},"content":{"rendered":"<p><strong>Boy: 520 cm &#8211; En: 300 cm\u00a0 \u00a0<\/strong><\/p>\n<p>Araban\u0131z\u0131n \u00fczerinde ta\u015f\u0131yabilece\u011finiz, sadece 50 kg a\u011f\u0131rl\u0131\u011f\u0131nda trimaran modeli bir yelkenlidir. Sahilde 15 dakika s\u00fcrecek basit montaj\u0131 ile yelken keyfini ya\u015fayabilirsiniz. 5 m2 yelken donan\u0131m\u0131 bulunmaktad\u0131r. Uygun ko\u015fullarda 10 deniz mili h\u0131z yapabilirsiniz. Yanlarda bulunan &#8216;Ama&#8217; lar 3 m boyundad\u0131r ve sadece 7 kg ag\u0131rl\u0131\u011f\u0131ndad\u0131r. \u00a0Salma olarak kullan\u0131lan &#8216;Leeboard 90 cm derinli\u011findedir. 460 cm al\u00fcminyum yelken dire\u011fi ve el kontroll\u00fc ah\u015fap d\u00fcmeni bulunmaktad\u0131r. \u00a0Yandaki amalar 300 cm uzunluk ve 23 cm eninde ,\u00a0Geni\u015flik 300 cm, Yelken dire\u011fi 460 cm dir.<\/p>\n<p>T\u00fcm ah\u015fap kayak modellerine monte edilebilen &#8216; SailRig&#8217; donan\u0131m\u0131, plastik gibi di\u011fer kayaklar ile de kullan\u0131labilir. Geni\u015f bilgi i\u00e7in bizimle irtibat kurun.<\/p>\n<div id=\"attachment_2646\" style=\"width: 215px\" class=\"wp-caption alignleft\"><a href=\"http:\/\/www.yelkenkayak.com\/wp-content\/uploads\/2012\/05\/11659501_827404480688932_5885390487037802570_n.jpg\"><img loading=\"lazy\" decoding=\"async\" aria-describedby=\"caption-attachment-2646\" class=\"wp-image-2646 size-medium\" src=\"http:\/\/www.yelkenkayak.com\/wp-content\/uploads\/2012\/05\/11659501_827404480688932_5885390487037802570_n-205x300.jpg\" alt=\"11659501_827404480688932_5885390487037802570_n\" width=\"205\" height=\"300\" srcset=\"https:\/\/www.yelkenkayak.com\/wp-content\/uploads\/2012\/05\/11659501_827404480688932_5885390487037802570_n-205x300.jpg 205w, https:\/\/www.yelkenkayak.com\/wp-content\/uploads\/2012\/05\/11659501_827404480688932_5885390487037802570_n-600x874.jpg 600w, https:\/\/www.yelkenkayak.com\/wp-content\/uploads\/2012\/05\/11659501_827404480688932_5885390487037802570_n-135x198.jpg 135w, https:\/\/www.yelkenkayak.com\/wp-content\/uploads\/2012\/05\/11659501_827404480688932_5885390487037802570_n.jpg 659w\" sizes=\"auto, (max-width: 205px) 100vw, 205px\" \/><\/a><p id=\"caption-attachment-2646\" class=\"wp-caption-text\">YelkenKayak &#8211; Trimaran<\/p><\/div>\n<div id=\"attachment_2647\" style=\"width: 310px\" class=\"wp-caption alignleft\"><a href=\"http:\/\/www.yelkenkayak.com\/wp-content\/uploads\/2012\/05\/11041274_827404467355600_432721531533785451_o.jpg\"><img loading=\"lazy\" decoding=\"async\" aria-describedby=\"caption-attachment-2647\" class=\"wp-image-2647 size-medium\" src=\"http:\/\/www.yelkenkayak.com\/wp-content\/uploads\/2012\/05\/11041274_827404467355600_432721531533785451_o-300x197.jpg\" alt=\"11041274_827404467355600_432721531533785451_o\" width=\"300\" height=\"197\" srcset=\"https:\/\/www.yelkenkayak.com\/wp-content\/uploads\/2012\/05\/11041274_827404467355600_432721531533785451_o-300x197.jpg 300w, https:\/\/www.yelkenkayak.com\/wp-content\/uploads\/2012\/05\/11041274_827404467355600_432721531533785451_o-800x525.jpg 800w, https:\/\/www.yelkenkayak.com\/wp-content\/uploads\/2012\/05\/11041274_827404467355600_432721531533785451_o-600x394.jpg 600w, https:\/\/www.yelkenkayak.com\/wp-content\/uploads\/2012\/05\/11041274_827404467355600_432721531533785451_o-301x198.jpg 301w, https:\/\/www.yelkenkayak.com\/wp-content\/uploads\/2012\/05\/11041274_827404467355600_432721531533785451_o.jpg 1920w\" sizes=\"auto, (max-width: 300px) 100vw, 300px\" \/><\/a><p id=\"caption-attachment-2647\" class=\"wp-caption-text\">YelkenKayak &#8211; Trimaran<\/p><\/div>\n<div id=\"attachment_2648\" style=\"width: 310px\" class=\"wp-caption alignleft\"><a href=\"http:\/\/www.yelkenkayak.com\/wp-content\/uploads\/2012\/05\/11412077_827404460688934_4165249781824839872_o.jpg\"><img loading=\"lazy\" decoding=\"async\" aria-describedby=\"caption-attachment-2648\" class=\"wp-image-2648 size-medium\" src=\"http:\/\/www.yelkenkayak.com\/wp-content\/uploads\/2012\/05\/11412077_827404460688934_4165249781824839872_o-300x182.jpg\" alt=\"11412077_827404460688934_4165249781824839872_o\" width=\"300\" height=\"182\" srcset=\"https:\/\/www.yelkenkayak.com\/wp-content\/uploads\/2012\/05\/11412077_827404460688934_4165249781824839872_o-300x182.jpg 300w, https:\/\/www.yelkenkayak.com\/wp-content\/uploads\/2012\/05\/11412077_827404460688934_4165249781824839872_o-800x485.jpg 800w, https:\/\/www.yelkenkayak.com\/wp-content\/uploads\/2012\/05\/11412077_827404460688934_4165249781824839872_o-600x364.jpg 600w, https:\/\/www.yelkenkayak.com\/wp-content\/uploads\/2012\/05\/11412077_827404460688934_4165249781824839872_o-326x198.jpg 326w, https:\/\/www.yelkenkayak.com\/wp-content\/uploads\/2012\/05\/11412077_827404460688934_4165249781824839872_o.jpg 1920w\" sizes=\"auto, (max-width: 300px) 100vw, 300px\" \/><\/a><p id=\"caption-attachment-2648\" class=\"wp-caption-text\">YelkenKayak &#8211; Trimaran<\/p><\/div>\n<div id=\"attachment_1575\" style=\"width: 310px\" class=\"wp-caption alignleft\"><img loading=\"lazy\" decoding=\"async\" aria-describedby=\"caption-attachment-1575\" class=\"wp-image-1575 size-medium\" src=\"http:\/\/www.yelkenkayak.com\/wp-content\/uploads\/2014\/08\/2012_11_28_9999_124-300x203.jpg\" alt=\"Geni\u015flik 300 cm, Yelken dire\u011fi 460 cm\" width=\"300\" height=\"203\" srcset=\"https:\/\/www.yelkenkayak.com\/wp-content\/uploads\/2014\/08\/2012_11_28_9999_124-300x203.jpg 300w, https:\/\/www.yelkenkayak.com\/wp-content\/uploads\/2014\/08\/2012_11_28_9999_124-1024x694.jpg 1024w, https:\/\/www.yelkenkayak.com\/wp-content\/uploads\/2014\/08\/2012_11_28_9999_124.jpg 1111w\" sizes=\"auto, (max-width: 300px) 100vw, 300px\" \/><p id=\"caption-attachment-1575\" class=\"wp-caption-text\">YelkenKayak &#8211; Trimaran<\/p><\/div>\n<div id=\"attachment_1574\" style=\"width: 239px\" class=\"wp-caption alignleft\"><img loading=\"lazy\" decoding=\"async\" aria-describedby=\"caption-attachment-1574\" class=\"wp-image-1574 size-medium\" src=\"http:\/\/www.yelkenkayak.com\/wp-content\/uploads\/2014\/08\/2012_11_28_9999_145-229x300.jpg\" alt=\"YelkenKayak - Trimaran\" width=\"229\" height=\"300\" srcset=\"https:\/\/www.yelkenkayak.com\/wp-content\/uploads\/2014\/08\/2012_11_28_9999_145-229x300.jpg 229w, https:\/\/www.yelkenkayak.com\/wp-content\/uploads\/2014\/08\/2012_11_28_9999_145.jpg 777w\" sizes=\"auto, (max-width: 229px) 100vw, 229px\" \/><p id=\"caption-attachment-1574\" class=\"wp-caption-text\">YelkenKayak &#8211; Trimaran<\/p><\/div>\n<div id=\"attachment_1557\" style=\"width: 310px\" class=\"wp-caption alignleft\"><img loading=\"lazy\" decoding=\"async\" aria-describedby=\"caption-attachment-1557\" class=\"wp-image-1557 size-medium\" src=\"http:\/\/www.yelkenkayak.com\/wp-content\/uploads\/2014\/08\/SEAKAYAK17-3-1024x680-300x199.jpg\" alt=\"YelkenKayak - Trimaran\" width=\"300\" height=\"199\" srcset=\"https:\/\/www.yelkenkayak.com\/wp-content\/uploads\/2014\/08\/SEAKAYAK17-3-1024x680-300x199.jpg 300w, https:\/\/www.yelkenkayak.com\/wp-content\/uploads\/2014\/08\/SEAKAYAK17-3-1024x680.jpg 1024w\" sizes=\"auto, (max-width: 300px) 100vw, 300px\" \/><p id=\"caption-attachment-1557\" class=\"wp-caption-text\">YelkenKayak &#8211; Trimaran<\/p><\/div>\n<div id=\"attachment_1554\" style=\"width: 310px\" class=\"wp-caption alignleft\"><img loading=\"lazy\" decoding=\"async\" aria-describedby=\"caption-attachment-1554\" class=\"wp-image-1554 size-medium\" src=\"http:\/\/www.yelkenkayak.com\/wp-content\/uploads\/2014\/08\/yelkenkayak_rig2-300x180.jpg\" alt=\"YelkenKayak - Trimaran\" width=\"300\" height=\"180\" srcset=\"https:\/\/www.yelkenkayak.com\/wp-content\/uploads\/2014\/08\/yelkenkayak_rig2-300x180.jpg 300w, https:\/\/www.yelkenkayak.com\/wp-content\/uploads\/2014\/08\/yelkenkayak_rig2-1024x617.jpg 1024w, https:\/\/www.yelkenkayak.com\/wp-content\/uploads\/2014\/08\/yelkenkayak_rig2.jpg 1111w\" sizes=\"auto, (max-width: 300px) 100vw, 300px\" \/><p id=\"caption-attachment-1554\" class=\"wp-caption-text\">YelkenKayak &#8211; Trimaran<\/p><\/div>\n<div id=\"attachment_1558\" style=\"width: 310px\" class=\"wp-caption alignleft\"><img loading=\"lazy\" decoding=\"async\" aria-describedby=\"caption-attachment-1558\" class=\"wp-image-1558 size-medium\" src=\"http:\/\/www.yelkenkayak.com\/wp-content\/uploads\/2014\/08\/2012_11_28_9999_156-1024x379-300x111.jpg\" alt=\"YelkenKayak - Trimaran\" width=\"300\" height=\"111\" srcset=\"https:\/\/www.yelkenkayak.com\/wp-content\/uploads\/2014\/08\/2012_11_28_9999_156-1024x379-300x111.jpg 300w, https:\/\/www.yelkenkayak.com\/wp-content\/uploads\/2014\/08\/2012_11_28_9999_156-1024x379.jpg 1024w\" sizes=\"auto, (max-width: 300px) 100vw, 300px\" \/><p id=\"caption-attachment-1558\" class=\"wp-caption-text\">YelkenKayak &#8211; Trimaran<\/p><\/div>\n<p>&nbsp;<\/p>\n<p>&nbsp;<\/p>\n<div id=\"attachment_1553\" style=\"width: 310px\" class=\"wp-caption alignleft\"><img loading=\"lazy\" decoding=\"async\" aria-describedby=\"caption-attachment-1553\" class=\"wp-image-1553 size-medium\" src=\"http:\/\/www.yelkenkayak.com\/wp-content\/uploads\/2014\/08\/2012_11_28_9999_49yk-300x135.jpg\" alt=\"YelkenKayak - Trimaran\" width=\"300\" height=\"135\" srcset=\"https:\/\/www.yelkenkayak.com\/wp-content\/uploads\/2014\/08\/2012_11_28_9999_49yk-300x135.jpg 300w, https:\/\/www.yelkenkayak.com\/wp-content\/uploads\/2014\/08\/2012_11_28_9999_49yk.jpg 700w\" sizes=\"auto, (max-width: 300px) 100vw, 300px\" \/><p id=\"caption-attachment-1553\" class=\"wp-caption-text\">YelkenKayak &#8211; Trimaran<\/p><\/div>\n<div id=\"attachment_1552\" style=\"width: 310px\" class=\"wp-caption alignleft\"><img loading=\"lazy\" decoding=\"async\" aria-describedby=\"caption-attachment-1552\" class=\"wp-image-1552 size-medium\" src=\"http:\/\/www.yelkenkayak.com\/wp-content\/uploads\/2014\/08\/TRIMARAN-YELKEN-745x300-300x120.jpg\" alt=\"YelkenKayak - Trimaran\" width=\"300\" height=\"120\" srcset=\"https:\/\/www.yelkenkayak.com\/wp-content\/uploads\/2014\/08\/TRIMARAN-YELKEN-745x300-300x120.jpg 300w, https:\/\/www.yelkenkayak.com\/wp-content\/uploads\/2014\/08\/TRIMARAN-YELKEN-745x300.jpg 745w\" sizes=\"auto, (max-width: 300px) 100vw, 300px\" \/><p id=\"caption-attachment-1552\" class=\"wp-caption-text\">YelkenKayak &#8211; Trimaran<\/p><\/div>\n<p>&nbsp;<\/p>\n<p>&nbsp;<\/p>\n<p>&nbsp;<\/p>\n<p>&nbsp;<\/p>\n<p>&nbsp;<\/p>\n<p>&nbsp;<\/p>\n<p><strong>\u00a0<\/strong><\/p>\n<p>&nbsp;<\/p>\n","protected":false},"excerpt":{"rendered":"<p>Boy: 520 cm &#8211; En: 300 cm\u00a0 \u00a0 Araban\u0131z\u0131n \u00fczerinde ta\u015f\u0131yabilece\u011finiz, sadece 50 kg a\u011f\u0131rl\u0131\u011f\u0131nda trimaran modeli bir yelkenlidir. Sahilde 15 dakika s\u00fcrecek basit montaj\u0131 ile yelken keyfini ya\u015fayabilirsiniz. 5 m2 yelken donan\u0131m\u0131 bulunmaktad\u0131r. Uygun ko\u015fullarda 10 deniz mili h\u0131z yapabilirsiniz. Yanlarda bulunan &#8216;Ama&#8217; lar 3 m boyundad\u0131r ve sadece 7 kg ag\u0131rl\u0131\u011f\u0131ndad\u0131r. \u00a0Salma olarak &#8230;<\/p>\n","protected":false},"author":1,"featured_media":0,"parent":0,"menu_order":0,"comment_status":"closed","ping_status":"closed","template":"","meta":{"ngg_post_thumbnail":0,"footnotes":""},"class_list":["post-72","page","type-page","status-publish","hentry"],"_links":{"self":[{"href":"https:\/\/www.yelkenkayak.com\/index.php?rest_route=\/wp\/v2\/pages\/72","targetHints":{"allow":["GET"]}}],"collection":[{"href":"https:\/\/www.yelkenkayak.com\/index.php?rest_route=\/wp\/v2\/pages"}],"about":[{"href":"https:\/\/www.yelkenkayak.com\/index.php?rest_route=\/wp\/v2\/types\/page"}],"author":[{"embeddable":true,"href":"https:\/\/www.yelkenkayak.com\/index.php?rest_route=\/wp\/v2\/users\/1"}],"replies":[{"embeddable":true,"href":"https:\/\/www.yelkenkayak.com\/index.php?rest_route=%2Fwp%2Fv2%2Fcomments&post=72"}],"version-history":[{"count":15,"href":"https:\/\/www.yelkenkayak.com\/index.php?rest_route=\/wp\/v2\/pages\/72\/revisions"}],"predecessor-version":[{"id":3553,"href":"https:\/\/www.yelkenkayak.com\/index.php?rest_route=\/wp\/v2\/pages\/72\/revisions\/3553"}],"wp:attachment":[{"href":"https:\/\/www.yelkenkayak.com\/index.php?rest_route=%2Fwp%2Fv2%2Fmedia&parent=72"}],"curies":[{"name":"wp","href":"https:\/\/api.w.org\/{rel}","templated":true}]}}