{"id":65,"date":"2012-05-25T21:31:16","date_gmt":"2012-05-25T21:31:16","guid":{"rendered":"http:\/\/www.io-marine.com\/?page_id=65"},"modified":"2022-08-21T15:07:16","modified_gmt":"2022-08-21T15:07:16","slug":"ilkel_yolcu_17","status":"publish","type":"page","link":"https:\/\/www.yelkenkayak.com\/?page_id=65","title":{"rendered":"Chesapeake-17"},"content":{"rendered":"<p><strong><span style=\"font-size: 13px; line-height: 19px;\">Boy: 520 cm, En: 61 cm, A\u011f\u0131rl\u0131k: 22 kg, \u00a0Hacim: 175 kg<\/span><\/strong><\/p>\n<p>Uzun mesafeli bir gezi yada \u00fczerine bir s\u00fcr\u00fc donan\u0131m eklemek i\u00e7in sa\u011flam yap\u0131l\u0131 bir kayak istiyorsan\u0131z bu kayak size g\u00f6re. Di\u011fer modellere g\u00f6re yap\u0131m\u0131 daha farkl\u0131 olan bu deniz kaya\u011f\u0131 modeli y\u00fcksek hacimli burun k\u0131sm\u0131 sayesinde sizi dalgalar\u0131n \u00fczerinde tutar. \u00a0D\u00fcz inen k\u0131\u00e7 k\u0131sm\u0131 sa\u011flam bir d\u00fcmen monte etmek i\u00e7in son derece g\u00fc\u00e7l\u00fcd\u00fcr. \u00a0\u00c7ift ki\u015filik modeli mevcuttur. \u00a0\u00c7ift ki\u015filik deniz kaya\u011f\u0131 modeli 650 cm uzunlu\u011funda ve 73 cm enindedir.<\/p>\n<p><a href=\"http:\/\/www.yelkenkayak.com\/wp-content\/uploads\/2014\/08\/27.jpg\"><img loading=\"lazy\" decoding=\"async\" class=\"alignleft size-full wp-image-1567\" src=\"http:\/\/www.yelkenkayak.com\/wp-content\/uploads\/2014\/08\/27.jpg\" alt=\"\" width=\"750\" height=\"500\" srcset=\"https:\/\/www.yelkenkayak.com\/wp-content\/uploads\/2014\/08\/27.jpg 750w, https:\/\/www.yelkenkayak.com\/wp-content\/uploads\/2014\/08\/27-300x200.jpg 300w\" sizes=\"auto, (max-width: 750px) 100vw, 750px\" \/><\/a><\/p>\n<p>&nbsp;<\/p>\n<p>G\u00fcverte k\u0131sm\u0131 g\u00f6vdeye bir k\u00fcpe\u015fte \u00fczerine bindirme tekni\u011fi ile birle\u015ftiriliyor. \u0130\u00e7 tarafta kenarlarda 2 cm lik k\u00fcpe\u015fteler bulunmaktad\u0131r. G\u00fcverte g\u00f6vdeye eposki ile yap\u0131\u015ft\u0131r\u0131lmas\u0131n\u0131n yan\u0131nda, bronz civiler ile de sabitlenmi\u015ftir.<\/p>\n<p><img loading=\"lazy\" decoding=\"async\" class=\"alignleft wp-image-1534\" src=\"http:\/\/www.yelkenkayak.com\/wp-content\/uploads\/2014\/08\/SEAKAYAK17-745x300.jpg\" alt=\"SEAKAYAK17-745x300\" width=\"752\" height=\"303\" srcset=\"https:\/\/www.yelkenkayak.com\/wp-content\/uploads\/2014\/08\/SEAKAYAK17-745x300.jpg 745w, https:\/\/www.yelkenkayak.com\/wp-content\/uploads\/2014\/08\/SEAKAYAK17-745x300-300x120.jpg 300w\" sizes=\"auto, (max-width: 752px) 100vw, 752px\" \/><\/p>\n<p>&nbsp;<\/p>\n<p>Geni\u015f hacimli bir kayakt\u0131r. 17 footluk di\u011fer deniz kaya\u011f\u0131 modeline g\u00f6re &#8216; greenland 17 &#8216; i\u00e7 k\u0131sm\u0131 daha feraht\u0131r. Di\u011fer modellerde de kullan\u0131labilen &#8216;V&#8217; tip yelken , bu modelde de kullan\u0131labiliyor. \u0130sterseniz &#8216; <a href=\"http:\/\/www.yelkenkayak.com\/?page_id=72\"><span style=\"color: #3366ff;\"><strong>Yelken-Rig<\/strong><\/span>&#8216;<\/a> kullanarak deniz kaya\u011f\u0131n\u0131z\u0131 3 m eninde bir <strong><span style=\"color: #3366ff;\"><a href=\"http:\/\/www.yelkenkayak.com\/?page_id=72\" target=\"_blank\">trimarana<\/a><\/span><\/strong> d\u00f6n\u00fc\u015ft\u00fcrebilirsiniz.<\/p>\n<p><a href=\"http:\/\/www.yelkenkayak.com\/wp-content\/uploads\/2014\/08\/TRIMARAN-YELKEN-745x300.jpg\"><img loading=\"lazy\" decoding=\"async\" class=\"alignleft size-full wp-image-1552\" src=\"http:\/\/www.yelkenkayak.com\/wp-content\/uploads\/2014\/08\/TRIMARAN-YELKEN-745x300.jpg\" alt=\"TRIMARAN-YELKEN-745x300\" width=\"745\" height=\"300\" srcset=\"https:\/\/www.yelkenkayak.com\/wp-content\/uploads\/2014\/08\/TRIMARAN-YELKEN-745x300.jpg 745w, https:\/\/www.yelkenkayak.com\/wp-content\/uploads\/2014\/08\/TRIMARAN-YELKEN-745x300-300x120.jpg 300w\" sizes=\"auto, (max-width: 745px) 100vw, 745px\" \/><\/a><\/p>\n<p>&nbsp;<\/p>\n<p>Yeni donan\u0131m eklemeye ve ki\u015fiselle\u015ftirmeye \u00e7ok uygun olan bu deniz kaya\u011f\u0131n\u0131n yap\u0131m\u0131 zaman almas\u0131na kar\u015f\u0131n zor de\u011fildir. \u0130\u00e7 ve d\u0131\u015f k\u0131s\u0131mlar cam elyaf\u0131 kuma\u015f ile kaplanmaktad\u0131r. Yakla\u015f\u0131k 6 kat epoksi \u00fczerine, ah\u015fab\u0131 ve epoksiyi g\u00fcne\u015ften korumak i\u00e7in 3 kat vernik uygulanmaktad\u0131r.<\/p>\n<p><a href=\"http:\/\/www.yelkenkayak.com\/wp-content\/uploads\/2014\/08\/yelkenkayak_rig-745x300.jpg\"><img loading=\"lazy\" decoding=\"async\" class=\"alignleft size-full wp-image-1499\" src=\"http:\/\/www.yelkenkayak.com\/wp-content\/uploads\/2014\/08\/yelkenkayak_rig-745x300.jpg\" alt=\"yelkenkayak_rig-745x300\" width=\"745\" height=\"300\" srcset=\"https:\/\/www.yelkenkayak.com\/wp-content\/uploads\/2014\/08\/yelkenkayak_rig-745x300.jpg 745w, https:\/\/www.yelkenkayak.com\/wp-content\/uploads\/2014\/08\/yelkenkayak_rig-745x300-300x120.jpg 300w\" sizes=\"auto, (max-width: 745px) 100vw, 745px\" \/><\/a><\/p>\n<p>&nbsp;<\/p>\n<p>U\u00e7 k\u0131s\u0131mlarda 15 -20 cm lik dolgular bulunmaktad\u0131r. Bu sayede kaya\u011f\u0131n\u0131z\u0131 dik olarak burun a\u015fa\u011f\u0131 gelecek \u015fekilde dahi muhafaza edebilirsiniz.<\/p>\n<p>&nbsp;<\/p>\n","protected":false},"excerpt":{"rendered":"<p>Boy: 520 cm, En: 61 cm, A\u011f\u0131rl\u0131k: 22 kg, \u00a0Hacim: 175 kg Uzun mesafeli bir gezi yada \u00fczerine bir s\u00fcr\u00fc donan\u0131m eklemek i\u00e7in sa\u011flam yap\u0131l\u0131 bir kayak istiyorsan\u0131z bu kayak size g\u00f6re. Di\u011fer modellere g\u00f6re yap\u0131m\u0131 daha farkl\u0131 olan bu deniz kaya\u011f\u0131 modeli y\u00fcksek hacimli burun k\u0131sm\u0131 sayesinde sizi dalgalar\u0131n \u00fczerinde tutar. \u00a0D\u00fcz inen k\u0131\u00e7 &#8230;<\/p>\n","protected":false},"author":1,"featured_media":0,"parent":5,"menu_order":0,"comment_status":"closed","ping_status":"closed","template":"","meta":{"ngg_post_thumbnail":0,"footnotes":""},"class_list":["post-65","page","type-page","status-publish","hentry"],"_links":{"self":[{"href":"https:\/\/www.yelkenkayak.com\/index.php?rest_route=\/wp\/v2\/pages\/65","targetHints":{"allow":["GET"]}}],"collection":[{"href":"https:\/\/www.yelkenkayak.com\/index.php?rest_route=\/wp\/v2\/pages"}],"about":[{"href":"https:\/\/www.yelkenkayak.com\/index.php?rest_route=\/wp\/v2\/types\/page"}],"author":[{"embeddable":true,"href":"https:\/\/www.yelkenkayak.com\/index.php?rest_route=\/wp\/v2\/users\/1"}],"replies":[{"embeddable":true,"href":"https:\/\/www.yelkenkayak.com\/index.php?rest_route=%2Fwp%2Fv2%2Fcomments&post=65"}],"version-history":[{"count":16,"href":"https:\/\/www.yelkenkayak.com\/index.php?rest_route=\/wp\/v2\/pages\/65\/revisions"}],"predecessor-version":[{"id":3552,"href":"https:\/\/www.yelkenkayak.com\/index.php?rest_route=\/wp\/v2\/pages\/65\/revisions\/3552"}],"up":[{"embeddable":true,"href":"https:\/\/www.yelkenkayak.com\/index.php?rest_route=\/wp\/v2\/pages\/5"}],"wp:attachment":[{"href":"https:\/\/www.yelkenkayak.com\/index.php?rest_route=%2Fwp%2Fv2%2Fmedia&parent=65"}],"curies":[{"name":"wp","href":"https:\/\/api.w.org\/{rel}","templated":true}]}}