{"id":5,"date":"2012-05-23T19:06:19","date_gmt":"2012-05-23T19:06:19","guid":{"rendered":"http:\/\/www.io-marine.com\/?page_id=5"},"modified":"2024-08-20T14:30:46","modified_gmt":"2024-08-20T14:30:46","slug":"ahsap-deniz-kayaklari","status":"publish","type":"page","link":"https:\/\/www.yelkenkayak.com\/?page_id=5","title":{"rendered":"Ah\u015fap Deniz Kayaklar\u0131 Modelleri"},"content":{"rendered":"<div class=\"vc_row wpb_row vc_row-fluid\">\n\t<div class=\"vc_col-sm-12 wpb_column vc_column_container\">\n\t\t<div class=\"wpb_wrapper\">\n\t\t\t\n\t<div class=\"wpb_text_column wpb_content_element \">\n\t\t<div class=\"wpb_wrapper\">\n\t\t\t<p style=\"text-align: justify;\">\u0130malat\u0131n\u0131 yapt\u0131\u011f\u0131m\u0131z deniz kaya\u011f\u0131 modellerini a\u015fa\u011f\u0131da inceleyebilirsiniz.<\/p>\n<p style=\"text-align: justify;\">Bu modellerin haricinde ki\u015fiye \u00f6zel deniz kaya\u011f\u0131 imalat\u0131 da yapmaktay\u0131z. Kullan\u0131c\u0131n\u0131n boyu, kilosu ve v\u00fccut yap\u0131s\u0131na, kullan\u0131m amac\u0131na g\u00f6re ki\u015fiye \u00f6zel olarak \u00e7ok hafif yada \u00e7ok dayan\u0131kl\u0131 bir deniz kaya\u011f\u0131 sipari\u015fi verebilirsiniz.<\/p>\n<p style=\"text-align: justify;\">Kendi kaya\u011f\u0131n\u0131 yapmak isteyenler, deniz kayaklar\u0131n\u0131 kit olarak da sat\u0131n alabilirler.<\/p>\n<p style=\"text-align: justify;\"><strong><span style=\"color: #993300;\">\u0130lkel<\/span><\/strong> Model kayaklar\u0131n planlar\u0131n\u0131 bizden sat\u0131n alabilirsiniz. \u0130nternet sayfam\u0131zdaki di\u011fer kayaklar, orjinal plan\u0131 ile birlikte kullan\u0131ma haz\u0131r yada kit olarak sat\u0131n al\u0131nabilir.<\/p>\n\n\t\t<\/div> \n\t<\/div> \n\t\t<\/div> \n\t<\/div> \n<\/div><div class=\"vc_row wpb_row vc_row-fluid\">\n\t<div class=\"vc_col-sm-4 wpb_column vc_column_container\">\n\t\t<div class=\"wpb_wrapper\">\n\t\t\t\n\t<div class=\"wpb_single_image wpb_content_element wpb_animate_when_almost_visible wpb_appear vc_align_center\">\n\t\t<div class=\"wpb_wrapper\">\n\t\t\t<h2 class=\"wpb_heading wpb_singleimage_heading\">Shearwater Sport<\/h2>\n\t\t\t<a href=\"http:\/\/www.yelkenkayak.com\/?page_id=2306\" target=\"_self\"><img loading=\"lazy\" decoding=\"async\" class=\"vc_box_rounded vc_box_border_mulled_wine \" src=\"https:\/\/www.yelkenkayak.com\/wp-content\/uploads\/2015\/05\/sw-sport-3-300x200.jpg\" width=\"300\" height=\"200\" alt=\"\u0130stanbul sea kayak, sea kayak rent in Istanbul, sea kayak e\u011fitim, deniz kaya\u011f\u0131, adalar deniz kaya\u011f\u0131, deniz kayak kamp,KanoKayak, ah\u015fap deniz kaya\u011f\u0131, deniz kayaklar\u0131, modelleri, kayak modelleri, sea kayak plan, kano plan\u0131, kay\u0131k plan\u0131, kano kiralama, kay\u0131k yapma, kendin yap, kay\u0131k, sandal, kano yap\u0131m\u0131,\" \/><\/a>\n\t\t<\/div> \n\t<\/div> \n\t<div class=\"wpb_text_column wpb_content_element \">\n\t\t<div class=\"wpb_wrapper\">\n\t\t\t<p>64 cm en ve 440 cm boyunda, dengeli, manevra kabiliyeti fazla, y\u00fcksek hacimli bir deniz kaya\u011f\u0131d\u0131r. \u00a0Keyifli h\u0131zl\u0131 bir s\u00fcr\u00fc\u015f\u00fc olan bu \u00e7ok kullan\u0131\u015fl\u0131 kaya\u011f\u0131 denizde ve durgun sularda kullanabilirsiniz. Dalgalar ile s\u00f6rf yapabilece\u011finiz h\u0131zlanmaya sahiptir.\u00a0T\u00fcm kamp e\u015fyas\u0131n\u0131 rahat\u00e7a ta\u015f\u0131yabilece\u011finiz iki adet ambara sahiptir.<\/p>\n\n\t\t<\/div> \n\t<\/div> <a class=\"wpb_button_a\" title=\"Geni\u015f Bilgi\" href=\"http:\/\/www.yelkenkayak.com\/?page_id=2306\"><span class=\"wpb_button  wpb_btn-primary wpb_btn-small wpb_play\">Geni\u015f Bilgi <i class=\"icon\"> <\/i><\/span><\/a>\n\n\t\t<\/div> \n\t<\/div> \n\n\t<div class=\"vc_col-sm-4 wpb_column vc_column_container\">\n\t\t<div class=\"wpb_wrapper\">\n\t\t\t\n\t<div class=\"wpb_single_image wpb_content_element wpb_animate_when_almost_visible wpb_appear vc_align_center\">\n\t\t<div class=\"wpb_wrapper\">\n\t\t\t<h2 class=\"wpb_heading wpb_singleimage_heading\">Shearwater 17<\/h2>\n\t\t\t<a href=\"http:\/\/www.yelkenkayak.com\/?page_id=1033\" target=\"_self\"><img loading=\"lazy\" decoding=\"async\" class=\"vc_box_rounded vc_box_border_grey \" src=\"https:\/\/www.yelkenkayak.com\/wp-content\/uploads\/2012\/05\/sea-kayak-5-300x200.jpg\" width=\"300\" height=\"200\" alt=\"YELKENKAYAK - Ah\u015fap Deniz Kayaklar\u0131.\" \/><\/a>\n\t\t<\/div> \n\t<\/div> \n\t<div class=\"wpb_text_column wpb_content_element  wpb_animate_when_almost_visible wpb_appear\">\n\t\t<div class=\"wpb_wrapper\">\n\t\t\t<p>56 cm en ve 520 cm boyunda, son derece keyifli ve h\u0131zl\u0131 bir s\u00fcr\u00fc\u015f\u00fc olan greenland tarz\u0131 kaya\u011f\u0131 her t\u00fcrl\u00fc hava ko\u015fulunda denizde ve durgun sularda kullanabilirsiniz. \u00a0Kusursuz\u00a0yap\u0131s\u0131 ve d\u00fc\u015f\u00fck hacmi ile yoluna d\u00fcz bir \u015fekilde devam eder. Eskimo Roll u rahatl\u0131kla hatta k\u00fcreksiz yapabilece\u011finiz bir kayakt\u0131r.<\/p>\n\n\t\t<\/div> \n\t<\/div> <a class=\"wpb_button_a\" title=\"Geni\u015f Bilgi\" href=\"http:\/\/www.yelkenkayak.com\/?page_id=1033\"><span class=\"wpb_button  wpb_btn-primary wpb_btn-small wpb_heart\">Geni\u015f Bilgi <i class=\"icon\"> <\/i><\/span><\/a>\n\n\t\t<\/div> \n\t<\/div> \n\n\t<div class=\"vc_col-sm-4 wpb_column vc_column_container\">\n\t\t<div class=\"wpb_wrapper\">\n\t\t\t\n\t<div class=\"wpb_single_image wpb_content_element wpb_animate_when_almost_visible wpb_appear vc_align_center\">\n\t\t<div class=\"wpb_wrapper\">\n\t\t\t<h2 class=\"wpb_heading wpb_singleimage_heading\">Chesapeake 17<\/h2>\n\t\t\t<a href=\"http:\/\/www.yelkenkayak.com\/?page_id=65\" target=\"_self\"><img loading=\"lazy\" decoding=\"async\" class=\"vc_box_rounded vc_box_border_grey \" src=\"https:\/\/www.yelkenkayak.com\/wp-content\/uploads\/2013\/11\/sea-kayak-10-300x200.jpg\" width=\"300\" height=\"200\" alt=\"SEA KAYAKING Bosphorus\" \/><\/a>\n\t\t<\/div> \n\t<\/div> \n\t<div class=\"wpb_text_column wpb_content_element \">\n\t\t<div class=\"wpb_wrapper\">\n\t\t\t<p>61 cm en be 520 cm boyunda, y\u00fcksek hacimli, yan\u0131n\u0131za t\u00fcm kamp e\u015fyan\u0131z\u0131 alarak uzun mesafe gezi yapmak yada \u00fczerine bir s\u00fcr\u00fc donan\u0131m eklemek i\u00e7in sa\u011flam yap\u0131l\u0131 bir kayak istiyorsan\u0131z bu kayak size g\u00f6re. \u00a0Y\u00fcksek hacimli burun yap\u0131s\u0131 sayesinde sizi dalgalar\u0131n \u00fczerinde tutar. \u00c7ift ki\u015filik modeli mevcuttur.<\/p>\n\n\t\t<\/div> \n\t<\/div> <a class=\"wpb_button_a\" title=\"Geni\u015f Bilgi\" href=\"http:\/\/www.yelkenkayak.com\/?page_id=65\"><span class=\"wpb_button  wpb_btn-primary wpb_btn-small wpb_shield\">Geni\u015f Bilgi <i class=\"icon\"> <\/i><\/span><\/a>\n\n\t\t<\/div> \n\t<\/div> \n<\/div><div class=\"vc_row wpb_row vc_row-fluid\">\n\t<div class=\"vc_col-sm-4 wpb_column vc_column_container\">\n\t\t<div class=\"wpb_wrapper\">\n\t\t\t\n\t<div class=\"wpb_single_image wpb_content_element wpb_animate_when_almost_visible wpb_appear vc_align_center\">\n\t\t<div class=\"wpb_wrapper\">\n\t\t\t<h2 class=\"wpb_heading wpb_singleimage_heading\">Wood Duck 12<\/h2>\n\t\t\t<a href=\"http:\/\/www.yelkenkayak.com\/?page_id=74\" target=\"_self\"><img loading=\"lazy\" decoding=\"async\" class=\"vc_box_rounded vc_box_border_grey \" src=\"https:\/\/www.yelkenkayak.com\/wp-content\/uploads\/2014\/11\/YK12-300x200.jpg\" width=\"300\" height=\"200\" alt=\"Deniz Kaya\u011f\u0131 \u0130stanbul\" \/><\/a>\n\t\t<\/div> \n\t<\/div> \n\t<div class=\"wpb_text_column wpb_content_element \">\n\t\t<div class=\"wpb_wrapper\">\n\t\t\t<p>75 cm en ve 360 cm boyunda 18 kg a\u011f\u0131rl\u0131\u011f\u0131nda, k\u0131sa geziler, bal\u0131k tutmak yada fotograf \u00e7ekmek i\u00e7in \u00e7ok uygun bir modeldir. Manevra yetene\u011fi olduk\u00e7a fazla olmas\u0131na ra\u011fmen d\u00fcz gidebilen h\u0131zl\u0131 bir deniz kaya\u011f\u0131d\u0131r. \u00a0\u00dczerinde ayakta k\u00fcrek \u00e7ekebilecek kadar dengelidir. Bir yeti\u015fkin ve bir \u00e7ocu\u011fun birlikte gezebilece\u011fi geni\u015f bir kokpite sahip olan bu kaya\u011f\u0131n \u00e7ift ki\u015filik modeli de bulunmaktad\u0131r.<\/p>\n\n\t\t<\/div> \n\t<\/div> <a class=\"wpb_button_a\" title=\"Geni\u015f Bilgi\" href=\"http:\/\/www.yelkenkayak.com\/?page_id=74\"><span class=\"wpb_button  wpb_btn-primary wpb_btn-small wpb_anchor\">Geni\u015f Bilgi <i class=\"icon\"> <\/i><\/span><\/a>\n\n\t\t<\/div> \n\t<\/div> \n\n\t<div class=\"vc_col-sm-4 wpb_column vc_column_container\">\n\t\t<div class=\"wpb_wrapper\">\n\t\t\t\n\t<div class=\"wpb_single_image wpb_content_element wpb_animate_when_almost_visible wpb_appear vc_align_center\">\n\t\t<div class=\"wpb_wrapper\">\n\t\t\t<h2 class=\"wpb_heading wpb_singleimage_heading\">Trimaran Kayak<\/h2>\n\t\t\t<a href=\"http:\/\/www.yelkenkayak.com\/?page_id=72\" target=\"_self\"><img loading=\"lazy\" decoding=\"async\" class=\"vc_box_rounded vc_box_border_grey \" src=\"https:\/\/www.yelkenkayak.com\/wp-content\/uploads\/2012\/05\/11041274_827404467355600_432721531533785451_o-300x200.jpg\" width=\"300\" height=\"200\" alt=\"KanoKayak, ah\u015fap deniz kaya\u011f\u0131, deniz kayaklar\u0131, modelleri, kayak modelleri, sea kayak plan, kano plan\u0131, kay\u0131k plan\u0131, kano kiralama, kay\u0131k yapma, kendin yap, kay\u0131k, sandal, kano yap\u0131m\u0131,\" \/><\/a>\n\t\t<\/div> \n\t<\/div> \n\t<div class=\"wpb_text_column wpb_content_element \">\n\t\t<div class=\"wpb_wrapper\">\n\t\t\t<p>300 cm en ve 520 boyunda, araban\u0131z\u0131n \u00fczerinde ta\u015f\u0131yabilece\u011finiz, sadece 50 kg a\u011f\u0131rl\u0131\u011f\u0131nda trimaran modeli bir yelkenlidir. Sahilde 15 dakika s\u00fcrecek basit montaj\u0131 ile yelken keyfini ya\u015fayabilirsiniz. 5 m2 yelken donan\u0131m\u0131 bulunmaktad\u0131r. Uygun ko\u015fullarda 10 deniz mili h\u0131z yapabilirsiniz. Yanlarda bulunan \u2018Ama\u2019 lar 3 m boyundad\u0131r ve sadece 7 kg ag\u0131rl\u0131\u011f\u0131ndad\u0131r. Bu donan\u0131m di\u011fer kayaklar ile de kullan\u0131labilir.<\/p>\n\n\t\t<\/div> \n\t<\/div> <a class=\"wpb_button_a\" title=\"Geni\u015f Bilgi\" href=\"http:\/\/www.yelkenkayak.com\/?page_id=72\"><span class=\"wpb_button  wpb_btn-primary wpb_btn-small wpb_hammer\">Geni\u015f Bilgi <i class=\"icon\"> <\/i><\/span><\/a>\n\n\t\t<\/div> \n\t<\/div> \n\n\t<div class=\"vc_col-sm-4 wpb_column vc_column_container\">\n\t\t<div class=\"wpb_wrapper\">\n\t\t\t\n\t<div class=\"wpb_single_image wpb_content_element wpb_animate_when_almost_visible wpb_appear vc_align_center\">\n\t\t<div class=\"wpb_wrapper\">\n\t\t\t<h2 class=\"wpb_heading wpb_singleimage_heading\">S\u00f6rf Kayak \/ Matunuck<\/h2>\n\t\t\t<a href=\"http:\/\/www.yelkenkayak.com\/?page_id=380\" target=\"_self\"><img loading=\"lazy\" decoding=\"async\" class=\"vc_box_rounded vc_box_border_grey \" src=\"https:\/\/www.yelkenkayak.com\/wp-content\/uploads\/2012\/10\/mtnk-300x200.jpg\" width=\"300\" height=\"200\" alt=\"YelkenKayak - Deniz Kayaklar\u0131\" \/><\/a>\n\t\t<\/div> \n\t<\/div> \n\t<div class=\"wpb_text_column wpb_content_element \">\n\t\t<div class=\"wpb_wrapper\">\n\t\t\t<p>Sadece 250 cm boyunda ve 14 kg a\u011f\u0131rl\u0131\u011f\u0131nda t\u00fcm sezon yan\u0131n\u0131zda ta\u015f\u0131yabilece\u011finiz bir deniz kaya\u011f\u0131d\u0131r. Son derece agrasif bir kullan\u0131\u015f\u0131 olan bu kayak dalgalarla oynamak i\u00e7in birebir. \u00a0Dalgalar\u0131 yakalayabilmek i\u00e7in yeterli h\u0131zda, manevra kabiliyeti olduk\u00e7a fazla ve 3 adet fin ile dengeli bir s\u00f6rf kaya\u011f\u0131. Yap\u0131m\u0131 di\u011fer kayaklara g\u00f6re daha kolay olan bu modeli\u00a0 haz\u0131r kit olarak da sat\u0131n alabilirsiniz.<\/p>\n\n\t\t<\/div> \n\t<\/div> <a class=\"wpb_button_a\" title=\"Geni\u015f Bilgi\" href=\"http:\/\/www.yelkenkayak.com\/?page_id=380\"><span class=\"wpb_button  wpb_btn-primary wpb_btn-small wpb_arrow\">Geni\u015f Bilgi <i class=\"icon\"> <\/i><\/span><\/a>\n\n\t\t<\/div> \n\t<\/div> \n<\/div><div class=\"vc_row wpb_row vc_row-fluid\">\n\t<div class=\"vc_col-sm-4 wpb_column vc_column_container\">\n\t\t<div class=\"wpb_wrapper\">\n\t\t\t\n\t<div class=\"wpb_single_image wpb_content_element wpb_animate_when_almost_visible wpb_appear vc_align_center\">\n\t\t<div class=\"wpb_wrapper\">\n\t\t\t<h2 class=\"wpb_heading wpb_singleimage_heading\">KAHALO 12- SUP<\/h2>\n\t\t\t<a href=\"http:\/\/www.yelkenkayak.com\/?page_id=2908\" target=\"_self\"><img loading=\"lazy\" decoding=\"async\" class=\"vc_box_rounded vc_box_border_grey \" src=\"https:\/\/www.yelkenkayak.com\/wp-content\/uploads\/2014\/11\/egzersiz.jpg\" width=\"300\" height=\"200\" alt=\"egzersiz\" \/><\/a>\n\t\t<\/div> \n\t<\/div> \n\t<div class=\"wpb_text_column wpb_content_element \">\n\t\t<div class=\"wpb_wrapper\">\n\t\t\t<p>75 cm en ve 370 cm boyunda, araban\u0131z\u0131n \u00fczerinde ta\u015f\u0131yabilece\u011finiz 18 kg a\u011f\u0131rl\u0131\u011f\u0131nda ayakta k\u00fcrek \u00e7ekmenin keyfini ya\u015fayabilece\u011finiz bir model. \u00dczerinde yat\u0131p g\u00fcne\u015flenebilece\u011finiz, ayakta yada oturarak uzun mesafeler k\u00fcrek \u00e7ekebilece\u011finiz, iki ki\u015fi gezip k\u0131y\u0131da bal\u0131k tutabilece\u011finiz yeni moda olan bu modeli yak\u0131ndan incelemenizi tavsiye ederiz.<\/p>\n\n\t\t<\/div> \n\t<\/div> <a class=\"wpb_button_a\" title=\"Geni\u015f Bilgi\" href=\"http:\/\/www.yelkenkayak.com\/?page_id=2908\"><span class=\"wpb_button  wpb_btn-primary wpb_btn-small wpb_balloon\">Geni\u015f Bilgi <i class=\"icon\"> <\/i><\/span><\/a>\n\n\t\t<\/div> \n\t<\/div> \n\n\t<div class=\"vc_col-sm-4 wpb_column vc_column_container\">\n\t\t<div class=\"wpb_wrapper\">\n\t\t\t\n\t<div class=\"wpb_single_image wpb_content_element wpb_animate_when_almost_visible wpb_appear vc_align_center\">\n\t\t<div class=\"wpb_wrapper\">\n\t\t\t<h2 class=\"wpb_heading wpb_singleimage_heading\">\u0130lkel Yar\u0131\u015f\u00e7\u0131<\/h2>\n\t\t\t<a href=\"http:\/\/www.yelkenkayak.com\/?page_id=2898\" target=\"_self\"><img loading=\"lazy\" decoding=\"async\" class=\"vc_box_rounded vc_box_border_grey \" src=\"https:\/\/www.yelkenkayak.com\/wp-content\/uploads\/2012\/05\/PAX-201-300x200.jpg\" width=\"300\" height=\"200\" alt=\"KanoKayak, ah\u015fap deniz kaya\u011f\u0131, deniz kayaklar\u0131, modelleri, kayak modelleri, sea kayak plan, kano plan\u0131, kay\u0131k plan\u0131, kano kiralama, kay\u0131k yapma, kendin yap, kay\u0131k, sandal, kano yap\u0131m\u0131,\" \/><\/a>\n\t\t<\/div> \n\t<\/div> \n\t<div class=\"wpb_text_column wpb_content_element \">\n\t\t<div class=\"wpb_wrapper\">\n\t\t\t<p>48 cm en ve 600 cm boyunda, araban\u0131z\u0131n \u00fczerinde ta\u015f\u0131yabilece\u011finiz bir h\u0131z kaya\u011f\u0131d\u0131r. Sadece 18kg a\u011f\u0131rl\u0131\u011f\u0131nda olan bu kayak ile uzun mesafeleri k\u0131sa zamanda katedebilirsiniz. 48 cm enine ra\u011fmen son derece dengeli bir kayakt\u0131r. \u0130ki adet su ge\u00e7irmez ambar\u0131 bulunmaktad\u0131r. Spor ama\u00e7l\u0131 k\u00fcrek \u00e7ekiyorsan\u0131z bu tam arad\u0131\u011f\u0131n\u0131z kayak modelidir.<\/p>\n\n\t\t<\/div> \n\t<\/div> <a class=\"wpb_button_a\" title=\"Geni\u015f Bilgi\" href=\"http:\/\/www.yelkenkayak.com\/?page_id=2898\"><span class=\"wpb_button  wpb_btn-primary wpb_btn-small wpb_fire\">Geni\u015f Bilgi <i class=\"icon\"> <\/i><\/span><\/a>\n\n\t\t<\/div> \n\t<\/div> \n\n\t<div class=\"vc_col-sm-4 wpb_column vc_column_container\">\n\t\t<div class=\"wpb_wrapper\">\n\t\t\t\n\t<div class=\"wpb_single_image wpb_content_element wpb_animate_when_almost_visible wpb_appear vc_align_center\">\n\t\t<div class=\"wpb_wrapper\">\n\t\t\t<h2 class=\"wpb_heading wpb_singleimage_heading\">\u0130lkel Bal\u0131k\u00e7\u0131<\/h2>\n\t\t\t<a href=\"http:\/\/www.yelkenkayak.com\/?page_id=78\" target=\"_self\"><img loading=\"lazy\" decoding=\"async\" class=\"vc_box_rounded vc_box_border_grey \" src=\"https:\/\/www.yelkenkayak.com\/wp-content\/uploads\/2012\/05\/mc1-300x200.jpg\" width=\"300\" height=\"200\" alt=\"\u0130stanbul sea kayak, sea kayak rent in Istanbul, sea kayak e\u011fitim, deniz kaya\u011f\u0131, adalar deniz kaya\u011f\u0131, deniz kayak kamp,\" \/><\/a>\n\t\t<\/div> \n\t<\/div> \n\t<div class=\"wpb_text_column wpb_content_element \">\n\t\t<div class=\"wpb_wrapper\">\n\t\t\t<p>73 cm en ve 395 cm boyunda, k\u0131sa geziler, bal\u0131k tutmak yada fotograf \u00e7ekmek i\u00e7in \u00e7ok uygun bir modeldir. \u00dczerinde ayakta k\u00fcrek \u00e7ekebilecek kadar dengelidir. Bir yeti\u015fkin ve bir \u00e7ocu\u011fun birlikte gezebilece\u011fi geni\u015f bir kokpiti bulunmakta. G\u00f6lde yada dalyanlarda ku\u015f fotograf\u0131 \u00e7ekimi yapmak i\u00e7in en uygun bir modeldir. Yelken monte edilebilir.<\/p>\n\n\t\t<\/div> \n\t<\/div> <a class=\"wpb_button_a\" title=\"Geni\u015f Bilgi\" href=\"http:\/\/www.yelkenkayak.com\/?page_id=78\"><span class=\"wpb_button  wpb_btn-primary wpb_btn-small wpb_document_music\">Geni\u015f Bilgi <i class=\"icon\"> <\/i><\/span><\/a>\n\n\t\t<\/div> \n\t<\/div> \n<\/div><div class=\"vc_row wpb_row vc_row-fluid\">\n\t<div class=\"vc_col-sm-4 wpb_column vc_column_container\">\n\t\t<div class=\"wpb_wrapper\">\n\t\t\t\n\t<div class=\"wpb_single_image wpb_content_element wpb_animate_when_almost_visible wpb_appear vc_align_center\">\n\t\t<div class=\"wpb_wrapper\">\n\t\t\t<h2 class=\"wpb_heading wpb_singleimage_heading\">\u0130lkel Gezgin<\/h2>\n\t\t\t<a href=\"http:\/\/www.yelkenkayak.com\/?page_id=3094\" target=\"_self\"><img loading=\"lazy\" decoding=\"async\" class=\"vc_box_rounded vc_box_border_grey \" src=\"https:\/\/www.yelkenkayak.com\/wp-content\/uploads\/2012\/05\/ILKEL-GEZGIN-5A.jpg\" width=\"300\" height=\"200\" alt=\"kano okuluKanoKayak, ah\u015fap deniz kaya\u011f\u0131, deniz kayaklar\u0131, modelleri, kayak modelleri, sea kayak plan, kano plan\u0131, kay\u0131k plan\u0131, kano kiralama, kay\u0131k yapma, kendin yap, kay\u0131k, sandal, kano yap\u0131m\u0131,\" \/><\/a>\n\t\t<\/div> \n\t<\/div> \n\t<div class=\"wpb_text_column wpb_content_element \">\n\t\t<div class=\"wpb_wrapper\">\n\t\t\t<p>57 cm eninde,\u00a0445 cm boyunda ve sadece 17 kg a\u011f\u0131rl\u0131\u011f\u0131ndaki bu kayak modeli , 105 kg ta\u015f\u0131ma kapasitesine sahiptir.<\/p>\n<p>Hafifli\u011fi ile rahat\u00e7a araban\u0131z \u00fczerinde ta\u015f\u0131yabilirsiniz. Bu kaya\u011f\u0131n plan\u0131n\u0131 sat\u0131n al\u0131p kendiniz de yapabilirsiniz. \u00a0\u00c7abuk h\u0131zlanan bu kayak ile dalgalarla oynayabilir, k\u0131y\u0131 \u015feridini ke\u015ffe \u00e7\u0131kabilirsiniz.<\/p>\n\n\t\t<\/div> \n\t<\/div> <a class=\"wpb_button_a\" title=\"Geni\u015f Bilgi\" href=\"http:\/\/www.yelkenkayak.com\/?page_id=3094\"><span class=\"wpb_button  wpb_btn-primary wpb_btn-small wpb_heart\">Geni\u015f Bilgi <i class=\"icon\"> <\/i><\/span><\/a>\n\n\t\t<\/div> \n\t<\/div> \n\n\t<div class=\"vc_col-sm-4 wpb_column vc_column_container\">\n\t\t<div class=\"wpb_wrapper\">\n\t\t\t\n\t<div class=\"wpb_single_image wpb_content_element wpb_animate_when_almost_visible wpb_appear vc_align_center\">\n\t\t<div class=\"wpb_wrapper\">\n\t\t\t<h2 class=\"wpb_heading wpb_singleimage_heading\">\u0130lkel Gezgin Mini<\/h2>\n\t\t\t<a href=\"http:\/\/www.yelkenkayak.com\/?page_id=3328\" target=\"_self\"><img loading=\"lazy\" decoding=\"async\" class=\"vc_box_rounded vc_box_border_grey \" src=\"https:\/\/www.yelkenkayak.com\/wp-content\/uploads\/2012\/05\/ILKEL-MINI-300.jpg\" width=\"300\" height=\"200\" alt=\"KanoKayak, ah\u015fap deniz kaya\u011f\u0131, deniz kayaklar\u0131, modelleri, kayak modelleri, sea kayak plan, kano plan\u0131, kay\u0131k plan\u0131, kano kiralama, kay\u0131k yapma, kendin yap, kay\u0131k, sandal, kano yap\u0131m\u0131,\" \/><\/a>\n\t\t<\/div> \n\t<\/div> \n\t<div class=\"wpb_text_column wpb_content_element \">\n\t\t<div class=\"wpb_wrapper\">\n\t\t\t<p>190 cm boyunda ve 21 cm eninde, Ah\u015fap deniz kaya\u011f\u0131 yapmak isteyen ama yeri ve zaman\u0131 olmayan merakl\u0131lar i\u00e7in haz\u0131rlad\u0131\u011f\u0131m\u0131z bu modeli kit olarak alarak evinizin balkonunda yada bir odas\u0131nda yapabilirsiniz.\u00a0Evinizin yada ofisinizin ba\u015f k\u00f6\u015fesinde sergileyebilece\u011finiz bu maket modeli haz\u0131r olarak da sat\u0131n alabilirsiniz.<\/p>\n\n\t\t<\/div> \n\t<\/div> <a class=\"wpb_button_a\" title=\"Geni\u015f Bilgi\" href=\"http:\/\/www.yelkenkayak.com\/?page_id=3328\"><span class=\"wpb_button  wpb_btn-primary wpb_btn-small wpb_document_music\">Geni\u015f Bilgi <i class=\"icon\"> <\/i><\/span><\/a>\n\n\t<div class=\"wpb_text_column wpb_content_element \">\n\t\t<div class=\"wpb_wrapper\">\n\t\t\t\n\t\t<\/div> \n\t<\/div> \n\t\t<\/div> \n\t<\/div> \n\n\t<div class=\"vc_col-sm-4 wpb_column vc_column_container\">\n\t\t<div class=\"wpb_wrapper\">\n\t\t\t\n\t<div class=\"wpb_single_image wpb_content_element wpb_animate_when_almost_visible wpb_appear vc_align_center\">\n\t\t<div class=\"wpb_wrapper\">\n\t\t\t<h2 class=\"wpb_heading wpb_singleimage_heading\">\u00c7ift Ki\u015filik Kano<\/h2>\n\t\t\t<a href=\"http:\/\/www.yelkenkayak.com\/?page_id=3373\" target=\"_self\"><img loading=\"lazy\" decoding=\"async\" class=\"vc_box_rounded vc_box_border_grey \" src=\"https:\/\/www.yelkenkayak.com\/wp-content\/uploads\/2012\/05\/KANO300.jpg\" width=\"300\" height=\"200\" alt=\"KanoKayak, ah\u015fap deniz kaya\u011f\u0131, deniz kayaklar\u0131, modelleri, kayak modelleri, sea kayak plan, kano plan\u0131, kay\u0131k plan\u0131, kano kiralama, kay\u0131k yapma, kendin yap, kay\u0131k, sandal, kano yap\u0131m\u0131,\" \/><\/a>\n\t\t<\/div> \n\t<\/div> \n\t<div class=\"wpb_text_column wpb_content_element \">\n\t\t<div class=\"wpb_wrapper\">\n\t\t\t<p>470 cm boy , 100 cm en ve 32 kg a\u011f\u0131rl\u0131\u011f\u0131nda. Sahili ke\u015ffedebilece\u011finiz, denizde ve g\u00f6llerde kullanabilece\u011finiz g\u00f6z al\u0131c\u0131 bir kano. G\u00f6l ve dalyanlarda bal\u0131k tutmakve ku\u015f fotograf\u0131 \u00e7ekmek i\u00e7in ideal..<\/p>\n\n\t\t<\/div> \n\t<\/div> <a class=\"wpb_button_a\" title=\"Geni\u015f Bilgi\" href=\"http:\/\/www.yelkenkayak.com\/?page_id=3373\"><span class=\"wpb_button  wpb_btn-primary wpb_btn-small wpb_document_music\">Geni\u015f Bilgi <i class=\"icon\"> <\/i><\/span><\/a>\n\n\t<div class=\"wpb_text_column wpb_content_element \">\n\t\t<div class=\"wpb_wrapper\">\n\t\t\t\n\t\t<\/div> \n\t<\/div> \n\t\t<\/div> \n\t<\/div> \n<\/div>\n[\/vc_column_text]<a class=\"wpb_button_a\" title=\"Geni\u015f Bilgi\" href=\"http:\/\/www.yelkenkayak.com\/?page_id=3486\"><span class=\"wpb_button  wpb_btn-primary wpb_btn-small wpb_play\">Geni\u015f Bilgi <i class=\"icon\"> <\/i><\/span><\/a>\n[\/vc_column]\n\t<div class=\"vc_col-sm-4 wpb_column vc_column_container\">\n\t\t<div class=\"wpb_wrapper\">\n\t\t\t\n\t\t<\/div> \n\t<\/div> \n\n\t<div class=\"wpb_single_image wpb_content_element wpb_animate_when_almost_visible wpb_appear vc_align_center\">\n\t\t<div class=\"wpb_wrapper\">\n\t\t\t<h2 class=\"wpb_heading wpb_singleimage_heading\">Shearwater 17<\/h2>\n\t\t\t<a href=\"http:\/\/www.yelkenkayak.com\/?page_id=3486\" target=\"_self\"><img loading=\"lazy\" decoding=\"async\" class=\"vc_box_rounded vc_box_border_grey \" src=\"https:\/\/www.yelkenkayak.com\/wp-content\/uploads\/2012\/05\/sea-kayak-5-300x200.jpg\" width=\"300\" height=\"200\" alt=\"YELKENKAYAK - Ah\u015fap Deniz Kayaklar\u0131.\" \/><\/a>\n\t\t<\/div> \n\t<\/div> \n\t<div class=\"wpb_text_column wpb_content_element  wpb_animate_when_almost_visible wpb_appear\">\n\t\t<div class=\"wpb_wrapper\">\n\t\t\t\n\t\t<\/div> \n\t<\/div> \n<p style=\"text-align: center;\">[wysija_form id=&#8221;2&#8243;]\n","protected":false},"excerpt":{"rendered":"<p>[\/vc_column_text][\/vc_column] [wysija_form id=&#8221;2&#8243;]<\/p>\n","protected":false},"author":1,"featured_media":0,"parent":0,"menu_order":0,"comment_status":"closed","ping_status":"closed","template":"","meta":{"ngg_post_thumbnail":0,"footnotes":""},"class_list":["post-5","page","type-page","status-publish","hentry"],"_links":{"self":[{"href":"https:\/\/www.yelkenkayak.com\/index.php?rest_route=\/wp\/v2\/pages\/5","targetHints":{"allow":["GET"]}}],"collection":[{"href":"https:\/\/www.yelkenkayak.com\/index.php?rest_route=\/wp\/v2\/pages"}],"about":[{"href":"https:\/\/www.yelkenkayak.com\/index.php?rest_route=\/wp\/v2\/types\/page"}],"author":[{"embeddable":true,"href":"https:\/\/www.yelkenkayak.com\/index.php?rest_route=\/wp\/v2\/users\/1"}],"replies":[{"embeddable":true,"href":"https:\/\/www.yelkenkayak.com\/index.php?rest_route=%2Fwp%2Fv2%2Fcomments&post=5"}],"version-history":[{"count":77,"href":"https:\/\/www.yelkenkayak.com\/index.php?rest_route=\/wp\/v2\/pages\/5\/revisions"}],"predecessor-version":[{"id":3577,"href":"https:\/\/www.yelkenkayak.com\/index.php?rest_route=\/wp\/v2\/pages\/5\/revisions\/3577"}],"wp:attachment":[{"href":"https:\/\/www.yelkenkayak.com\/index.php?rest_route=%2Fwp%2Fv2%2Fmedia&parent=5"}],"curies":[{"name":"wp","href":"https:\/\/api.w.org\/{rel}","templated":true}]}}