{"id":3486,"date":"2018-05-28T22:28:15","date_gmt":"2018-05-28T22:28:15","guid":{"rendered":"http:\/\/www.yelkenkayak.com\/?page_id=3486"},"modified":"2022-08-21T15:05:54","modified_gmt":"2022-08-21T15:05:54","slug":"cocuk-kanosu","status":"publish","type":"page","link":"https:\/\/www.yelkenkayak.com\/?page_id=3486","title":{"rendered":"\u00c7ocuk Kanosu"},"content":{"rendered":"<p>Minik sporcular i\u00e7in yapt\u0131\u011f\u0131m\u0131z <strong>Minik Kano<\/strong> 180 cm boy, 32 cm eninde 20 kg ta\u015f\u0131ma kapasiteli<\/p>\n<p><img loading=\"lazy\" decoding=\"async\" class=\"alignleft size-large wp-image-3493\" src=\"http:\/\/www.yelkenkayak.com\/wp-content\/uploads\/2018\/05\/IMG_3934-copy-800x450.jpg\" alt=\"\" width=\"800\" height=\"450\" srcset=\"https:\/\/www.yelkenkayak.com\/wp-content\/uploads\/2018\/05\/IMG_3934-copy-800x450.jpg 800w, https:\/\/www.yelkenkayak.com\/wp-content\/uploads\/2018\/05\/IMG_3934-copy-300x169.jpg 300w, https:\/\/www.yelkenkayak.com\/wp-content\/uploads\/2018\/05\/IMG_3934-copy-768x432.jpg 768w, https:\/\/www.yelkenkayak.com\/wp-content\/uploads\/2018\/05\/IMG_3934-copy-600x338.jpg 600w, https:\/\/www.yelkenkayak.com\/wp-content\/uploads\/2018\/05\/IMG_3934-copy-330x186.jpg 330w, https:\/\/www.yelkenkayak.com\/wp-content\/uploads\/2018\/05\/IMG_3934-copy.jpg 1920w\" sizes=\"auto, (max-width: 800px) 100vw, 800px\" \/> <img loading=\"lazy\" decoding=\"async\" class=\"alignleft size-large wp-image-3492\" src=\"http:\/\/www.yelkenkayak.com\/wp-content\/uploads\/2018\/05\/IMG_3873-copy-800x450.jpg\" alt=\"\" width=\"800\" height=\"450\" srcset=\"https:\/\/www.yelkenkayak.com\/wp-content\/uploads\/2018\/05\/IMG_3873-copy-800x450.jpg 800w, https:\/\/www.yelkenkayak.com\/wp-content\/uploads\/2018\/05\/IMG_3873-copy-300x169.jpg 300w, https:\/\/www.yelkenkayak.com\/wp-content\/uploads\/2018\/05\/IMG_3873-copy-768x432.jpg 768w, https:\/\/www.yelkenkayak.com\/wp-content\/uploads\/2018\/05\/IMG_3873-copy-600x338.jpg 600w, https:\/\/www.yelkenkayak.com\/wp-content\/uploads\/2018\/05\/IMG_3873-copy-330x186.jpg 330w, https:\/\/www.yelkenkayak.com\/wp-content\/uploads\/2018\/05\/IMG_3873-copy.jpg 1920w\" sizes=\"auto, (max-width: 800px) 100vw, 800px\" \/> <img loading=\"lazy\" decoding=\"async\" class=\"alignleft size-large wp-image-3490\" src=\"http:\/\/www.yelkenkayak.com\/wp-content\/uploads\/2018\/05\/IMG_3999-copy-800x450.jpg\" alt=\"\" width=\"800\" height=\"450\" srcset=\"https:\/\/www.yelkenkayak.com\/wp-content\/uploads\/2018\/05\/IMG_3999-copy-800x450.jpg 800w, https:\/\/www.yelkenkayak.com\/wp-content\/uploads\/2018\/05\/IMG_3999-copy-300x169.jpg 300w, https:\/\/www.yelkenkayak.com\/wp-content\/uploads\/2018\/05\/IMG_3999-copy-768x432.jpg 768w, https:\/\/www.yelkenkayak.com\/wp-content\/uploads\/2018\/05\/IMG_3999-copy-600x337.jpg 600w, https:\/\/www.yelkenkayak.com\/wp-content\/uploads\/2018\/05\/IMG_3999-copy-330x186.jpg 330w\" sizes=\"auto, (max-width: 800px) 100vw, 800px\" \/> <img loading=\"lazy\" decoding=\"async\" class=\"alignleft size-large wp-image-3489\" src=\"http:\/\/www.yelkenkayak.com\/wp-content\/uploads\/2018\/05\/DJI_0103-copy-800x470.jpg\" alt=\"\" width=\"800\" height=\"470\" srcset=\"https:\/\/www.yelkenkayak.com\/wp-content\/uploads\/2018\/05\/DJI_0103-copy-800x470.jpg 800w, https:\/\/www.yelkenkayak.com\/wp-content\/uploads\/2018\/05\/DJI_0103-copy-300x176.jpg 300w, https:\/\/www.yelkenkayak.com\/wp-content\/uploads\/2018\/05\/DJI_0103-copy-768x451.jpg 768w, https:\/\/www.yelkenkayak.com\/wp-content\/uploads\/2018\/05\/DJI_0103-copy-600x352.jpg 600w, https:\/\/www.yelkenkayak.com\/wp-content\/uploads\/2018\/05\/DJI_0103-copy-460x270.jpg 460w, https:\/\/www.yelkenkayak.com\/wp-content\/uploads\/2018\/05\/DJI_0103-copy-330x194.jpg 330w, https:\/\/www.yelkenkayak.com\/wp-content\/uploads\/2018\/05\/DJI_0103-copy.jpg 1709w\" sizes=\"auto, (max-width: 800px) 100vw, 800px\" \/><\/p>\n<p><img loading=\"lazy\" decoding=\"async\" class=\"alignleft size-large wp-image-3488\" src=\"http:\/\/www.yelkenkayak.com\/wp-content\/uploads\/2018\/05\/IMG_3894-copy-800x433.jpg\" alt=\"\" width=\"800\" height=\"433\" srcset=\"https:\/\/www.yelkenkayak.com\/wp-content\/uploads\/2018\/05\/IMG_3894-copy-800x433.jpg 800w, https:\/\/www.yelkenkayak.com\/wp-content\/uploads\/2018\/05\/IMG_3894-copy-300x162.jpg 300w, https:\/\/www.yelkenkayak.com\/wp-content\/uploads\/2018\/05\/IMG_3894-copy-768x415.jpg 768w, https:\/\/www.yelkenkayak.com\/wp-content\/uploads\/2018\/05\/IMG_3894-copy-600x324.jpg 600w, https:\/\/www.yelkenkayak.com\/wp-content\/uploads\/2018\/05\/IMG_3894-copy-330x178.jpg 330w, https:\/\/www.yelkenkayak.com\/wp-content\/uploads\/2018\/05\/IMG_3894-copy.jpg 1920w\" sizes=\"auto, (max-width: 800px) 100vw, 800px\" \/><img loading=\"lazy\" decoding=\"async\" class=\"alignleft size-large wp-image-3495\" src=\"http:\/\/www.yelkenkayak.com\/wp-content\/uploads\/2018\/05\/IMG_3927-copy-800x450.jpg\" alt=\"\" width=\"800\" height=\"450\" srcset=\"https:\/\/www.yelkenkayak.com\/wp-content\/uploads\/2018\/05\/IMG_3927-copy-800x450.jpg 800w, https:\/\/www.yelkenkayak.com\/wp-content\/uploads\/2018\/05\/IMG_3927-copy-300x169.jpg 300w, https:\/\/www.yelkenkayak.com\/wp-content\/uploads\/2018\/05\/IMG_3927-copy-768x432.jpg 768w, https:\/\/www.yelkenkayak.com\/wp-content\/uploads\/2018\/05\/IMG_3927-copy-600x338.jpg 600w, https:\/\/www.yelkenkayak.com\/wp-content\/uploads\/2018\/05\/IMG_3927-copy-330x186.jpg 330w, https:\/\/www.yelkenkayak.com\/wp-content\/uploads\/2018\/05\/IMG_3927-copy.jpg 1920w\" sizes=\"auto, (max-width: 800px) 100vw, 800px\" \/><\/p>\n<p><img loading=\"lazy\" decoding=\"async\" class=\"alignleft size-large wp-image-3498\" src=\"http:\/\/www.yelkenkayak.com\/wp-content\/uploads\/2018\/05\/IMG_3926-copy-800x450.jpg\" alt=\"\" width=\"800\" height=\"450\" srcset=\"https:\/\/www.yelkenkayak.com\/wp-content\/uploads\/2018\/05\/IMG_3926-copy-800x450.jpg 800w, https:\/\/www.yelkenkayak.com\/wp-content\/uploads\/2018\/05\/IMG_3926-copy-300x169.jpg 300w, https:\/\/www.yelkenkayak.com\/wp-content\/uploads\/2018\/05\/IMG_3926-copy-768x432.jpg 768w, https:\/\/www.yelkenkayak.com\/wp-content\/uploads\/2018\/05\/IMG_3926-copy-600x337.jpg 600w, https:\/\/www.yelkenkayak.com\/wp-content\/uploads\/2018\/05\/IMG_3926-copy-330x186.jpg 330w\" sizes=\"auto, (max-width: 800px) 100vw, 800px\" \/><\/p>\n","protected":false},"excerpt":{"rendered":"<p>Minik sporcular i\u00e7in yapt\u0131\u011f\u0131m\u0131z Minik Kano 180 cm boy, 32 cm eninde 20 kg ta\u015f\u0131ma kapasiteli<\/p>\n","protected":false},"author":1,"featured_media":0,"parent":5,"menu_order":0,"comment_status":"closed","ping_status":"closed","template":"","meta":{"ngg_post_thumbnail":0,"footnotes":""},"class_list":["post-3486","page","type-page","status-publish","hentry"],"_links":{"self":[{"href":"https:\/\/www.yelkenkayak.com\/index.php?rest_route=\/wp\/v2\/pages\/3486","targetHints":{"allow":["GET"]}}],"collection":[{"href":"https:\/\/www.yelkenkayak.com\/index.php?rest_route=\/wp\/v2\/pages"}],"about":[{"href":"https:\/\/www.yelkenkayak.com\/index.php?rest_route=\/wp\/v2\/types\/page"}],"author":[{"embeddable":true,"href":"https:\/\/www.yelkenkayak.com\/index.php?rest_route=\/wp\/v2\/users\/1"}],"replies":[{"embeddable":true,"href":"https:\/\/www.yelkenkayak.com\/index.php?rest_route=%2Fwp%2Fv2%2Fcomments&post=3486"}],"version-history":[{"count":2,"href":"https:\/\/www.yelkenkayak.com\/index.php?rest_route=\/wp\/v2\/pages\/3486\/revisions"}],"predecessor-version":[{"id":3548,"href":"https:\/\/www.yelkenkayak.com\/index.php?rest_route=\/wp\/v2\/pages\/3486\/revisions\/3548"}],"up":[{"embeddable":true,"href":"https:\/\/www.yelkenkayak.com\/index.php?rest_route=\/wp\/v2\/pages\/5"}],"wp:attachment":[{"href":"https:\/\/www.yelkenkayak.com\/index.php?rest_route=%2Fwp%2Fv2%2Fmedia&parent=3486"}],"curies":[{"name":"wp","href":"https:\/\/api.w.org\/{rel}","templated":true}]}}