{"id":3373,"date":"2016-05-31T09:21:11","date_gmt":"2016-05-31T09:21:11","guid":{"rendered":"http:\/\/www.yelkenkayak.com\/?page_id=3373"},"modified":"2022-08-21T15:06:17","modified_gmt":"2022-08-21T15:06:17","slug":"cift-kisilik-kano","status":"publish","type":"page","link":"https:\/\/www.yelkenkayak.com\/?page_id=3373","title":{"rendered":"\u00c7\u0130FT K\u0130\u015e\u0130L\u0130K KANO"},"content":{"rendered":"<p><img loading=\"lazy\" decoding=\"async\" class=\"size-large wp-image-3381\" src=\"http:\/\/www.yelkenkayak.com\/wp-content\/uploads\/2016\/05\/2016_05_28_9999_31-800x502.jpg\" alt=\"KANO \u00e7ift ki\u015filk\" width=\"800\" height=\"502\" srcset=\"https:\/\/www.yelkenkayak.com\/wp-content\/uploads\/2016\/05\/2016_05_28_9999_31-800x502.jpg 800w, https:\/\/www.yelkenkayak.com\/wp-content\/uploads\/2016\/05\/2016_05_28_9999_31-300x188.jpg 300w, https:\/\/www.yelkenkayak.com\/wp-content\/uploads\/2016\/05\/2016_05_28_9999_31-768x482.jpg 768w, https:\/\/www.yelkenkayak.com\/wp-content\/uploads\/2016\/05\/2016_05_28_9999_31-600x377.jpg 600w, https:\/\/www.yelkenkayak.com\/wp-content\/uploads\/2016\/05\/2016_05_28_9999_31-315x198.jpg 315w, https:\/\/www.yelkenkayak.com\/wp-content\/uploads\/2016\/05\/2016_05_28_9999_31.jpg 1333w\" sizes=\"auto, (max-width: 800px) 100vw, 800px\" \/><\/p>\n<p>&nbsp;<\/p>\n<p><strong>470 cm boyunda , 100 cm eninde, 32 kg a\u011firl\u0131k , hacim 225 kg<\/strong><\/p>\n<p>&nbsp;<\/p>\n<p>Son derece hafif araba \u00fczerinde ta\u015f\u0131yabilece\u011finiz, iki ki\u015finin sahilde rahatl\u0131kla ta\u015f\u0131yabilece\u011fi bu \u00e7ift ki\u015filik kano \u00f6zel sipari\u015f olarak yap\u0131lmaktad\u0131r.<\/p>\n<p>&nbsp;<\/p>\n<p><img loading=\"lazy\" decoding=\"async\" class=\"alignleft size-large wp-image-3399\" src=\"http:\/\/www.yelkenkayak.com\/wp-content\/uploads\/2016\/05\/canoe-800x316.jpg\" alt=\"canoe\" width=\"800\" height=\"316\" srcset=\"https:\/\/www.yelkenkayak.com\/wp-content\/uploads\/2016\/05\/canoe-800x316.jpg 800w, https:\/\/www.yelkenkayak.com\/wp-content\/uploads\/2016\/05\/canoe-300x118.jpg 300w, https:\/\/www.yelkenkayak.com\/wp-content\/uploads\/2016\/05\/canoe-768x303.jpg 768w, https:\/\/www.yelkenkayak.com\/wp-content\/uploads\/2016\/05\/canoe-600x237.jpg 600w, https:\/\/www.yelkenkayak.com\/wp-content\/uploads\/2016\/05\/canoe-330x130.jpg 330w, https:\/\/www.yelkenkayak.com\/wp-content\/uploads\/2016\/05\/canoe.jpg 1920w\" sizes=\"auto, (max-width: 800px) 100vw, 800px\" \/> <img loading=\"lazy\" decoding=\"async\" class=\"alignleft size-large wp-image-3398\" src=\"http:\/\/www.yelkenkayak.com\/wp-content\/uploads\/2016\/05\/2016_05_28_9999_223-800x516.jpg\" alt=\"2016_05_28_9999_223\" width=\"800\" height=\"516\" srcset=\"https:\/\/www.yelkenkayak.com\/wp-content\/uploads\/2016\/05\/2016_05_28_9999_223-800x516.jpg 800w, https:\/\/www.yelkenkayak.com\/wp-content\/uploads\/2016\/05\/2016_05_28_9999_223-300x194.jpg 300w, https:\/\/www.yelkenkayak.com\/wp-content\/uploads\/2016\/05\/2016_05_28_9999_223-768x496.jpg 768w, https:\/\/www.yelkenkayak.com\/wp-content\/uploads\/2016\/05\/2016_05_28_9999_223-600x387.jpg 600w, https:\/\/www.yelkenkayak.com\/wp-content\/uploads\/2016\/05\/2016_05_28_9999_223-307x198.jpg 307w, https:\/\/www.yelkenkayak.com\/wp-content\/uploads\/2016\/05\/2016_05_28_9999_223.jpg 1233w\" sizes=\"auto, (max-width: 800px) 100vw, 800px\" \/> <img loading=\"lazy\" decoding=\"async\" class=\"alignleft size-large wp-image-3397\" src=\"http:\/\/www.yelkenkayak.com\/wp-content\/uploads\/2016\/05\/2016_05_28_9999_221-800x464.jpg\" alt=\"2016_05_28_9999_221\" width=\"800\" height=\"464\" srcset=\"https:\/\/www.yelkenkayak.com\/wp-content\/uploads\/2016\/05\/2016_05_28_9999_221-800x464.jpg 800w, https:\/\/www.yelkenkayak.com\/wp-content\/uploads\/2016\/05\/2016_05_28_9999_221-300x174.jpg 300w, https:\/\/www.yelkenkayak.com\/wp-content\/uploads\/2016\/05\/2016_05_28_9999_221-768x445.jpg 768w, https:\/\/www.yelkenkayak.com\/wp-content\/uploads\/2016\/05\/2016_05_28_9999_221-600x348.jpg 600w, https:\/\/www.yelkenkayak.com\/wp-content\/uploads\/2016\/05\/2016_05_28_9999_221-330x191.jpg 330w, https:\/\/www.yelkenkayak.com\/wp-content\/uploads\/2016\/05\/2016_05_28_9999_221.jpg 1233w\" sizes=\"auto, (max-width: 800px) 100vw, 800px\" \/> <img loading=\"lazy\" decoding=\"async\" class=\"alignleft size-large wp-image-3396\" src=\"http:\/\/www.yelkenkayak.com\/wp-content\/uploads\/2016\/05\/2016_05_28_9999_196-800x461.jpg\" alt=\"2016_05_28_9999_196\" width=\"800\" height=\"461\" srcset=\"https:\/\/www.yelkenkayak.com\/wp-content\/uploads\/2016\/05\/2016_05_28_9999_196-800x461.jpg 800w, https:\/\/www.yelkenkayak.com\/wp-content\/uploads\/2016\/05\/2016_05_28_9999_196-300x173.jpg 300w, https:\/\/www.yelkenkayak.com\/wp-content\/uploads\/2016\/05\/2016_05_28_9999_196-768x443.jpg 768w, https:\/\/www.yelkenkayak.com\/wp-content\/uploads\/2016\/05\/2016_05_28_9999_196-600x346.jpg 600w, https:\/\/www.yelkenkayak.com\/wp-content\/uploads\/2016\/05\/2016_05_28_9999_196-330x190.jpg 330w, https:\/\/www.yelkenkayak.com\/wp-content\/uploads\/2016\/05\/2016_05_28_9999_196.jpg 1233w\" sizes=\"auto, (max-width: 800px) 100vw, 800px\" \/> <img loading=\"lazy\" decoding=\"async\" class=\"alignleft size-large wp-image-3395\" src=\"http:\/\/www.yelkenkayak.com\/wp-content\/uploads\/2016\/05\/2016_05_28_9999_188-800x450.jpg\" alt=\"2016_05_28_9999_188\" width=\"800\" height=\"450\" srcset=\"https:\/\/www.yelkenkayak.com\/wp-content\/uploads\/2016\/05\/2016_05_28_9999_188-800x450.jpg 800w, https:\/\/www.yelkenkayak.com\/wp-content\/uploads\/2016\/05\/2016_05_28_9999_188-300x169.jpg 300w, https:\/\/www.yelkenkayak.com\/wp-content\/uploads\/2016\/05\/2016_05_28_9999_188-768x432.jpg 768w, https:\/\/www.yelkenkayak.com\/wp-content\/uploads\/2016\/05\/2016_05_28_9999_188-600x337.jpg 600w, https:\/\/www.yelkenkayak.com\/wp-content\/uploads\/2016\/05\/2016_05_28_9999_188-330x185.jpg 330w, https:\/\/www.yelkenkayak.com\/wp-content\/uploads\/2016\/05\/2016_05_28_9999_188.jpg 1233w\" sizes=\"auto, (max-width: 800px) 100vw, 800px\" \/> <img loading=\"lazy\" decoding=\"async\" class=\"alignleft size-large wp-image-3394\" src=\"http:\/\/www.yelkenkayak.com\/wp-content\/uploads\/2016\/05\/2016_05_28_9999_178-800x415.jpg\" alt=\"2016_05_28_9999_178\" width=\"800\" height=\"415\" srcset=\"https:\/\/www.yelkenkayak.com\/wp-content\/uploads\/2016\/05\/2016_05_28_9999_178-800x415.jpg 800w, https:\/\/www.yelkenkayak.com\/wp-content\/uploads\/2016\/05\/2016_05_28_9999_178-300x155.jpg 300w, https:\/\/www.yelkenkayak.com\/wp-content\/uploads\/2016\/05\/2016_05_28_9999_178-768x398.jpg 768w, https:\/\/www.yelkenkayak.com\/wp-content\/uploads\/2016\/05\/2016_05_28_9999_178-600x311.jpg 600w, https:\/\/www.yelkenkayak.com\/wp-content\/uploads\/2016\/05\/2016_05_28_9999_178-330x171.jpg 330w, https:\/\/www.yelkenkayak.com\/wp-content\/uploads\/2016\/05\/2016_05_28_9999_178.jpg 1233w\" sizes=\"auto, (max-width: 800px) 100vw, 800px\" \/> <img loading=\"lazy\" decoding=\"async\" class=\"alignleft size-large wp-image-3393\" src=\"http:\/\/www.yelkenkayak.com\/wp-content\/uploads\/2016\/05\/2016_05_28_9999_164-800x248.jpg\" alt=\"2016_05_28_9999_164\" width=\"800\" height=\"248\" srcset=\"https:\/\/www.yelkenkayak.com\/wp-content\/uploads\/2016\/05\/2016_05_28_9999_164-800x248.jpg 800w, https:\/\/www.yelkenkayak.com\/wp-content\/uploads\/2016\/05\/2016_05_28_9999_164-300x93.jpg 300w, https:\/\/www.yelkenkayak.com\/wp-content\/uploads\/2016\/05\/2016_05_28_9999_164-768x239.jpg 768w, https:\/\/www.yelkenkayak.com\/wp-content\/uploads\/2016\/05\/2016_05_28_9999_164-600x186.jpg 600w, https:\/\/www.yelkenkayak.com\/wp-content\/uploads\/2016\/05\/2016_05_28_9999_164-330x103.jpg 330w, https:\/\/www.yelkenkayak.com\/wp-content\/uploads\/2016\/05\/2016_05_28_9999_164.jpg 1233w\" sizes=\"auto, (max-width: 800px) 100vw, 800px\" \/> <img loading=\"lazy\" decoding=\"async\" class=\"alignleft size-large wp-image-3392\" src=\"http:\/\/www.yelkenkayak.com\/wp-content\/uploads\/2016\/05\/2016_05_28_9999_146-800x284.jpg\" alt=\"2016_05_28_9999_146\" width=\"800\" height=\"284\" srcset=\"https:\/\/www.yelkenkayak.com\/wp-content\/uploads\/2016\/05\/2016_05_28_9999_146-800x284.jpg 800w, https:\/\/www.yelkenkayak.com\/wp-content\/uploads\/2016\/05\/2016_05_28_9999_146-300x106.jpg 300w, https:\/\/www.yelkenkayak.com\/wp-content\/uploads\/2016\/05\/2016_05_28_9999_146-768x272.jpg 768w, https:\/\/www.yelkenkayak.com\/wp-content\/uploads\/2016\/05\/2016_05_28_9999_146-600x213.jpg 600w, https:\/\/www.yelkenkayak.com\/wp-content\/uploads\/2016\/05\/2016_05_28_9999_146-330x117.jpg 330w, https:\/\/www.yelkenkayak.com\/wp-content\/uploads\/2016\/05\/2016_05_28_9999_146.jpg 1233w\" sizes=\"auto, (max-width: 800px) 100vw, 800px\" \/> <img loading=\"lazy\" decoding=\"async\" class=\"alignleft size-large wp-image-3391\" src=\"http:\/\/www.yelkenkayak.com\/wp-content\/uploads\/2016\/05\/2016_05_28_9999_125-774x1222.jpg\" alt=\"2016_05_28_9999_125\" width=\"774\" height=\"1222\" srcset=\"https:\/\/www.yelkenkayak.com\/wp-content\/uploads\/2016\/05\/2016_05_28_9999_125-774x1222.jpg 774w, https:\/\/www.yelkenkayak.com\/wp-content\/uploads\/2016\/05\/2016_05_28_9999_125-190x300.jpg 190w, https:\/\/www.yelkenkayak.com\/wp-content\/uploads\/2016\/05\/2016_05_28_9999_125-768x1212.jpg 768w, https:\/\/www.yelkenkayak.com\/wp-content\/uploads\/2016\/05\/2016_05_28_9999_125-600x947.jpg 600w, https:\/\/www.yelkenkayak.com\/wp-content\/uploads\/2016\/05\/2016_05_28_9999_125-125x198.jpg 125w, https:\/\/www.yelkenkayak.com\/wp-content\/uploads\/2016\/05\/2016_05_28_9999_125.jpg 1233w\" sizes=\"auto, (max-width: 774px) 100vw, 774px\" \/> <img loading=\"lazy\" decoding=\"async\" class=\"alignleft size-large wp-image-3390\" src=\"http:\/\/www.yelkenkayak.com\/wp-content\/uploads\/2016\/05\/2016_05_28_9999_117-800x512.jpg\" alt=\"2016_05_28_9999_117\" width=\"800\" height=\"512\" srcset=\"https:\/\/www.yelkenkayak.com\/wp-content\/uploads\/2016\/05\/2016_05_28_9999_117-800x512.jpg 800w, https:\/\/www.yelkenkayak.com\/wp-content\/uploads\/2016\/05\/2016_05_28_9999_117-300x192.jpg 300w, https:\/\/www.yelkenkayak.com\/wp-content\/uploads\/2016\/05\/2016_05_28_9999_117-768x491.jpg 768w, https:\/\/www.yelkenkayak.com\/wp-content\/uploads\/2016\/05\/2016_05_28_9999_117-600x384.jpg 600w, https:\/\/www.yelkenkayak.com\/wp-content\/uploads\/2016\/05\/2016_05_28_9999_117-309x198.jpg 309w, https:\/\/www.yelkenkayak.com\/wp-content\/uploads\/2016\/05\/2016_05_28_9999_117.jpg 1233w\" sizes=\"auto, (max-width: 800px) 100vw, 800px\" \/> <img loading=\"lazy\" decoding=\"async\" class=\"alignleft size-large wp-image-3389\" src=\"http:\/\/www.yelkenkayak.com\/wp-content\/uploads\/2016\/05\/2016_05_28_9999_111-800x481.jpg\" alt=\"2016_05_28_9999_111\" width=\"800\" height=\"481\" srcset=\"https:\/\/www.yelkenkayak.com\/wp-content\/uploads\/2016\/05\/2016_05_28_9999_111-800x481.jpg 800w, https:\/\/www.yelkenkayak.com\/wp-content\/uploads\/2016\/05\/2016_05_28_9999_111-300x180.jpg 300w, https:\/\/www.yelkenkayak.com\/wp-content\/uploads\/2016\/05\/2016_05_28_9999_111-768x462.jpg 768w, https:\/\/www.yelkenkayak.com\/wp-content\/uploads\/2016\/05\/2016_05_28_9999_111-600x361.jpg 600w, https:\/\/www.yelkenkayak.com\/wp-content\/uploads\/2016\/05\/2016_05_28_9999_111-330x198.jpg 330w, https:\/\/www.yelkenkayak.com\/wp-content\/uploads\/2016\/05\/2016_05_28_9999_111.jpg 1233w\" sizes=\"auto, (max-width: 800px) 100vw, 800px\" \/> <img loading=\"lazy\" decoding=\"async\" class=\"alignleft size-large wp-image-3388\" src=\"http:\/\/www.yelkenkayak.com\/wp-content\/uploads\/2016\/05\/2016_05_28_9999_94-800x457.jpg\" alt=\"2016_05_28_9999_94\" width=\"800\" height=\"457\" srcset=\"https:\/\/www.yelkenkayak.com\/wp-content\/uploads\/2016\/05\/2016_05_28_9999_94-800x457.jpg 800w, https:\/\/www.yelkenkayak.com\/wp-content\/uploads\/2016\/05\/2016_05_28_9999_94-300x171.jpg 300w, https:\/\/www.yelkenkayak.com\/wp-content\/uploads\/2016\/05\/2016_05_28_9999_94-768x439.jpg 768w, https:\/\/www.yelkenkayak.com\/wp-content\/uploads\/2016\/05\/2016_05_28_9999_94-600x343.jpg 600w, https:\/\/www.yelkenkayak.com\/wp-content\/uploads\/2016\/05\/2016_05_28_9999_94-330x189.jpg 330w, https:\/\/www.yelkenkayak.com\/wp-content\/uploads\/2016\/05\/2016_05_28_9999_94.jpg 1333w\" sizes=\"auto, (max-width: 800px) 100vw, 800px\" \/> <img loading=\"lazy\" decoding=\"async\" class=\"alignleft size-large wp-image-3387\" src=\"http:\/\/www.yelkenkayak.com\/wp-content\/uploads\/2016\/05\/2016_05_28_9999_89-800x513.jpg\" alt=\"2016_05_28_9999_89\" width=\"800\" height=\"513\" srcset=\"https:\/\/www.yelkenkayak.com\/wp-content\/uploads\/2016\/05\/2016_05_28_9999_89-800x513.jpg 800w, https:\/\/www.yelkenkayak.com\/wp-content\/uploads\/2016\/05\/2016_05_28_9999_89-300x192.jpg 300w, https:\/\/www.yelkenkayak.com\/wp-content\/uploads\/2016\/05\/2016_05_28_9999_89-768x492.jpg 768w, https:\/\/www.yelkenkayak.com\/wp-content\/uploads\/2016\/05\/2016_05_28_9999_89-600x384.jpg 600w, https:\/\/www.yelkenkayak.com\/wp-content\/uploads\/2016\/05\/2016_05_28_9999_89-309x198.jpg 309w, https:\/\/www.yelkenkayak.com\/wp-content\/uploads\/2016\/05\/2016_05_28_9999_89.jpg 1233w\" sizes=\"auto, (max-width: 800px) 100vw, 800px\" \/> <img loading=\"lazy\" decoding=\"async\" class=\"alignleft size-large wp-image-3386\" src=\"http:\/\/www.yelkenkayak.com\/wp-content\/uploads\/2016\/05\/2016_05_28_9999_82-800x527.jpg\" alt=\"2016_05_28_9999_82\" width=\"800\" height=\"527\" srcset=\"https:\/\/www.yelkenkayak.com\/wp-content\/uploads\/2016\/05\/2016_05_28_9999_82-800x527.jpg 800w, https:\/\/www.yelkenkayak.com\/wp-content\/uploads\/2016\/05\/2016_05_28_9999_82-300x198.jpg 300w, https:\/\/www.yelkenkayak.com\/wp-content\/uploads\/2016\/05\/2016_05_28_9999_82-768x506.jpg 768w, https:\/\/www.yelkenkayak.com\/wp-content\/uploads\/2016\/05\/2016_05_28_9999_82-600x395.jpg 600w, https:\/\/www.yelkenkayak.com\/wp-content\/uploads\/2016\/05\/2016_05_28_9999_82-301x198.jpg 301w, https:\/\/www.yelkenkayak.com\/wp-content\/uploads\/2016\/05\/2016_05_28_9999_82.jpg 1233w\" sizes=\"auto, (max-width: 800px) 100vw, 800px\" \/> <img loading=\"lazy\" decoding=\"async\" class=\"alignleft size-large wp-image-3385\" src=\"http:\/\/www.yelkenkayak.com\/wp-content\/uploads\/2016\/05\/2016_05_28_9999_67-800x481.jpg\" alt=\"2016_05_28_9999_67\" width=\"800\" height=\"481\" srcset=\"https:\/\/www.yelkenkayak.com\/wp-content\/uploads\/2016\/05\/2016_05_28_9999_67-800x481.jpg 800w, https:\/\/www.yelkenkayak.com\/wp-content\/uploads\/2016\/05\/2016_05_28_9999_67-300x180.jpg 300w, https:\/\/www.yelkenkayak.com\/wp-content\/uploads\/2016\/05\/2016_05_28_9999_67-768x462.jpg 768w, https:\/\/www.yelkenkayak.com\/wp-content\/uploads\/2016\/05\/2016_05_28_9999_67-600x361.jpg 600w, https:\/\/www.yelkenkayak.com\/wp-content\/uploads\/2016\/05\/2016_05_28_9999_67-330x198.jpg 330w, https:\/\/www.yelkenkayak.com\/wp-content\/uploads\/2016\/05\/2016_05_28_9999_67.jpg 1233w\" sizes=\"auto, (max-width: 800px) 100vw, 800px\" \/> <img loading=\"lazy\" decoding=\"async\" class=\"alignleft size-large wp-image-3384\" src=\"http:\/\/www.yelkenkayak.com\/wp-content\/uploads\/2016\/05\/2016_05_28_9999_61-800x483.jpg\" alt=\"2016_05_28_9999_61\" width=\"800\" height=\"483\" srcset=\"https:\/\/www.yelkenkayak.com\/wp-content\/uploads\/2016\/05\/2016_05_28_9999_61-800x483.jpg 800w, https:\/\/www.yelkenkayak.com\/wp-content\/uploads\/2016\/05\/2016_05_28_9999_61-300x181.jpg 300w, https:\/\/www.yelkenkayak.com\/wp-content\/uploads\/2016\/05\/2016_05_28_9999_61-768x464.jpg 768w, https:\/\/www.yelkenkayak.com\/wp-content\/uploads\/2016\/05\/2016_05_28_9999_61-600x363.jpg 600w, https:\/\/www.yelkenkayak.com\/wp-content\/uploads\/2016\/05\/2016_05_28_9999_61-328x198.jpg 328w, https:\/\/www.yelkenkayak.com\/wp-content\/uploads\/2016\/05\/2016_05_28_9999_61.jpg 1233w\" sizes=\"auto, (max-width: 800px) 100vw, 800px\" \/> <img loading=\"lazy\" decoding=\"async\" class=\"alignleft size-large wp-image-3383\" src=\"http:\/\/www.yelkenkayak.com\/wp-content\/uploads\/2016\/05\/2016_05_28_9999_55-800x282.jpg\" alt=\"2016_05_28_9999_55\" width=\"800\" height=\"282\" srcset=\"https:\/\/www.yelkenkayak.com\/wp-content\/uploads\/2016\/05\/2016_05_28_9999_55-800x282.jpg 800w, https:\/\/www.yelkenkayak.com\/wp-content\/uploads\/2016\/05\/2016_05_28_9999_55-300x106.jpg 300w, https:\/\/www.yelkenkayak.com\/wp-content\/uploads\/2016\/05\/2016_05_28_9999_55-768x271.jpg 768w, https:\/\/www.yelkenkayak.com\/wp-content\/uploads\/2016\/05\/2016_05_28_9999_55-600x212.jpg 600w, https:\/\/www.yelkenkayak.com\/wp-content\/uploads\/2016\/05\/2016_05_28_9999_55-330x116.jpg 330w, https:\/\/www.yelkenkayak.com\/wp-content\/uploads\/2016\/05\/2016_05_28_9999_55.jpg 1233w\" sizes=\"auto, (max-width: 800px) 100vw, 800px\" \/> <img loading=\"lazy\" decoding=\"async\" class=\"alignleft size-large wp-image-3382\" src=\"http:\/\/www.yelkenkayak.com\/wp-content\/uploads\/2016\/05\/2016_05_28_9999_42-800x509.jpg\" alt=\"2016_05_28_9999_42\" width=\"800\" height=\"509\" srcset=\"https:\/\/www.yelkenkayak.com\/wp-content\/uploads\/2016\/05\/2016_05_28_9999_42-800x509.jpg 800w, https:\/\/www.yelkenkayak.com\/wp-content\/uploads\/2016\/05\/2016_05_28_9999_42-300x191.jpg 300w, https:\/\/www.yelkenkayak.com\/wp-content\/uploads\/2016\/05\/2016_05_28_9999_42-768x488.jpg 768w, https:\/\/www.yelkenkayak.com\/wp-content\/uploads\/2016\/05\/2016_05_28_9999_42-600x382.jpg 600w, https:\/\/www.yelkenkayak.com\/wp-content\/uploads\/2016\/05\/2016_05_28_9999_42-311x198.jpg 311w, https:\/\/www.yelkenkayak.com\/wp-content\/uploads\/2016\/05\/2016_05_28_9999_42.jpg 1233w\" sizes=\"auto, (max-width: 800px) 100vw, 800px\" \/><\/p>\n<div id=\"attachment_3381\" style=\"width: 810px\" class=\"wp-caption alignleft\"><img loading=\"lazy\" decoding=\"async\" aria-describedby=\"caption-attachment-3381\" class=\"size-large wp-image-3381\" src=\"http:\/\/www.yelkenkayak.com\/wp-content\/uploads\/2016\/05\/2016_05_28_9999_31-800x502.jpg\" alt=\"KANO \u00e7ift ki\u015filk\" width=\"800\" height=\"502\" srcset=\"https:\/\/www.yelkenkayak.com\/wp-content\/uploads\/2016\/05\/2016_05_28_9999_31-800x502.jpg 800w, https:\/\/www.yelkenkayak.com\/wp-content\/uploads\/2016\/05\/2016_05_28_9999_31-300x188.jpg 300w, https:\/\/www.yelkenkayak.com\/wp-content\/uploads\/2016\/05\/2016_05_28_9999_31-768x482.jpg 768w, https:\/\/www.yelkenkayak.com\/wp-content\/uploads\/2016\/05\/2016_05_28_9999_31-600x377.jpg 600w, https:\/\/www.yelkenkayak.com\/wp-content\/uploads\/2016\/05\/2016_05_28_9999_31-315x198.jpg 315w, https:\/\/www.yelkenkayak.com\/wp-content\/uploads\/2016\/05\/2016_05_28_9999_31.jpg 1333w\" sizes=\"auto, (max-width: 800px) 100vw, 800px\" \/><p id=\"caption-attachment-3381\" class=\"wp-caption-text\">KANO \u00e7ift ki\u015filk<\/p><\/div>\n<p><img loading=\"lazy\" decoding=\"async\" class=\"alignleft size-large wp-image-3380\" src=\"http:\/\/www.yelkenkayak.com\/wp-content\/uploads\/2016\/05\/2016_05_28_9999_22-800x377.jpg\" alt=\"2016_05_28_9999_22\" width=\"800\" height=\"377\" srcset=\"https:\/\/www.yelkenkayak.com\/wp-content\/uploads\/2016\/05\/2016_05_28_9999_22-800x377.jpg 800w, https:\/\/www.yelkenkayak.com\/wp-content\/uploads\/2016\/05\/2016_05_28_9999_22-300x141.jpg 300w, https:\/\/www.yelkenkayak.com\/wp-content\/uploads\/2016\/05\/2016_05_28_9999_22-768x362.jpg 768w, https:\/\/www.yelkenkayak.com\/wp-content\/uploads\/2016\/05\/2016_05_28_9999_22-600x283.jpg 600w, https:\/\/www.yelkenkayak.com\/wp-content\/uploads\/2016\/05\/2016_05_28_9999_22-330x155.jpg 330w, https:\/\/www.yelkenkayak.com\/wp-content\/uploads\/2016\/05\/2016_05_28_9999_22.jpg 1333w\" sizes=\"auto, (max-width: 800px) 100vw, 800px\" \/> <img loading=\"lazy\" decoding=\"async\" class=\"alignleft size-large wp-image-3379\" src=\"http:\/\/www.yelkenkayak.com\/wp-content\/uploads\/2016\/05\/2016_05_28_9999_16-800x493.jpg\" alt=\"2016_05_28_9999_16\" width=\"800\" height=\"493\" srcset=\"https:\/\/www.yelkenkayak.com\/wp-content\/uploads\/2016\/05\/2016_05_28_9999_16-800x493.jpg 800w, https:\/\/www.yelkenkayak.com\/wp-content\/uploads\/2016\/05\/2016_05_28_9999_16-300x185.jpg 300w, https:\/\/www.yelkenkayak.com\/wp-content\/uploads\/2016\/05\/2016_05_28_9999_16-768x473.jpg 768w, https:\/\/www.yelkenkayak.com\/wp-content\/uploads\/2016\/05\/2016_05_28_9999_16-600x370.jpg 600w, https:\/\/www.yelkenkayak.com\/wp-content\/uploads\/2016\/05\/2016_05_28_9999_16-321x198.jpg 321w, https:\/\/www.yelkenkayak.com\/wp-content\/uploads\/2016\/05\/2016_05_28_9999_16.jpg 1233w\" sizes=\"auto, (max-width: 800px) 100vw, 800px\" \/> <img loading=\"lazy\" decoding=\"async\" class=\"alignleft size-large wp-image-3378\" src=\"http:\/\/www.yelkenkayak.com\/wp-content\/uploads\/2016\/05\/2016_05_28_9999_13-800x516.jpg\" alt=\"2016_05_28_9999_13\" width=\"800\" height=\"516\" srcset=\"https:\/\/www.yelkenkayak.com\/wp-content\/uploads\/2016\/05\/2016_05_28_9999_13-800x516.jpg 800w, https:\/\/www.yelkenkayak.com\/wp-content\/uploads\/2016\/05\/2016_05_28_9999_13-300x193.jpg 300w, https:\/\/www.yelkenkayak.com\/wp-content\/uploads\/2016\/05\/2016_05_28_9999_13-768x495.jpg 768w, https:\/\/www.yelkenkayak.com\/wp-content\/uploads\/2016\/05\/2016_05_28_9999_13-600x387.jpg 600w, https:\/\/www.yelkenkayak.com\/wp-content\/uploads\/2016\/05\/2016_05_28_9999_13-307x198.jpg 307w, https:\/\/www.yelkenkayak.com\/wp-content\/uploads\/2016\/05\/2016_05_28_9999_13.jpg 1233w\" sizes=\"auto, (max-width: 800px) 100vw, 800px\" \/> <img loading=\"lazy\" decoding=\"async\" class=\"alignleft size-large wp-image-3377\" src=\"http:\/\/www.yelkenkayak.com\/wp-content\/uploads\/2016\/05\/2016_05_28_9999_12-800x418.jpg\" alt=\"2016_05_28_9999_12\" width=\"800\" height=\"418\" srcset=\"https:\/\/www.yelkenkayak.com\/wp-content\/uploads\/2016\/05\/2016_05_28_9999_12-800x418.jpg 800w, https:\/\/www.yelkenkayak.com\/wp-content\/uploads\/2016\/05\/2016_05_28_9999_12-300x157.jpg 300w, https:\/\/www.yelkenkayak.com\/wp-content\/uploads\/2016\/05\/2016_05_28_9999_12-768x401.jpg 768w, https:\/\/www.yelkenkayak.com\/wp-content\/uploads\/2016\/05\/2016_05_28_9999_12-600x313.jpg 600w, https:\/\/www.yelkenkayak.com\/wp-content\/uploads\/2016\/05\/2016_05_28_9999_12-330x172.jpg 330w, https:\/\/www.yelkenkayak.com\/wp-content\/uploads\/2016\/05\/2016_05_28_9999_12.jpg 1333w\" sizes=\"auto, (max-width: 800px) 100vw, 800px\" \/> <img loading=\"lazy\" decoding=\"async\" class=\"alignleft size-large wp-image-3376\" src=\"http:\/\/www.yelkenkayak.com\/wp-content\/uploads\/2016\/05\/2016_05_28_9999_11-800x314.jpg\" alt=\"2016_05_28_9999_11\" width=\"800\" height=\"314\" srcset=\"https:\/\/www.yelkenkayak.com\/wp-content\/uploads\/2016\/05\/2016_05_28_9999_11-800x314.jpg 800w, https:\/\/www.yelkenkayak.com\/wp-content\/uploads\/2016\/05\/2016_05_28_9999_11-300x118.jpg 300w, https:\/\/www.yelkenkayak.com\/wp-content\/uploads\/2016\/05\/2016_05_28_9999_11-768x302.jpg 768w, https:\/\/www.yelkenkayak.com\/wp-content\/uploads\/2016\/05\/2016_05_28_9999_11-600x236.jpg 600w, https:\/\/www.yelkenkayak.com\/wp-content\/uploads\/2016\/05\/2016_05_28_9999_11-330x130.jpg 330w, https:\/\/www.yelkenkayak.com\/wp-content\/uploads\/2016\/05\/2016_05_28_9999_11.jpg 1333w\" sizes=\"auto, (max-width: 800px) 100vw, 800px\" \/> <img loading=\"lazy\" decoding=\"async\" class=\"alignleft size-large wp-image-3375\" src=\"http:\/\/www.yelkenkayak.com\/wp-content\/uploads\/2016\/05\/2016_05_28_9999_6sc-800x274.jpg\" alt=\"2016_05_28_9999_6sc\" width=\"800\" height=\"274\" srcset=\"https:\/\/www.yelkenkayak.com\/wp-content\/uploads\/2016\/05\/2016_05_28_9999_6sc-800x274.jpg 800w, https:\/\/www.yelkenkayak.com\/wp-content\/uploads\/2016\/05\/2016_05_28_9999_6sc-300x103.jpg 300w, https:\/\/www.yelkenkayak.com\/wp-content\/uploads\/2016\/05\/2016_05_28_9999_6sc-768x263.jpg 768w, https:\/\/www.yelkenkayak.com\/wp-content\/uploads\/2016\/05\/2016_05_28_9999_6sc-600x206.jpg 600w, https:\/\/www.yelkenkayak.com\/wp-content\/uploads\/2016\/05\/2016_05_28_9999_6sc-330x113.jpg 330w, https:\/\/www.yelkenkayak.com\/wp-content\/uploads\/2016\/05\/2016_05_28_9999_6sc.jpg 1333w\" sizes=\"auto, (max-width: 800px) 100vw, 800px\" \/> <img loading=\"lazy\" decoding=\"async\" class=\"alignleft size-large wp-image-3374\" src=\"http:\/\/www.yelkenkayak.com\/wp-content\/uploads\/2016\/05\/2016_05_28_9999_1-800x486.jpg\" alt=\"2016_05_28_9999_1\" width=\"800\" height=\"486\" srcset=\"https:\/\/www.yelkenkayak.com\/wp-content\/uploads\/2016\/05\/2016_05_28_9999_1-800x486.jpg 800w, https:\/\/www.yelkenkayak.com\/wp-content\/uploads\/2016\/05\/2016_05_28_9999_1-300x182.jpg 300w, https:\/\/www.yelkenkayak.com\/wp-content\/uploads\/2016\/05\/2016_05_28_9999_1-768x467.jpg 768w, https:\/\/www.yelkenkayak.com\/wp-content\/uploads\/2016\/05\/2016_05_28_9999_1-600x364.jpg 600w, https:\/\/www.yelkenkayak.com\/wp-content\/uploads\/2016\/05\/2016_05_28_9999_1-326x198.jpg 326w, https:\/\/www.yelkenkayak.com\/wp-content\/uploads\/2016\/05\/2016_05_28_9999_1.jpg 1233w\" sizes=\"auto, (max-width: 800px) 100vw, 800px\" \/><\/p>\n","protected":false},"excerpt":{"rendered":"<p>&nbsp; 470 cm boyunda , 100 cm eninde, 32 kg a\u011firl\u0131k , hacim 225 kg &nbsp; Son derece hafif araba \u00fczerinde ta\u015f\u0131yabilece\u011finiz, iki ki\u015finin sahilde rahatl\u0131kla ta\u015f\u0131yabilece\u011fi bu \u00e7ift ki\u015filik kano \u00f6zel sipari\u015f olarak yap\u0131lmaktad\u0131r. &nbsp;<\/p>\n","protected":false},"author":1,"featured_media":3393,"parent":5,"menu_order":0,"comment_status":"closed","ping_status":"closed","template":"","meta":{"ngg_post_thumbnail":0,"footnotes":""},"class_list":["post-3373","page","type-page","status-publish","has-post-thumbnail","hentry"],"_links":{"self":[{"href":"https:\/\/www.yelkenkayak.com\/index.php?rest_route=\/wp\/v2\/pages\/3373","targetHints":{"allow":["GET"]}}],"collection":[{"href":"https:\/\/www.yelkenkayak.com\/index.php?rest_route=\/wp\/v2\/pages"}],"about":[{"href":"https:\/\/www.yelkenkayak.com\/index.php?rest_route=\/wp\/v2\/types\/page"}],"author":[{"embeddable":true,"href":"https:\/\/www.yelkenkayak.com\/index.php?rest_route=\/wp\/v2\/users\/1"}],"replies":[{"embeddable":true,"href":"https:\/\/www.yelkenkayak.com\/index.php?rest_route=%2Fwp%2Fv2%2Fcomments&post=3373"}],"version-history":[{"count":4,"href":"https:\/\/www.yelkenkayak.com\/index.php?rest_route=\/wp\/v2\/pages\/3373\/revisions"}],"predecessor-version":[{"id":3549,"href":"https:\/\/www.yelkenkayak.com\/index.php?rest_route=\/wp\/v2\/pages\/3373\/revisions\/3549"}],"up":[{"embeddable":true,"href":"https:\/\/www.yelkenkayak.com\/index.php?rest_route=\/wp\/v2\/pages\/5"}],"wp:featuredmedia":[{"embeddable":true,"href":"https:\/\/www.yelkenkayak.com\/index.php?rest_route=\/wp\/v2\/media\/3393"}],"wp:attachment":[{"href":"https:\/\/www.yelkenkayak.com\/index.php?rest_route=%2Fwp%2Fv2%2Fmedia&parent=3373"}],"curies":[{"name":"wp","href":"https:\/\/api.w.org\/{rel}","templated":true}]}}