{"id":3328,"date":"2016-04-27T10:27:42","date_gmt":"2016-04-27T10:27:42","guid":{"rendered":"http:\/\/www.yelkenkayak.com\/?page_id=3328"},"modified":"2017-10-30T10:33:35","modified_gmt":"2017-10-30T10:33:35","slug":"ilkel-gezgin-mini","status":"publish","type":"page","link":"https:\/\/www.yelkenkayak.com\/?page_id=3328","title":{"rendered":"\u0130lkel Gezgin &#8211; Mini"},"content":{"rendered":"<p><strong>Boy: 190 cm, En: 21 cm , A\u011f\u0131rl\u0131k: 400 gr\u00a0<span style=\"color: #0000ff;\">Kit Fiyat\u0131 : 400 TL \u00a0<\/span> <span style=\"color: #ff6600;\"> Haz\u0131r fiyat\u0131: 2200 TL<\/span>\u00a0 \u00a0 \u00a0\u00a0<span style=\"color: #ff0000;\">Plan : Sadece Kit olarak sat\u0131\u015f\u0131 vard\u0131r<\/span><\/strong><\/p>\n<p>Ah\u015fap Deniz Kaya\u011f\u0131 yapmak isteyen ama yeri ve zaman\u0131 olmayan merakl\u0131lar i\u00e7in haz\u0131rlad\u0131\u011f\u0131m\u0131z bu modeli kit olarak alarak evinizin balkonunda yada bir odas\u0131nda yapabilirsiniz. Yap\u0131l\u0131\u015f\u0131 di\u011fer kayaklar ile benzer olan bu maket kaya\u011f\u0131 yaparak di\u011fer kayaklar\u0131n yap\u0131l\u0131\u015f\u0131 hakk\u0131nda da bilgi sahibi olacaks\u0131n\u0131z.<\/p>\n<p>Evinizin yada ofisinizin ba\u015f k\u00f6\u015fesinde sergileyebilece\u011finiz bu maket modeli haz\u0131r olarak da sat\u0131n alabilirsiniz.<\/p>\n<p><img loading=\"lazy\" decoding=\"async\" class=\"alignleft wp-image-3334 size-large\" title=\"YelkenKayak - Deniz Kaya\u011f\u0131 modeli - Ilkel Gezgin Mini\" src=\"http:\/\/www.yelkenkayak.com\/wp-content\/uploads\/2016\/04\/ILKEL-MINI10-800x308.jpg\" alt=\"ILKEL MINI10\" width=\"800\" height=\"308\" srcset=\"https:\/\/www.yelkenkayak.com\/wp-content\/uploads\/2016\/04\/ILKEL-MINI10-800x308.jpg 800w, https:\/\/www.yelkenkayak.com\/wp-content\/uploads\/2016\/04\/ILKEL-MINI10-300x116.jpg 300w, https:\/\/www.yelkenkayak.com\/wp-content\/uploads\/2016\/04\/ILKEL-MINI10-768x296.jpg 768w, https:\/\/www.yelkenkayak.com\/wp-content\/uploads\/2016\/04\/ILKEL-MINI10-600x231.jpg 600w, https:\/\/www.yelkenkayak.com\/wp-content\/uploads\/2016\/04\/ILKEL-MINI10-330x127.jpg 330w, https:\/\/www.yelkenkayak.com\/wp-content\/uploads\/2016\/04\/ILKEL-MINI10.jpg 1222w\" sizes=\"auto, (max-width: 800px) 100vw, 800px\" \/><\/p>\n<p><img loading=\"lazy\" decoding=\"async\" class=\"alignleft wp-image-3332 size-large\" title=\"YelkenKayak - Deniz Kaya\u011f\u0131 modeli - Ilkel Gezgin Mini\" src=\"http:\/\/www.yelkenkayak.com\/wp-content\/uploads\/2016\/04\/ILKEL-MINI-800x528.jpg\" alt=\"ILKEL MINI\" width=\"800\" height=\"528\" srcset=\"https:\/\/www.yelkenkayak.com\/wp-content\/uploads\/2016\/04\/ILKEL-MINI-800x528.jpg 800w, https:\/\/www.yelkenkayak.com\/wp-content\/uploads\/2016\/04\/ILKEL-MINI-300x198.jpg 300w, https:\/\/www.yelkenkayak.com\/wp-content\/uploads\/2016\/04\/ILKEL-MINI-768x507.jpg 768w, https:\/\/www.yelkenkayak.com\/wp-content\/uploads\/2016\/04\/ILKEL-MINI-600x396.jpg 600w, https:\/\/www.yelkenkayak.com\/wp-content\/uploads\/2016\/04\/ILKEL-MINI.jpg 1456w\" sizes=\"auto, (max-width: 800px) 100vw, 800px\" \/><\/p>\n<p><img loading=\"lazy\" decoding=\"async\" class=\"alignnone wp-image-3336 size-large\" title=\"YelkenKayak - Deniz Kaya\u011f\u0131 modeli - Ilkel Gezgin Mini\" src=\"http:\/\/www.yelkenkayak.com\/wp-content\/uploads\/2016\/04\/ILKEL-MINI-3-800x471.jpg\" alt=\"Deniz kaya\u011f\u0131 modeli \" width=\"800\" height=\"471\" srcset=\"https:\/\/www.yelkenkayak.com\/wp-content\/uploads\/2016\/04\/ILKEL-MINI-3-800x471.jpg 800w, https:\/\/www.yelkenkayak.com\/wp-content\/uploads\/2016\/04\/ILKEL-MINI-3-300x177.jpg 300w, https:\/\/www.yelkenkayak.com\/wp-content\/uploads\/2016\/04\/ILKEL-MINI-3-768x453.jpg 768w, https:\/\/www.yelkenkayak.com\/wp-content\/uploads\/2016\/04\/ILKEL-MINI-3-600x354.jpg 600w, https:\/\/www.yelkenkayak.com\/wp-content\/uploads\/2016\/04\/ILKEL-MINI-3-460x270.jpg 460w, https:\/\/www.yelkenkayak.com\/wp-content\/uploads\/2016\/04\/ILKEL-MINI-3-330x194.jpg 330w, https:\/\/www.yelkenkayak.com\/wp-content\/uploads\/2016\/04\/ILKEL-MINI-3.jpg 1456w\" sizes=\"auto, (max-width: 800px) 100vw, 800px\" \/><\/p>\n<p><img loading=\"lazy\" decoding=\"async\" class=\"alignleft wp-image-3340 size-large\" title=\"YelkenKayak - Deniz Kaya\u011f\u0131 modeli - Ilkel Gezgin Mini\" src=\"http:\/\/www.yelkenkayak.com\/wp-content\/uploads\/2016\/04\/ILKEL-MINI-7-800x569.jpg\" alt=\"ILKEL MINI 7\" width=\"800\" height=\"569\" srcset=\"https:\/\/www.yelkenkayak.com\/wp-content\/uploads\/2016\/04\/ILKEL-MINI-7-800x569.jpg 800w, https:\/\/www.yelkenkayak.com\/wp-content\/uploads\/2016\/04\/ILKEL-MINI-7-300x213.jpg 300w, https:\/\/www.yelkenkayak.com\/wp-content\/uploads\/2016\/04\/ILKEL-MINI-7-768x546.jpg 768w, https:\/\/www.yelkenkayak.com\/wp-content\/uploads\/2016\/04\/ILKEL-MINI-7-600x427.jpg 600w, https:\/\/www.yelkenkayak.com\/wp-content\/uploads\/2016\/04\/ILKEL-MINI-7-278x198.jpg 278w, https:\/\/www.yelkenkayak.com\/wp-content\/uploads\/2016\/04\/ILKEL-MINI-7.jpg 1456w\" sizes=\"auto, (max-width: 800px) 100vw, 800px\" \/><\/p>\n<p><img loading=\"lazy\" decoding=\"async\" class=\"alignleft wp-image-3339 size-large\" title=\"YelkenKayak - Deniz Kaya\u011f\u0131 modeli - Ilkel Gezgin Mini\" src=\"http:\/\/www.yelkenkayak.com\/wp-content\/uploads\/2016\/04\/ILKEL-MINI-6-800x600.jpg\" alt=\"ILKEL MINI 6\" width=\"800\" height=\"600\" srcset=\"https:\/\/www.yelkenkayak.com\/wp-content\/uploads\/2016\/04\/ILKEL-MINI-6-800x600.jpg 800w, https:\/\/www.yelkenkayak.com\/wp-content\/uploads\/2016\/04\/ILKEL-MINI-6-300x225.jpg 300w, https:\/\/www.yelkenkayak.com\/wp-content\/uploads\/2016\/04\/ILKEL-MINI-6-768x576.jpg 768w, https:\/\/www.yelkenkayak.com\/wp-content\/uploads\/2016\/04\/ILKEL-MINI-6-600x450.jpg 600w, https:\/\/www.yelkenkayak.com\/wp-content\/uploads\/2016\/04\/ILKEL-MINI-6-264x198.jpg 264w, https:\/\/www.yelkenkayak.com\/wp-content\/uploads\/2016\/04\/ILKEL-MINI-6.jpg 1456w\" sizes=\"auto, (max-width: 800px) 100vw, 800px\" \/><\/p>\n<p><img loading=\"lazy\" decoding=\"async\" class=\"alignleft wp-image-3338 size-large\" title=\"YelkenKayak - Deniz Kaya\u011f\u0131 modeli - Ilkel Gezgin Mini\" src=\"http:\/\/www.yelkenkayak.com\/wp-content\/uploads\/2016\/04\/ILKEL-MINI-5-800x380.jpg\" alt=\"ILKEL MINI 5\" width=\"800\" height=\"380\" srcset=\"https:\/\/www.yelkenkayak.com\/wp-content\/uploads\/2016\/04\/ILKEL-MINI-5-800x380.jpg 800w, https:\/\/www.yelkenkayak.com\/wp-content\/uploads\/2016\/04\/ILKEL-MINI-5-300x142.jpg 300w, https:\/\/www.yelkenkayak.com\/wp-content\/uploads\/2016\/04\/ILKEL-MINI-5-768x364.jpg 768w, https:\/\/www.yelkenkayak.com\/wp-content\/uploads\/2016\/04\/ILKEL-MINI-5-600x285.jpg 600w, https:\/\/www.yelkenkayak.com\/wp-content\/uploads\/2016\/04\/ILKEL-MINI-5-330x157.jpg 330w, https:\/\/www.yelkenkayak.com\/wp-content\/uploads\/2016\/04\/ILKEL-MINI-5.jpg 1456w\" sizes=\"auto, (max-width: 800px) 100vw, 800px\" \/><\/p>\n<p><img loading=\"lazy\" decoding=\"async\" class=\"alignleft wp-image-3337 size-large\" title=\"YelkenKayak - Deniz Kaya\u011f\u0131 modeli - Ilkel Gezgin Mini\" src=\"http:\/\/www.yelkenkayak.com\/wp-content\/uploads\/2016\/04\/ILKEL-MINI-4-800x485.jpg\" alt=\"ILKEL MINI 4\" width=\"800\" height=\"485\" srcset=\"https:\/\/www.yelkenkayak.com\/wp-content\/uploads\/2016\/04\/ILKEL-MINI-4-800x485.jpg 800w, https:\/\/www.yelkenkayak.com\/wp-content\/uploads\/2016\/04\/ILKEL-MINI-4-300x182.jpg 300w, https:\/\/www.yelkenkayak.com\/wp-content\/uploads\/2016\/04\/ILKEL-MINI-4-768x465.jpg 768w, https:\/\/www.yelkenkayak.com\/wp-content\/uploads\/2016\/04\/ILKEL-MINI-4-600x363.jpg 600w, https:\/\/www.yelkenkayak.com\/wp-content\/uploads\/2016\/04\/ILKEL-MINI-4-327x198.jpg 327w, https:\/\/www.yelkenkayak.com\/wp-content\/uploads\/2016\/04\/ILKEL-MINI-4.jpg 1456w\" sizes=\"auto, (max-width: 800px) 100vw, 800px\" \/><\/p>\n<p><img loading=\"lazy\" decoding=\"async\" class=\"alignleft wp-image-3335 size-large\" title=\"YelkenKayak - Deniz Kaya\u011f\u0131 modeli - Ilkel Gezgin Mini\" src=\"http:\/\/www.yelkenkayak.com\/wp-content\/uploads\/2016\/04\/ILKEL-MINI-2-771x1222.jpg\" alt=\"ILKEL MINI 2\" width=\"771\" height=\"1222\" srcset=\"https:\/\/www.yelkenkayak.com\/wp-content\/uploads\/2016\/04\/ILKEL-MINI-2-771x1222.jpg 771w, https:\/\/www.yelkenkayak.com\/wp-content\/uploads\/2016\/04\/ILKEL-MINI-2-189x300.jpg 189w, https:\/\/www.yelkenkayak.com\/wp-content\/uploads\/2016\/04\/ILKEL-MINI-2-768x1217.jpg 768w, https:\/\/www.yelkenkayak.com\/wp-content\/uploads\/2016\/04\/ILKEL-MINI-2-600x950.jpg 600w, https:\/\/www.yelkenkayak.com\/wp-content\/uploads\/2016\/04\/ILKEL-MINI-2-125x198.jpg 125w, https:\/\/www.yelkenkayak.com\/wp-content\/uploads\/2016\/04\/ILKEL-MINI-2.jpg 892w\" sizes=\"auto, (max-width: 771px) 100vw, 771px\" \/><\/p>\n<p><img loading=\"lazy\" decoding=\"async\" class=\"alignleft wp-image-3331 size-large\" title=\"YelkenKayak - Deniz Kaya\u011f\u0131 modeli - Ilkel Gezgin Mini\" src=\"http:\/\/www.yelkenkayak.com\/wp-content\/uploads\/2016\/04\/ILKEL-MINI-8-617x1222.jpg\" alt=\"ILKEL MINI 8\" width=\"617\" height=\"1222\" srcset=\"https:\/\/www.yelkenkayak.com\/wp-content\/uploads\/2016\/04\/ILKEL-MINI-8-617x1222.jpg 617w, https:\/\/www.yelkenkayak.com\/wp-content\/uploads\/2016\/04\/ILKEL-MINI-8-152x300.jpg 152w, https:\/\/www.yelkenkayak.com\/wp-content\/uploads\/2016\/04\/ILKEL-MINI-8-768x1521.jpg 768w, https:\/\/www.yelkenkayak.com\/wp-content\/uploads\/2016\/04\/ILKEL-MINI-8-600x1188.jpg 600w, https:\/\/www.yelkenkayak.com\/wp-content\/uploads\/2016\/04\/ILKEL-MINI-8-100x198.jpg 100w, https:\/\/www.yelkenkayak.com\/wp-content\/uploads\/2016\/04\/ILKEL-MINI-8.jpg 1111w\" sizes=\"auto, (max-width: 617px) 100vw, 617px\" \/><\/p>\n","protected":false},"excerpt":{"rendered":"<p>Boy: 190 cm, En: 21 cm , A\u011f\u0131rl\u0131k: 400 gr\u00a0Kit Fiyat\u0131 : 400 TL \u00a0 Haz\u0131r fiyat\u0131: 2200 TL\u00a0 \u00a0 \u00a0\u00a0Plan : Sadece Kit olarak sat\u0131\u015f\u0131 vard\u0131r Ah\u015fap Deniz Kaya\u011f\u0131 yapmak isteyen ama yeri ve zaman\u0131 olmayan merakl\u0131lar i\u00e7in haz\u0131rlad\u0131\u011f\u0131m\u0131z bu modeli kit olarak alarak evinizin balkonunda yada bir odas\u0131nda yapabilirsiniz. Yap\u0131l\u0131\u015f\u0131 di\u011fer kayaklar ile &#8230;<\/p>\n","protected":false},"author":1,"featured_media":0,"parent":5,"menu_order":0,"comment_status":"closed","ping_status":"closed","template":"","meta":{"ngg_post_thumbnail":0,"footnotes":""},"class_list":["post-3328","page","type-page","status-publish","hentry"],"_links":{"self":[{"href":"https:\/\/www.yelkenkayak.com\/index.php?rest_route=\/wp\/v2\/pages\/3328","targetHints":{"allow":["GET"]}}],"collection":[{"href":"https:\/\/www.yelkenkayak.com\/index.php?rest_route=\/wp\/v2\/pages"}],"about":[{"href":"https:\/\/www.yelkenkayak.com\/index.php?rest_route=\/wp\/v2\/types\/page"}],"author":[{"embeddable":true,"href":"https:\/\/www.yelkenkayak.com\/index.php?rest_route=\/wp\/v2\/users\/1"}],"replies":[{"embeddable":true,"href":"https:\/\/www.yelkenkayak.com\/index.php?rest_route=%2Fwp%2Fv2%2Fcomments&post=3328"}],"version-history":[{"count":5,"href":"https:\/\/www.yelkenkayak.com\/index.php?rest_route=\/wp\/v2\/pages\/3328\/revisions"}],"predecessor-version":[{"id":3479,"href":"https:\/\/www.yelkenkayak.com\/index.php?rest_route=\/wp\/v2\/pages\/3328\/revisions\/3479"}],"up":[{"embeddable":true,"href":"https:\/\/www.yelkenkayak.com\/index.php?rest_route=\/wp\/v2\/pages\/5"}],"wp:attachment":[{"href":"https:\/\/www.yelkenkayak.com\/index.php?rest_route=%2Fwp%2Fv2%2Fmedia&parent=3328"}],"curies":[{"name":"wp","href":"https:\/\/api.w.org\/{rel}","templated":true}]}}