{"id":3094,"date":"2016-01-07T19:38:23","date_gmt":"2016-01-07T19:38:23","guid":{"rendered":"http:\/\/www.yelkenkayak.com\/?page_id=3094"},"modified":"2024-08-19T12:54:16","modified_gmt":"2024-08-19T12:54:16","slug":"ilkel-gezgin","status":"publish","type":"page","link":"https:\/\/www.yelkenkayak.com\/?page_id=3094","title":{"rendered":"\u0130lkel Gezgin"},"content":{"rendered":"<p><strong>Boy: 445 cm, En: 56 cm , A\u011f\u0131rl\u0131k: 17 kg, Hacim: 105 kg\u00a0<\/strong><\/p>\n<p>Kendi modelimiz olan Greenland tarz\u0131 kaya\u011f\u0131 her t\u00fcrl\u00fc hava ko\u015fulunda denizde ve durgun sularda kullanabilirsiniz. 445 cm boy ve 17 kg a\u011f\u0131rl\u0131\u011f\u0131 ile rahat\u00e7a ta\u015f\u0131yabilece\u011finiz ve t\u00fcm yaz yan\u0131n\u0131zdan ay\u0131rmayaca\u011f\u0131n\u0131z bir kayakt\u0131r. Eskimo roll u en rahat \u015fekilde, hatta k\u00fcreksiz yapabilece\u011finiz bir kayakt\u0131r. Manevra kabiliyeti ve \u00e7abuk h\u0131zlanmas\u0131 sayesinde dalgalarla s\u00f6rf yapabilece\u011finiz bu kaya\u011f\u0131n planlar\u0131n\u0131 sat\u0131n alabilir ve kendiniz imal edebilirsiniz. En fazla, 180 cm boy ve 80 kg a\u011f\u0131rl\u0131\u011f\u0131nda kullan\u0131c\u0131lar i\u00e7in uygundur.<\/p>\n<p><img loading=\"lazy\" decoding=\"async\" class=\"alignleft size-large wp-image-3278\" src=\"http:\/\/www.yelkenkayak.com\/wp-content\/uploads\/2016\/01\/2016_02_03_9999_161-800x450.jpg\" alt=\"2016_02_03_9999_161\" width=\"800\" height=\"450\" srcset=\"https:\/\/www.yelkenkayak.com\/wp-content\/uploads\/2016\/01\/2016_02_03_9999_161-800x450.jpg 800w, https:\/\/www.yelkenkayak.com\/wp-content\/uploads\/2016\/01\/2016_02_03_9999_161-300x169.jpg 300w, https:\/\/www.yelkenkayak.com\/wp-content\/uploads\/2016\/01\/2016_02_03_9999_161-768x432.jpg 768w, https:\/\/www.yelkenkayak.com\/wp-content\/uploads\/2016\/01\/2016_02_03_9999_161-600x338.jpg 600w, https:\/\/www.yelkenkayak.com\/wp-content\/uploads\/2016\/01\/2016_02_03_9999_161-330x186.jpg 330w, https:\/\/www.yelkenkayak.com\/wp-content\/uploads\/2016\/01\/2016_02_03_9999_161.jpg 1920w\" sizes=\"auto, (max-width: 800px) 100vw, 800px\" \/><\/p>\n<p><img loading=\"lazy\" decoding=\"async\" class=\"alignleft size-large wp-image-3279\" src=\"http:\/\/www.yelkenkayak.com\/wp-content\/uploads\/2016\/01\/2016_02_03_9999_19-800x450.jpg\" alt=\"2016_02_03_9999_19\" width=\"800\" height=\"450\" srcset=\"https:\/\/www.yelkenkayak.com\/wp-content\/uploads\/2016\/01\/2016_02_03_9999_19-800x450.jpg 800w, https:\/\/www.yelkenkayak.com\/wp-content\/uploads\/2016\/01\/2016_02_03_9999_19-300x169.jpg 300w, https:\/\/www.yelkenkayak.com\/wp-content\/uploads\/2016\/01\/2016_02_03_9999_19-768x432.jpg 768w, https:\/\/www.yelkenkayak.com\/wp-content\/uploads\/2016\/01\/2016_02_03_9999_19-600x338.jpg 600w, https:\/\/www.yelkenkayak.com\/wp-content\/uploads\/2016\/01\/2016_02_03_9999_19-330x186.jpg 330w, https:\/\/www.yelkenkayak.com\/wp-content\/uploads\/2016\/01\/2016_02_03_9999_19.jpg 1920w\" sizes=\"auto, (max-width: 800px) 100vw, 800px\" \/><\/p>\n<p><img loading=\"lazy\" decoding=\"async\" class=\"alignleft size-large wp-image-3280\" src=\"http:\/\/www.yelkenkayak.com\/wp-content\/uploads\/2016\/01\/2016_02_03_9999_34-800x450.jpg\" alt=\"2016_02_03_9999_34\" width=\"800\" height=\"450\" srcset=\"https:\/\/www.yelkenkayak.com\/wp-content\/uploads\/2016\/01\/2016_02_03_9999_34-800x450.jpg 800w, https:\/\/www.yelkenkayak.com\/wp-content\/uploads\/2016\/01\/2016_02_03_9999_34-300x169.jpg 300w, https:\/\/www.yelkenkayak.com\/wp-content\/uploads\/2016\/01\/2016_02_03_9999_34-768x432.jpg 768w, https:\/\/www.yelkenkayak.com\/wp-content\/uploads\/2016\/01\/2016_02_03_9999_34-600x338.jpg 600w, https:\/\/www.yelkenkayak.com\/wp-content\/uploads\/2016\/01\/2016_02_03_9999_34-330x186.jpg 330w, https:\/\/www.yelkenkayak.com\/wp-content\/uploads\/2016\/01\/2016_02_03_9999_34.jpg 1920w\" sizes=\"auto, (max-width: 800px) 100vw, 800px\" \/><\/p>\n<p><img loading=\"lazy\" decoding=\"async\" class=\"alignleft size-large wp-image-3281\" src=\"http:\/\/www.yelkenkayak.com\/wp-content\/uploads\/2016\/01\/2016_02_03_9999_48-800x450.jpg\" alt=\"2016_02_03_9999_48\" width=\"800\" height=\"450\" srcset=\"https:\/\/www.yelkenkayak.com\/wp-content\/uploads\/2016\/01\/2016_02_03_9999_48-800x450.jpg 800w, https:\/\/www.yelkenkayak.com\/wp-content\/uploads\/2016\/01\/2016_02_03_9999_48-300x169.jpg 300w, https:\/\/www.yelkenkayak.com\/wp-content\/uploads\/2016\/01\/2016_02_03_9999_48-768x432.jpg 768w, https:\/\/www.yelkenkayak.com\/wp-content\/uploads\/2016\/01\/2016_02_03_9999_48-600x338.jpg 600w, https:\/\/www.yelkenkayak.com\/wp-content\/uploads\/2016\/01\/2016_02_03_9999_48-330x186.jpg 330w, https:\/\/www.yelkenkayak.com\/wp-content\/uploads\/2016\/01\/2016_02_03_9999_48.jpg 1920w\" sizes=\"auto, (max-width: 800px) 100vw, 800px\" \/><\/p>\n<p><img loading=\"lazy\" decoding=\"async\" class=\"alignleft size-large wp-image-3282\" src=\"http:\/\/www.yelkenkayak.com\/wp-content\/uploads\/2016\/01\/2016_02_03_9999_62-800x450.jpg\" alt=\"\u0130lkel Gezgin-15\" width=\"800\" height=\"450\" srcset=\"https:\/\/www.yelkenkayak.com\/wp-content\/uploads\/2016\/01\/2016_02_03_9999_62-800x450.jpg 800w, https:\/\/www.yelkenkayak.com\/wp-content\/uploads\/2016\/01\/2016_02_03_9999_62-300x169.jpg 300w, https:\/\/www.yelkenkayak.com\/wp-content\/uploads\/2016\/01\/2016_02_03_9999_62-768x432.jpg 768w, https:\/\/www.yelkenkayak.com\/wp-content\/uploads\/2016\/01\/2016_02_03_9999_62-600x338.jpg 600w, https:\/\/www.yelkenkayak.com\/wp-content\/uploads\/2016\/01\/2016_02_03_9999_62-330x186.jpg 330w, https:\/\/www.yelkenkayak.com\/wp-content\/uploads\/2016\/01\/2016_02_03_9999_62.jpg 1920w\" sizes=\"auto, (max-width: 800px) 100vw, 800px\" \/><\/p>\n<p><img loading=\"lazy\" decoding=\"async\" class=\"alignleft size-large wp-image-3283\" src=\"http:\/\/www.yelkenkayak.com\/wp-content\/uploads\/2016\/01\/2016_02_03_9999_139-800x450.jpg\" alt=\"\u0130lkel Gezgin-15\" width=\"800\" height=\"450\" srcset=\"https:\/\/www.yelkenkayak.com\/wp-content\/uploads\/2016\/01\/2016_02_03_9999_139-800x450.jpg 800w, https:\/\/www.yelkenkayak.com\/wp-content\/uploads\/2016\/01\/2016_02_03_9999_139-300x169.jpg 300w, https:\/\/www.yelkenkayak.com\/wp-content\/uploads\/2016\/01\/2016_02_03_9999_139-768x432.jpg 768w, https:\/\/www.yelkenkayak.com\/wp-content\/uploads\/2016\/01\/2016_02_03_9999_139-600x338.jpg 600w, https:\/\/www.yelkenkayak.com\/wp-content\/uploads\/2016\/01\/2016_02_03_9999_139-330x186.jpg 330w, https:\/\/www.yelkenkayak.com\/wp-content\/uploads\/2016\/01\/2016_02_03_9999_139.jpg 1920w\" sizes=\"auto, (max-width: 800px) 100vw, 800px\" \/><\/p>\n<p><img loading=\"lazy\" decoding=\"async\" class=\"alignleft size-large wp-image-3284\" src=\"http:\/\/www.yelkenkayak.com\/wp-content\/uploads\/2016\/01\/2016_02_03_9999_158-800x450.jpg\" alt=\"\u0130lkel Gezgin-15\" width=\"800\" height=\"450\" srcset=\"https:\/\/www.yelkenkayak.com\/wp-content\/uploads\/2016\/01\/2016_02_03_9999_158-800x450.jpg 800w, https:\/\/www.yelkenkayak.com\/wp-content\/uploads\/2016\/01\/2016_02_03_9999_158-300x169.jpg 300w, https:\/\/www.yelkenkayak.com\/wp-content\/uploads\/2016\/01\/2016_02_03_9999_158-768x432.jpg 768w, https:\/\/www.yelkenkayak.com\/wp-content\/uploads\/2016\/01\/2016_02_03_9999_158-600x338.jpg 600w, https:\/\/www.yelkenkayak.com\/wp-content\/uploads\/2016\/01\/2016_02_03_9999_158-330x186.jpg 330w, https:\/\/www.yelkenkayak.com\/wp-content\/uploads\/2016\/01\/2016_02_03_9999_158.jpg 1920w\" sizes=\"auto, (max-width: 800px) 100vw, 800px\" \/><\/p>\n<p><img loading=\"lazy\" decoding=\"async\" class=\"alignleft size-large wp-image-3134\" src=\"http:\/\/www.yelkenkayak.com\/wp-content\/uploads\/2012\/05\/ILKEL-GEZGIN-4-800x1071.jpg\" alt=\"ILKEL GEZGIN 4\" width=\"800\" height=\"1071\" srcset=\"https:\/\/www.yelkenkayak.com\/wp-content\/uploads\/2012\/05\/ILKEL-GEZGIN-4-800x1071.jpg 800w, https:\/\/www.yelkenkayak.com\/wp-content\/uploads\/2012\/05\/ILKEL-GEZGIN-4-224x300.jpg 224w, https:\/\/www.yelkenkayak.com\/wp-content\/uploads\/2012\/05\/ILKEL-GEZGIN-4-768x1028.jpg 768w, https:\/\/www.yelkenkayak.com\/wp-content\/uploads\/2012\/05\/ILKEL-GEZGIN-4-600x803.jpg 600w, https:\/\/www.yelkenkayak.com\/wp-content\/uploads\/2012\/05\/ILKEL-GEZGIN-4-148x198.jpg 148w, https:\/\/www.yelkenkayak.com\/wp-content\/uploads\/2012\/05\/ILKEL-GEZGIN-4.jpg 1222w\" sizes=\"auto, (max-width: 800px) 100vw, 800px\" \/><\/p>\n<p><img loading=\"lazy\" decoding=\"async\" class=\"alignleft size-large wp-image-3133\" src=\"http:\/\/www.yelkenkayak.com\/wp-content\/uploads\/2012\/05\/ILKEL-GEZGIN-3-800x475.jpg\" alt=\"ILKEL GEZGIN 3\" width=\"800\" height=\"475\" srcset=\"https:\/\/www.yelkenkayak.com\/wp-content\/uploads\/2012\/05\/ILKEL-GEZGIN-3-800x475.jpg 800w, https:\/\/www.yelkenkayak.com\/wp-content\/uploads\/2012\/05\/ILKEL-GEZGIN-3-300x178.jpg 300w, https:\/\/www.yelkenkayak.com\/wp-content\/uploads\/2012\/05\/ILKEL-GEZGIN-3-768x456.jpg 768w, https:\/\/www.yelkenkayak.com\/wp-content\/uploads\/2012\/05\/ILKEL-GEZGIN-3-600x356.jpg 600w, https:\/\/www.yelkenkayak.com\/wp-content\/uploads\/2012\/05\/ILKEL-GEZGIN-3-330x196.jpg 330w, https:\/\/www.yelkenkayak.com\/wp-content\/uploads\/2012\/05\/ILKEL-GEZGIN-3.jpg 1222w\" sizes=\"auto, (max-width: 800px) 100vw, 800px\" \/><\/p>\n<p><img loading=\"lazy\" decoding=\"async\" class=\"alignleft size-large wp-image-3132\" src=\"http:\/\/www.yelkenkayak.com\/wp-content\/uploads\/2012\/05\/ILKEL-GEZGIN-2-800x492.jpg\" alt=\"ILKEL GEZGIN 2\" width=\"800\" height=\"492\" srcset=\"https:\/\/www.yelkenkayak.com\/wp-content\/uploads\/2012\/05\/ILKEL-GEZGIN-2-800x492.jpg 800w, https:\/\/www.yelkenkayak.com\/wp-content\/uploads\/2012\/05\/ILKEL-GEZGIN-2-300x184.jpg 300w, https:\/\/www.yelkenkayak.com\/wp-content\/uploads\/2012\/05\/ILKEL-GEZGIN-2-768x472.jpg 768w, https:\/\/www.yelkenkayak.com\/wp-content\/uploads\/2012\/05\/ILKEL-GEZGIN-2-600x369.jpg 600w, https:\/\/www.yelkenkayak.com\/wp-content\/uploads\/2012\/05\/ILKEL-GEZGIN-2-322x198.jpg 322w, https:\/\/www.yelkenkayak.com\/wp-content\/uploads\/2012\/05\/ILKEL-GEZGIN-2.jpg 1222w\" sizes=\"auto, (max-width: 800px) 100vw, 800px\" \/><\/p>\n","protected":false},"excerpt":{"rendered":"<p>Boy: 445 cm, En: 56 cm , A\u011f\u0131rl\u0131k: 17 kg, Hacim: 105 kg\u00a0 Kendi modelimiz olan Greenland tarz\u0131 kaya\u011f\u0131 her t\u00fcrl\u00fc hava ko\u015fulunda denizde ve durgun sularda kullanabilirsiniz. 445 cm boy ve 17 kg a\u011f\u0131rl\u0131\u011f\u0131 ile rahat\u00e7a ta\u015f\u0131yabilece\u011finiz ve t\u00fcm yaz yan\u0131n\u0131zdan ay\u0131rmayaca\u011f\u0131n\u0131z bir kayakt\u0131r. Eskimo roll u en rahat \u015fekilde, hatta k\u00fcreksiz yapabilece\u011finiz bir &#8230;<\/p>\n","protected":false},"author":1,"featured_media":0,"parent":5,"menu_order":0,"comment_status":"closed","ping_status":"closed","template":"","meta":{"ngg_post_thumbnail":0,"footnotes":""},"class_list":["post-3094","page","type-page","status-publish","hentry"],"_links":{"self":[{"href":"https:\/\/www.yelkenkayak.com\/index.php?rest_route=\/wp\/v2\/pages\/3094","targetHints":{"allow":["GET"]}}],"collection":[{"href":"https:\/\/www.yelkenkayak.com\/index.php?rest_route=\/wp\/v2\/pages"}],"about":[{"href":"https:\/\/www.yelkenkayak.com\/index.php?rest_route=\/wp\/v2\/types\/page"}],"author":[{"embeddable":true,"href":"https:\/\/www.yelkenkayak.com\/index.php?rest_route=\/wp\/v2\/users\/1"}],"replies":[{"embeddable":true,"href":"https:\/\/www.yelkenkayak.com\/index.php?rest_route=%2Fwp%2Fv2%2Fcomments&post=3094"}],"version-history":[{"count":7,"href":"https:\/\/www.yelkenkayak.com\/index.php?rest_route=\/wp\/v2\/pages\/3094\/revisions"}],"predecessor-version":[{"id":3567,"href":"https:\/\/www.yelkenkayak.com\/index.php?rest_route=\/wp\/v2\/pages\/3094\/revisions\/3567"}],"up":[{"embeddable":true,"href":"https:\/\/www.yelkenkayak.com\/index.php?rest_route=\/wp\/v2\/pages\/5"}],"wp:attachment":[{"href":"https:\/\/www.yelkenkayak.com\/index.php?rest_route=%2Fwp%2Fv2%2Fmedia&parent=3094"}],"curies":[{"name":"wp","href":"https:\/\/api.w.org\/{rel}","templated":true}]}}