{"id":2908,"date":"2016-01-04T21:27:37","date_gmt":"2016-01-04T21:27:37","guid":{"rendered":"http:\/\/www.yelkenkayak.com\/?page_id=2908"},"modified":"2022-08-21T15:09:12","modified_gmt":"2022-08-21T15:09:12","slug":"ilkel_sup","status":"publish","type":"page","link":"https:\/\/www.yelkenkayak.com\/?page_id=2908","title":{"rendered":"KAHALO 12-SUP"},"content":{"rendered":"<p><strong>Boy: 455 cm, En: 65 cm , A\u011f\u0131rl\u0131k: 21 kg, Hacim: 145 kg\u00a0\u00a0<\/strong><\/p>\n<p>75 cm en ve 370 cm boyunda, araban\u0131z\u0131n \u00fczerinde ta\u015f\u0131yabilece\u011finiz 18 kg a\u011f\u0131rl\u0131\u011f\u0131nda ayakta k\u00fcrek \u00e7ekmenin keyfini ya\u015fayabilece\u011finiz bir model. \u00dczerinde yat\u0131p g\u00fcne\u015flenebilece\u011finiz, ayakta yada oturarak uzun mesafeler k\u00fcrek \u00e7ekebilece\u011finiz, iki ki\u015fi gezip k\u0131y\u0131da bal\u0131k tutabilece\u011finiz yeni moda olan bu modeli at\u00f6lyemizi ziyaret ederek denemenizi tavsite ederiz.<\/p>\n<p><img loading=\"lazy\" decoding=\"async\" class=\"alignleft wp-image-3009\" src=\"http:\/\/www.yelkenkayak.com\/wp-content\/uploads\/2016\/01\/ILKEL-SUP3-800x469.jpg\" alt=\"ILKEL-SUP3\" width=\"686\" height=\"402\" srcset=\"https:\/\/www.yelkenkayak.com\/wp-content\/uploads\/2016\/01\/ILKEL-SUP3-800x469.jpg 800w, https:\/\/www.yelkenkayak.com\/wp-content\/uploads\/2016\/01\/ILKEL-SUP3-300x176.jpg 300w, https:\/\/www.yelkenkayak.com\/wp-content\/uploads\/2016\/01\/ILKEL-SUP3-768x450.jpg 768w, https:\/\/www.yelkenkayak.com\/wp-content\/uploads\/2016\/01\/ILKEL-SUP3-600x352.jpg 600w, https:\/\/www.yelkenkayak.com\/wp-content\/uploads\/2016\/01\/ILKEL-SUP3-460x270.jpg 460w, https:\/\/www.yelkenkayak.com\/wp-content\/uploads\/2016\/01\/ILKEL-SUP3-330x193.jpg 330w, https:\/\/www.yelkenkayak.com\/wp-content\/uploads\/2016\/01\/ILKEL-SUP3.jpg 1111w\" sizes=\"auto, (max-width: 686px) 100vw, 686px\" \/><\/p>\n<p><img loading=\"lazy\" decoding=\"async\" class=\"alignleft wp-image-3008\" src=\"http:\/\/www.yelkenkayak.com\/wp-content\/uploads\/2016\/01\/ILKEL-SUP2-800x458.jpg\" alt=\"ILKEL-SUP2\" width=\"686\" height=\"393\" srcset=\"https:\/\/www.yelkenkayak.com\/wp-content\/uploads\/2016\/01\/ILKEL-SUP2-800x458.jpg 800w, https:\/\/www.yelkenkayak.com\/wp-content\/uploads\/2016\/01\/ILKEL-SUP2-300x172.jpg 300w, https:\/\/www.yelkenkayak.com\/wp-content\/uploads\/2016\/01\/ILKEL-SUP2-768x440.jpg 768w, https:\/\/www.yelkenkayak.com\/wp-content\/uploads\/2016\/01\/ILKEL-SUP2-600x343.jpg 600w, https:\/\/www.yelkenkayak.com\/wp-content\/uploads\/2016\/01\/ILKEL-SUP2-330x189.jpg 330w, https:\/\/www.yelkenkayak.com\/wp-content\/uploads\/2016\/01\/ILKEL-SUP2.jpg 1111w\" sizes=\"auto, (max-width: 686px) 100vw, 686px\" \/><\/p>\n<p><img loading=\"lazy\" decoding=\"async\" class=\"alignleft wp-image-3007\" src=\"http:\/\/www.yelkenkayak.com\/wp-content\/uploads\/2016\/01\/ILKEL-SUP.jpg\" alt=\"ILKEL-SUP\" width=\"687\" height=\"426\" srcset=\"https:\/\/www.yelkenkayak.com\/wp-content\/uploads\/2016\/01\/ILKEL-SUP.jpg 750w, https:\/\/www.yelkenkayak.com\/wp-content\/uploads\/2016\/01\/ILKEL-SUP-300x186.jpg 300w, https:\/\/www.yelkenkayak.com\/wp-content\/uploads\/2016\/01\/ILKEL-SUP-600x372.jpg 600w, https:\/\/www.yelkenkayak.com\/wp-content\/uploads\/2016\/01\/ILKEL-SUP-319x198.jpg 319w\" sizes=\"auto, (max-width: 687px) 100vw, 687px\" \/><\/p>\n<div id=\"attachment_1812\" style=\"width: 699px\" class=\"wp-caption alignleft\"><img loading=\"lazy\" decoding=\"async\" aria-describedby=\"caption-attachment-1812\" class=\" wp-image-1812\" src=\"http:\/\/www.yelkenkayak.com\/wp-content\/uploads\/2014\/11\/YK10-1024x576.jpg\" alt=\"Deniz Kaya\u011f\u0131 \u0130stanbul\" width=\"689\" height=\"387\" srcset=\"https:\/\/www.yelkenkayak.com\/wp-content\/uploads\/2014\/11\/YK10-1024x576.jpg 1024w, https:\/\/www.yelkenkayak.com\/wp-content\/uploads\/2014\/11\/YK10-300x168.jpg 300w, https:\/\/www.yelkenkayak.com\/wp-content\/uploads\/2014\/11\/YK10-330x185.jpg 330w, https:\/\/www.yelkenkayak.com\/wp-content\/uploads\/2014\/11\/YK10.jpg 1920w\" sizes=\"auto, (max-width: 689px) 100vw, 689px\" \/><p id=\"caption-attachment-1812\" class=\"wp-caption-text\">YelkenKayak &#8211; Deniz Kayaklar\u0131<\/p><\/div>\n","protected":false},"excerpt":{"rendered":"<p>Boy: 455 cm, En: 65 cm , A\u011f\u0131rl\u0131k: 21 kg, Hacim: 145 kg\u00a0\u00a0 75 cm en ve 370 cm boyunda, araban\u0131z\u0131n \u00fczerinde ta\u015f\u0131yabilece\u011finiz 18 kg a\u011f\u0131rl\u0131\u011f\u0131nda ayakta k\u00fcrek \u00e7ekmenin keyfini ya\u015fayabilece\u011finiz bir model. \u00dczerinde yat\u0131p g\u00fcne\u015flenebilece\u011finiz, ayakta yada oturarak uzun mesafeler k\u00fcrek \u00e7ekebilece\u011finiz, iki ki\u015fi gezip k\u0131y\u0131da bal\u0131k tutabilece\u011finiz yeni moda olan bu modeli at\u00f6lyemizi &#8230;<\/p>\n","protected":false},"author":1,"featured_media":0,"parent":5,"menu_order":0,"comment_status":"closed","ping_status":"closed","template":"","meta":{"ngg_post_thumbnail":0,"footnotes":""},"class_list":["post-2908","page","type-page","status-publish","hentry"],"_links":{"self":[{"href":"https:\/\/www.yelkenkayak.com\/index.php?rest_route=\/wp\/v2\/pages\/2908","targetHints":{"allow":["GET"]}}],"collection":[{"href":"https:\/\/www.yelkenkayak.com\/index.php?rest_route=\/wp\/v2\/pages"}],"about":[{"href":"https:\/\/www.yelkenkayak.com\/index.php?rest_route=\/wp\/v2\/types\/page"}],"author":[{"embeddable":true,"href":"https:\/\/www.yelkenkayak.com\/index.php?rest_route=\/wp\/v2\/users\/1"}],"replies":[{"embeddable":true,"href":"https:\/\/www.yelkenkayak.com\/index.php?rest_route=%2Fwp%2Fv2%2Fcomments&post=2908"}],"version-history":[{"count":10,"href":"https:\/\/www.yelkenkayak.com\/index.php?rest_route=\/wp\/v2\/pages\/2908\/revisions"}],"predecessor-version":[{"id":3559,"href":"https:\/\/www.yelkenkayak.com\/index.php?rest_route=\/wp\/v2\/pages\/2908\/revisions\/3559"}],"up":[{"embeddable":true,"href":"https:\/\/www.yelkenkayak.com\/index.php?rest_route=\/wp\/v2\/pages\/5"}],"wp:attachment":[{"href":"https:\/\/www.yelkenkayak.com\/index.php?rest_route=%2Fwp%2Fv2%2Fmedia&parent=2908"}],"curies":[{"name":"wp","href":"https:\/\/api.w.org\/{rel}","templated":true}]}}