{"id":2898,"date":"2016-01-04T20:41:06","date_gmt":"2016-01-04T20:41:06","guid":{"rendered":"http:\/\/www.yelkenkayak.com\/?page_id=2898"},"modified":"2022-08-21T15:09:15","modified_gmt":"2022-08-21T15:09:15","slug":"ilkel_yarisci","status":"publish","type":"page","link":"https:\/\/www.yelkenkayak.com\/?page_id=2898","title":{"rendered":"\u0130lkel Yar\u0131\u015f\u00e7\u0131"},"content":{"rendered":"<p><strong>Boy: 600 cm, En: 48 cm , A\u011f\u0131rl\u0131k: 18 kg, Hacim: 125 kg\u00a0 \u00a0<\/strong><\/p>\n<p>48 cm en ve 600 cm boyunda, araban\u0131z\u0131n \u00fczerinde ta\u015f\u0131yabilece\u011finiz bir h\u0131z kaya\u011f\u0131d\u0131r. Sadece 18kg a\u011f\u0131rl\u0131\u011f\u0131nda olan bu kayak ile uzun mesafeleri k\u0131sa zamanda katedebilirsiniz. 48 cm enine ra\u011fmen son derece dengeli bir kayakt\u0131r. \u0130ki adet su ge\u00e7irmez ambar\u0131 bulunmaktad\u0131r. Spor ama\u00e7l\u0131 k\u00fcrek \u00e7ekiyorsan\u0131z bu tam arad\u0131\u011f\u0131n\u0131z kayak modelidir.<\/p>\n<p><img loading=\"lazy\" decoding=\"async\" class=\"alignleft size-large wp-image-2904\" src=\"http:\/\/www.yelkenkayak.com\/wp-content\/uploads\/2016\/01\/PAX-203-800x356.jpg\" alt=\"PAX -203\" width=\"800\" height=\"356\" srcset=\"https:\/\/www.yelkenkayak.com\/wp-content\/uploads\/2016\/01\/PAX-203-800x356.jpg 800w, https:\/\/www.yelkenkayak.com\/wp-content\/uploads\/2016\/01\/PAX-203-300x133.jpg 300w, https:\/\/www.yelkenkayak.com\/wp-content\/uploads\/2016\/01\/PAX-203-768x342.jpg 768w, https:\/\/www.yelkenkayak.com\/wp-content\/uploads\/2016\/01\/PAX-203-600x267.jpg 600w, https:\/\/www.yelkenkayak.com\/wp-content\/uploads\/2016\/01\/PAX-203-330x147.jpg 330w, https:\/\/www.yelkenkayak.com\/wp-content\/uploads\/2016\/01\/PAX-203-560x250.jpg 560w, https:\/\/www.yelkenkayak.com\/wp-content\/uploads\/2016\/01\/PAX-203.jpg 1920w\" sizes=\"auto, (max-width: 800px) 100vw, 800px\" \/><\/p>\n<p><img loading=\"lazy\" decoding=\"async\" class=\"alignleft size-large wp-image-2903\" src=\"http:\/\/www.yelkenkayak.com\/wp-content\/uploads\/2016\/01\/PAX-201-800x427.jpg\" alt=\"PAX -201\" width=\"800\" height=\"427\" srcset=\"https:\/\/www.yelkenkayak.com\/wp-content\/uploads\/2016\/01\/PAX-201-800x427.jpg 800w, https:\/\/www.yelkenkayak.com\/wp-content\/uploads\/2016\/01\/PAX-201-300x160.jpg 300w, https:\/\/www.yelkenkayak.com\/wp-content\/uploads\/2016\/01\/PAX-201-768x410.jpg 768w, https:\/\/www.yelkenkayak.com\/wp-content\/uploads\/2016\/01\/PAX-201-600x320.jpg 600w, https:\/\/www.yelkenkayak.com\/wp-content\/uploads\/2016\/01\/PAX-201-330x176.jpg 330w, https:\/\/www.yelkenkayak.com\/wp-content\/uploads\/2016\/01\/PAX-201.jpg 1234w\" sizes=\"auto, (max-width: 800px) 100vw, 800px\" \/><\/p>\n<p><img loading=\"lazy\" decoding=\"async\" class=\"alignleft size-large wp-image-2900\" src=\"http:\/\/www.yelkenkayak.com\/wp-content\/uploads\/2016\/01\/PAX-800x491.jpg\" alt=\"PAX\" width=\"800\" height=\"491\" srcset=\"https:\/\/www.yelkenkayak.com\/wp-content\/uploads\/2016\/01\/PAX-800x491.jpg 800w, https:\/\/www.yelkenkayak.com\/wp-content\/uploads\/2016\/01\/PAX-300x184.jpg 300w, https:\/\/www.yelkenkayak.com\/wp-content\/uploads\/2016\/01\/PAX-768x471.jpg 768w, https:\/\/www.yelkenkayak.com\/wp-content\/uploads\/2016\/01\/PAX-600x368.jpg 600w, https:\/\/www.yelkenkayak.com\/wp-content\/uploads\/2016\/01\/PAX-323x198.jpg 323w, https:\/\/www.yelkenkayak.com\/wp-content\/uploads\/2016\/01\/PAX.jpg 1234w\" sizes=\"auto, (max-width: 800px) 100vw, 800px\" \/><\/p>\n<p><img loading=\"lazy\" decoding=\"async\" class=\"alignleft size-large wp-image-2899\" src=\"http:\/\/www.yelkenkayak.com\/wp-content\/uploads\/2016\/01\/PAX-SW-800x328.jpg\" alt=\"PAX SW\" width=\"800\" height=\"328\" srcset=\"https:\/\/www.yelkenkayak.com\/wp-content\/uploads\/2016\/01\/PAX-SW-800x328.jpg 800w, https:\/\/www.yelkenkayak.com\/wp-content\/uploads\/2016\/01\/PAX-SW-300x123.jpg 300w, https:\/\/www.yelkenkayak.com\/wp-content\/uploads\/2016\/01\/PAX-SW-768x315.jpg 768w, https:\/\/www.yelkenkayak.com\/wp-content\/uploads\/2016\/01\/PAX-SW-600x246.jpg 600w, https:\/\/www.yelkenkayak.com\/wp-content\/uploads\/2016\/01\/PAX-SW-330x135.jpg 330w, https:\/\/www.yelkenkayak.com\/wp-content\/uploads\/2016\/01\/PAX-SW.jpg 1567w\" sizes=\"auto, (max-width: 800px) 100vw, 800px\" \/><\/p>\n<p><img loading=\"lazy\" decoding=\"async\" class=\"alignleft size-large wp-image-2901\" src=\"http:\/\/www.yelkenkayak.com\/wp-content\/uploads\/2016\/01\/PAX-20-800x406.jpg\" alt=\"PAX-20\" width=\"800\" height=\"406\" srcset=\"https:\/\/www.yelkenkayak.com\/wp-content\/uploads\/2016\/01\/PAX-20-800x406.jpg 800w, https:\/\/www.yelkenkayak.com\/wp-content\/uploads\/2016\/01\/PAX-20-300x152.jpg 300w, https:\/\/www.yelkenkayak.com\/wp-content\/uploads\/2016\/01\/PAX-20-768x390.jpg 768w, https:\/\/www.yelkenkayak.com\/wp-content\/uploads\/2016\/01\/PAX-20-600x305.jpg 600w, https:\/\/www.yelkenkayak.com\/wp-content\/uploads\/2016\/01\/PAX-20-330x168.jpg 330w, https:\/\/www.yelkenkayak.com\/wp-content\/uploads\/2016\/01\/PAX-20.jpg 1234w\" sizes=\"auto, (max-width: 800px) 100vw, 800px\" \/><\/p>\n","protected":false},"excerpt":{"rendered":"<p>Boy: 600 cm, En: 48 cm , A\u011f\u0131rl\u0131k: 18 kg, Hacim: 125 kg\u00a0 \u00a0 48 cm en ve 600 cm boyunda, araban\u0131z\u0131n \u00fczerinde ta\u015f\u0131yabilece\u011finiz bir h\u0131z kaya\u011f\u0131d\u0131r. Sadece 18kg a\u011f\u0131rl\u0131\u011f\u0131nda olan bu kayak ile uzun mesafeleri k\u0131sa zamanda katedebilirsiniz. 48 cm enine ra\u011fmen son derece dengeli bir kayakt\u0131r. \u0130ki adet su ge\u00e7irmez ambar\u0131 bulunmaktad\u0131r. Spor &#8230;<\/p>\n","protected":false},"author":1,"featured_media":0,"parent":5,"menu_order":0,"comment_status":"closed","ping_status":"closed","template":"","meta":{"ngg_post_thumbnail":0,"footnotes":""},"class_list":["post-2898","page","type-page","status-publish","hentry"],"_links":{"self":[{"href":"https:\/\/www.yelkenkayak.com\/index.php?rest_route=\/wp\/v2\/pages\/2898","targetHints":{"allow":["GET"]}}],"collection":[{"href":"https:\/\/www.yelkenkayak.com\/index.php?rest_route=\/wp\/v2\/pages"}],"about":[{"href":"https:\/\/www.yelkenkayak.com\/index.php?rest_route=\/wp\/v2\/types\/page"}],"author":[{"embeddable":true,"href":"https:\/\/www.yelkenkayak.com\/index.php?rest_route=\/wp\/v2\/users\/1"}],"replies":[{"embeddable":true,"href":"https:\/\/www.yelkenkayak.com\/index.php?rest_route=%2Fwp%2Fv2%2Fcomments&post=2898"}],"version-history":[{"count":12,"href":"https:\/\/www.yelkenkayak.com\/index.php?rest_route=\/wp\/v2\/pages\/2898\/revisions"}],"predecessor-version":[{"id":3558,"href":"https:\/\/www.yelkenkayak.com\/index.php?rest_route=\/wp\/v2\/pages\/2898\/revisions\/3558"}],"up":[{"embeddable":true,"href":"https:\/\/www.yelkenkayak.com\/index.php?rest_route=\/wp\/v2\/pages\/5"}],"wp:attachment":[{"href":"https:\/\/www.yelkenkayak.com\/index.php?rest_route=%2Fwp%2Fv2%2Fmedia&parent=2898"}],"curies":[{"name":"wp","href":"https:\/\/api.w.org\/{rel}","templated":true}]}}