{"id":2306,"date":"2015-05-13T13:06:02","date_gmt":"2015-05-13T13:06:02","guid":{"rendered":"http:\/\/www.yelkenkayak.com\/?page_id=2306"},"modified":"2022-08-21T15:07:10","modified_gmt":"2022-08-21T15:07:10","slug":"ilkel_sporcu","status":"publish","type":"page","link":"https:\/\/www.yelkenkayak.com\/?page_id=2306","title":{"rendered":"Sheatwater Sport"},"content":{"rendered":"<p><img loading=\"lazy\" decoding=\"async\" class=\"alignleft size-large wp-image-2324\" src=\"http:\/\/www.yelkenkayak.com\/wp-content\/uploads\/2015\/05\/sw-sport-3-800x506.jpg\" alt=\"sw sport 3\" width=\"800\" height=\"506\" srcset=\"https:\/\/www.yelkenkayak.com\/wp-content\/uploads\/2015\/05\/sw-sport-3-800x506.jpg 800w, https:\/\/www.yelkenkayak.com\/wp-content\/uploads\/2015\/05\/sw-sport-3-300x190.jpg 300w, https:\/\/www.yelkenkayak.com\/wp-content\/uploads\/2015\/05\/sw-sport-3-600x380.jpg 600w, https:\/\/www.yelkenkayak.com\/wp-content\/uploads\/2015\/05\/sw-sport-3-312x198.jpg 312w, https:\/\/www.yelkenkayak.com\/wp-content\/uploads\/2015\/05\/sw-sport-3.jpg 1234w\" sizes=\"auto, (max-width: 800px) 100vw, 800px\" \/><\/p>\n<p><strong style=\"font-size: 13px; line-height: 19px;\">Boy: 444 cm, En: 63 cm , A\u011f\u0131rl\u0131k: 21 kg, Hacim: 135 kg \u00a0<span style=\"color: #ff6600;\">\u00a0<span style=\"color: #0000ff;\">\u00a0<\/span><\/span><\/strong><\/p>\n<p>Ta\u015f\u0131mas\u0131 rahat, k\u00fcrek \u00e7ekmesi keyifli, d\u00fcz giden, geni\u015f kokpiti ile konforlu bu deniz kaya\u011f\u0131 modeli her t\u00fcrl\u00fc hava ko\u015fulunda denizde ve durgun sularda kullanabilir. \u00a0Dalgalar ile surf yapmak i\u00e7in uygun bir kayakt\u0131r.<\/p>\n<p>Yeni ba\u015flayanlar i\u00e7in oldu\u011fu kadar, uzun geziler i\u00e7inde uygun bir kayakt\u0131r. \u00c7ok y\u00f6nl\u00fc bir kayak modelidir; \u00a0Spor ama\u00e7l\u0131 k\u00fcrek \u00e7ekmek, bal\u0131k tutmak, k\u0131sa ve uzun geziler i\u00e7in uygun olan tek modeldir. \u00a065 cm lik eni ile yelken kullan\u0131labilecek kadar dengelidir. T\u00fcm kamp e\u015fyas\u0131n\u0131 rahat\u00e7a ta\u015f\u0131yabilecek iki \u00a0adet su ge\u00e7irmez ambar\u0131 bulunmaktad\u0131r. Bu hava b\u00f6lmeleri sayesinde g\u00fcvenli bir s\u00fcr\u00fc\u015f sunuyor. Devrilme durumunda sadece orta k\u0131s\u0131mda az miktarda su kald\u0131\u011f\u0131ndan, kaya\u011fa tekrar binmek ve kalan suyu pompalamak k\u0131sa zaman al\u0131yor.<\/p>\n<p><img loading=\"lazy\" decoding=\"async\" class=\"alignleft size-large wp-image-2325\" src=\"http:\/\/www.yelkenkayak.com\/wp-content\/uploads\/2015\/05\/2015_06_01_9999_129-800x481.jpg\" alt=\"2015_06_01_9999_129\" width=\"800\" height=\"481\" srcset=\"https:\/\/www.yelkenkayak.com\/wp-content\/uploads\/2015\/05\/2015_06_01_9999_129-800x481.jpg 800w, https:\/\/www.yelkenkayak.com\/wp-content\/uploads\/2015\/05\/2015_06_01_9999_129-300x180.jpg 300w, https:\/\/www.yelkenkayak.com\/wp-content\/uploads\/2015\/05\/2015_06_01_9999_129-600x360.jpg 600w, https:\/\/www.yelkenkayak.com\/wp-content\/uploads\/2015\/05\/2015_06_01_9999_129-330x198.jpg 330w, https:\/\/www.yelkenkayak.com\/wp-content\/uploads\/2015\/05\/2015_06_01_9999_129.jpg 1234w\" sizes=\"auto, (max-width: 800px) 100vw, 800px\" \/><\/p>\n<p><strong>Yap\u0131m\u0131<\/strong>; Yap\u0131m\u0131 orta seviyede zor olmas\u0131na kar\u015f\u0131n yeni ba\u015flayanlar i\u00e7in uygun bir deniz kaya\u011f\u0131 modelidir.<\/p>\n<p><img loading=\"lazy\" decoding=\"async\" class=\"alignleft size-large wp-image-2321\" src=\"http:\/\/www.yelkenkayak.com\/wp-content\/uploads\/2015\/05\/2015_06_01_9999_143-800x486.jpg\" alt=\"2015_06_01_9999_143\" width=\"800\" height=\"486\" srcset=\"https:\/\/www.yelkenkayak.com\/wp-content\/uploads\/2015\/05\/2015_06_01_9999_143-800x486.jpg 800w, https:\/\/www.yelkenkayak.com\/wp-content\/uploads\/2015\/05\/2015_06_01_9999_143-300x182.jpg 300w, https:\/\/www.yelkenkayak.com\/wp-content\/uploads\/2015\/05\/2015_06_01_9999_143-600x364.jpg 600w, https:\/\/www.yelkenkayak.com\/wp-content\/uploads\/2015\/05\/2015_06_01_9999_143-325x198.jpg 325w, https:\/\/www.yelkenkayak.com\/wp-content\/uploads\/2015\/05\/2015_06_01_9999_143.jpg 1234w\" sizes=\"auto, (max-width: 800px) 100vw, 800px\" \/><\/p>\n<p>T\u00fcm modeller de dayan\u0131kl\u0131l\u0131\u011f\u0131 artt\u0131rmak i\u00e7in i\u00e7 ve d\u0131\u015f k\u0131s\u0131mlar cam elyaf\u0131 kuma\u015f ile kapl\u0131d\u0131r. \u00a0Burun ve k\u0131\u00e7 gibi darbe alan k\u0131s\u0131mlar bir ka\u00e7 kat kaplanm\u0131\u015ft\u0131r. Bu sayede orta seviyede bir darbe ald\u0131\u011f\u0131nda hasar ah\u015faba ula\u015fmamaktad\u0131r, ula\u015f\u0131rsa da sorun de\u011fil. Sadece az bir z\u0131mpara ve epoksi ile kolayca tamir edebilirsiniz.<\/p>\n","protected":false},"excerpt":{"rendered":"<p>Boy: 444 cm, En: 63 cm , A\u011f\u0131rl\u0131k: 21 kg, Hacim: 135 kg \u00a0\u00a0\u00a0 Ta\u015f\u0131mas\u0131 rahat, k\u00fcrek \u00e7ekmesi keyifli, d\u00fcz giden, geni\u015f kokpiti ile konforlu bu deniz kaya\u011f\u0131 modeli her t\u00fcrl\u00fc hava ko\u015fulunda denizde ve durgun sularda kullanabilir. \u00a0Dalgalar ile surf yapmak i\u00e7in uygun bir kayakt\u0131r. Yeni ba\u015flayanlar i\u00e7in oldu\u011fu kadar, uzun geziler i\u00e7inde uygun &#8230;<\/p>\n","protected":false},"author":1,"featured_media":0,"parent":5,"menu_order":0,"comment_status":"open","ping_status":"closed","template":"","meta":{"ngg_post_thumbnail":0,"footnotes":""},"class_list":["post-2306","page","type-page","status-publish","hentry"],"_links":{"self":[{"href":"https:\/\/www.yelkenkayak.com\/index.php?rest_route=\/wp\/v2\/pages\/2306","targetHints":{"allow":["GET"]}}],"collection":[{"href":"https:\/\/www.yelkenkayak.com\/index.php?rest_route=\/wp\/v2\/pages"}],"about":[{"href":"https:\/\/www.yelkenkayak.com\/index.php?rest_route=\/wp\/v2\/types\/page"}],"author":[{"embeddable":true,"href":"https:\/\/www.yelkenkayak.com\/index.php?rest_route=\/wp\/v2\/users\/1"}],"replies":[{"embeddable":true,"href":"https:\/\/www.yelkenkayak.com\/index.php?rest_route=%2Fwp%2Fv2%2Fcomments&post=2306"}],"version-history":[{"count":14,"href":"https:\/\/www.yelkenkayak.com\/index.php?rest_route=\/wp\/v2\/pages\/2306\/revisions"}],"predecessor-version":[{"id":3551,"href":"https:\/\/www.yelkenkayak.com\/index.php?rest_route=\/wp\/v2\/pages\/2306\/revisions\/3551"}],"up":[{"embeddable":true,"href":"https:\/\/www.yelkenkayak.com\/index.php?rest_route=\/wp\/v2\/pages\/5"}],"wp:attachment":[{"href":"https:\/\/www.yelkenkayak.com\/index.php?rest_route=%2Fwp%2Fv2%2Fmedia&parent=2306"}],"curies":[{"name":"wp","href":"https:\/\/api.w.org\/{rel}","templated":true}]}}