{"id":1752,"date":"2014-10-29T22:38:43","date_gmt":"2014-10-29T22:38:43","guid":{"rendered":"http:\/\/www.yelkenkayak.com\/?page_id=1752"},"modified":"2024-08-21T21:52:54","modified_gmt":"2024-08-21T21:52:54","slug":"videolar","status":"publish","type":"page","link":"https:\/\/www.yelkenkayak.com\/?page_id=1752","title":{"rendered":"Videolar"},"content":{"rendered":"<p class=\"has-text-align-center\">Daha fazla video i\u00e7in youtube kanal\u0131m\u0131z\u0131 ziyaret edebilirsiniz.<\/p>\n<p class=\"has-text-align-center\"><a href=\"https:\/\/www.youtube.com\/@yelkenkayak\" data-type=\"link\" data-id=\"https:\/\/www.youtube.com\/@yelkenkayak\" target=\"_blank\" rel=\"noreferrer noopener\"><strong>YELKENKAYAK YOUTUBE KANALI<\/strong><\/a><\/p>\n<figure class=\"wp-block-embed is-type-video is-provider-youtube wp-block-embed-youtube wp-embed-aspect-16-9 wp-has-aspect-ratio\">\n<div class=\"wp-block-embed__wrapper\">\n<iframe loading=\"lazy\" title=\"360 CM AH\u015eAP DENIZ KAYAGI - TANITIM\" width=\"920\" height=\"518\" src=\"https:\/\/www.youtube.com\/embed\/2fbmTcj4CiI?feature=oembed\" frameborder=\"0\" allow=\"accelerometer; autoplay; clipboard-write; encrypted-media; gyroscope; picture-in-picture; web-share\" referrerpolicy=\"strict-origin-when-cross-origin\" allowfullscreen><\/iframe>\n<\/div>\n<\/figure>\n<div style=\"height:45px\" aria-hidden=\"true\" class=\"wp-block-spacer\"><\/div>\n<figure class=\"wp-block-embed is-type-video is-provider-youtube wp-block-embed-youtube wp-embed-aspect-16-9 wp-has-aspect-ratio\">\n<div class=\"wp-block-embed__wrapper\">\n<iframe loading=\"lazy\" title=\"Cocuk kanosu - Sarp Yesiltepe 3\" width=\"920\" height=\"518\" src=\"https:\/\/www.youtube.com\/embed\/e2bPNvzj0UU?feature=oembed\" frameborder=\"0\" allow=\"accelerometer; autoplay; clipboard-write; encrypted-media; gyroscope; picture-in-picture; web-share\" referrerpolicy=\"strict-origin-when-cross-origin\" allowfullscreen><\/iframe>\n<\/div>\n<\/figure>\n<div style=\"height:43px\" aria-hidden=\"true\" class=\"wp-block-spacer\"><\/div>\n<figure class=\"wp-block-embed is-type-video is-provider-youtube wp-block-embed-youtube wp-embed-aspect-16-9 wp-has-aspect-ratio\">\n<div class=\"wp-block-embed__wrapper\">\n<iframe loading=\"lazy\" title=\"Dalyan - Iztuzu  Kano gezisi 2018\" width=\"920\" height=\"518\" src=\"https:\/\/www.youtube.com\/embed\/N9t0S7L3j-w?feature=oembed\" frameborder=\"0\" allow=\"accelerometer; autoplay; clipboard-write; encrypted-media; gyroscope; picture-in-picture; web-share\" referrerpolicy=\"strict-origin-when-cross-origin\" allowfullscreen><\/iframe>\n<\/div>\n<\/figure>\n<div style=\"height:44px\" aria-hidden=\"true\" class=\"wp-block-spacer\"><\/div>\n<figure class=\"wp-block-embed is-type-video is-provider-youtube wp-block-embed-youtube wp-embed-aspect-16-9 wp-has-aspect-ratio\">\n<div class=\"wp-block-embed__wrapper\">\n<iframe loading=\"lazy\" title=\"DEN\u0130Z KAYA\u011eI KAMPI - inbuku 2015\" width=\"920\" height=\"518\" src=\"https:\/\/www.youtube.com\/embed\/cY8Iz2lFeP4?feature=oembed\" frameborder=\"0\" allow=\"accelerometer; autoplay; clipboard-write; encrypted-media; gyroscope; picture-in-picture; web-share\" referrerpolicy=\"strict-origin-when-cross-origin\" allowfullscreen><\/iframe>\n<\/div>\n<\/figure>\n<div style=\"height:45px\" aria-hidden=\"true\" class=\"wp-block-spacer\"><\/div>\n<figure class=\"wp-block-embed is-type-video is-provider-youtube wp-block-embed-youtube wp-embed-aspect-16-9 wp-has-aspect-ratio\">\n<div class=\"wp-block-embed__wrapper\">\n<iframe loading=\"lazy\" title=\"DENIZ KAYAGI KAMPI 2 - INBUKU 2015\" width=\"920\" height=\"518\" src=\"https:\/\/www.youtube.com\/embed\/lNh5uwcnE_Y?feature=oembed\" frameborder=\"0\" allow=\"accelerometer; autoplay; clipboard-write; encrypted-media; gyroscope; picture-in-picture; web-share\" referrerpolicy=\"strict-origin-when-cross-origin\" allowfullscreen><\/iframe>\n<\/div>\n<\/figure>\n<div style=\"height:45px\" aria-hidden=\"true\" class=\"wp-block-spacer\"><\/div>\n<figure class=\"wp-block-embed is-type-video is-provider-youtube wp-block-embed-youtube wp-embed-aspect-16-9 wp-has-aspect-ratio\">\n<div class=\"wp-block-embed__wrapper\">\n<iframe loading=\"lazy\" title=\"DENIZ KAYAGI - G\u00f6kova turu\" width=\"920\" height=\"518\" src=\"https:\/\/www.youtube.com\/embed\/Ed4-5_WhFiw?feature=oembed\" frameborder=\"0\" allow=\"accelerometer; autoplay; clipboard-write; encrypted-media; gyroscope; picture-in-picture; web-share\" referrerpolicy=\"strict-origin-when-cross-origin\" allowfullscreen><\/iframe>\n<\/div>\n<\/figure>\n<div style=\"height:45px\" aria-hidden=\"true\" class=\"wp-block-spacer\"><\/div>\n<figure class=\"wp-block-embed is-type-video is-provider-youtube wp-block-embed-youtube wp-embed-aspect-16-9 wp-has-aspect-ratio\">\n<div class=\"wp-block-embed__wrapper\">\n<iframe loading=\"lazy\" title=\"Sea kayak turu - Gocek 2016\" width=\"920\" height=\"518\" src=\"https:\/\/www.youtube.com\/embed\/c0UsvC9YPSU?feature=oembed\" frameborder=\"0\" allow=\"accelerometer; autoplay; clipboard-write; encrypted-media; gyroscope; picture-in-picture; web-share\" referrerpolicy=\"strict-origin-when-cross-origin\" allowfullscreen><\/iframe>\n<\/div>\n<\/figure>\n<div style=\"height:42px\" aria-hidden=\"true\" class=\"wp-block-spacer\"><\/div>\n<figure class=\"wp-block-embed is-type-video is-provider-youtube wp-block-embed-youtube wp-embed-aspect-16-9 wp-has-aspect-ratio\">\n<div class=\"wp-block-embed__wrapper\">\n<iframe loading=\"lazy\" title=\"SEA KAYAK - Ah\u015fap kano yap\u0131m\u0131\" width=\"920\" height=\"518\" src=\"https:\/\/www.youtube.com\/embed\/ugwyFdb6auo?feature=oembed\" frameborder=\"0\" allow=\"accelerometer; autoplay; clipboard-write; encrypted-media; gyroscope; picture-in-picture; web-share\" referrerpolicy=\"strict-origin-when-cross-origin\" allowfullscreen><\/iframe>\n<\/div>\n<\/figure>\n<div style=\"height:45px\" aria-hidden=\"true\" class=\"wp-block-spacer\"><\/div>\n<figure class=\"wp-block-embed is-type-video is-provider-youtube wp-block-embed-youtube wp-embed-aspect-16-9 wp-has-aspect-ratio\">\n<div class=\"wp-block-embed__wrapper\">\n<iframe loading=\"lazy\" title=\"\u00d6ren kano \u015fenli\u011fi 2018\" width=\"920\" height=\"518\" src=\"https:\/\/www.youtube.com\/embed\/tWhlzMJkHhc?feature=oembed\" frameborder=\"0\" allow=\"accelerometer; autoplay; clipboard-write; encrypted-media; gyroscope; picture-in-picture; web-share\" referrerpolicy=\"strict-origin-when-cross-origin\" allowfullscreen><\/iframe>\n<\/div>\n<\/figure>\n<div style=\"height:45px\" aria-hidden=\"true\" class=\"wp-block-spacer\"><\/div>\n<figure class=\"wp-block-embed is-type-video is-provider-youtube wp-block-embed-youtube wp-embed-aspect-16-9 wp-has-aspect-ratio\">\n<div class=\"wp-block-embed__wrapper\">\n<iframe loading=\"lazy\" title=\"COCUK KANOSU - YAMAC OZTURK\" width=\"920\" height=\"518\" src=\"https:\/\/www.youtube.com\/embed\/uZG6dgg5bEI?feature=oembed\" frameborder=\"0\" allow=\"accelerometer; autoplay; clipboard-write; encrypted-media; gyroscope; picture-in-picture; web-share\" referrerpolicy=\"strict-origin-when-cross-origin\" allowfullscreen><\/iframe>\n<\/div>\n<\/figure>\n<div style=\"height:45px\" aria-hidden=\"true\" class=\"wp-block-spacer\"><\/div>\n<figure class=\"wp-block-embed is-type-video is-provider-youtube wp-block-embed-youtube wp-embed-aspect-16-9 wp-has-aspect-ratio\">\n<div class=\"wp-block-embed__wrapper\">\n<iframe loading=\"lazy\" title=\"COCUK KANOSU - Sarp - 2017\" width=\"920\" height=\"518\" src=\"https:\/\/www.youtube.com\/embed\/SsRz_AO5gLU?feature=oembed\" frameborder=\"0\" allow=\"accelerometer; autoplay; clipboard-write; encrypted-media; gyroscope; picture-in-picture; web-share\" referrerpolicy=\"strict-origin-when-cross-origin\" allowfullscreen><\/iframe>\n<\/div>\n<\/figure>\n<div style=\"height:45px\" aria-hidden=\"true\" class=\"wp-block-spacer\"><\/div>\n<figure class=\"wp-block-embed is-type-video is-provider-youtube wp-block-embed-youtube wp-embed-aspect-16-9 wp-has-aspect-ratio\">\n<div class=\"wp-block-embed__wrapper\">\n<iframe loading=\"lazy\" title=\"SW 17  -  SEA KAYAK\" width=\"920\" height=\"518\" src=\"https:\/\/www.youtube.com\/embed\/VR1ZXpeGCEY?feature=oembed\" frameborder=\"0\" allow=\"accelerometer; autoplay; clipboard-write; encrypted-media; gyroscope; picture-in-picture; web-share\" referrerpolicy=\"strict-origin-when-cross-origin\" allowfullscreen><\/iframe>\n<\/div>\n<\/figure>\n<div style=\"height:45px\" aria-hidden=\"true\" class=\"wp-block-spacer\"><\/div>\n<figure class=\"wp-block-embed is-type-video is-provider-youtube wp-block-embed-youtube wp-embed-aspect-16-9 wp-has-aspect-ratio\">\n<div class=\"wp-block-embed__wrapper\">\n<iframe loading=\"lazy\" title=\"SW 17 - AH\u015eAP SEA KAYAK\" width=\"920\" height=\"518\" src=\"https:\/\/www.youtube.com\/embed\/g0voDaQLvC4?feature=oembed\" frameborder=\"0\" allow=\"accelerometer; autoplay; clipboard-write; encrypted-media; gyroscope; picture-in-picture; web-share\" referrerpolicy=\"strict-origin-when-cross-origin\" allowfullscreen><\/iframe>\n<\/div>\n<\/figure>\n<div style=\"height:44px\" aria-hidden=\"true\" class=\"wp-block-spacer\"><\/div>\n<figure class=\"wp-block-embed is-type-video is-provider-youtube wp-block-embed-youtube wp-embed-aspect-16-9 wp-has-aspect-ratio\">\n<div class=\"wp-block-embed__wrapper\">\n<iframe loading=\"lazy\" title=\"MILAS - OREN KANO \u015eENL\u0130\u011e\u0130   2018\" width=\"920\" height=\"518\" src=\"https:\/\/www.youtube.com\/embed\/Pj7bFviASx8?feature=oembed\" frameborder=\"0\" allow=\"accelerometer; autoplay; clipboard-write; encrypted-media; gyroscope; picture-in-picture; web-share\" referrerpolicy=\"strict-origin-when-cross-origin\" allowfullscreen><\/iframe>\n<\/div>\n<\/figure>\n<p class=\"has-text-align-center\">Daha fazla video i\u00e7in youtube kanal\u0131m\u0131z\u0131 ziyaret edebilirsiniz.<\/p>\n<p class=\"has-text-align-center\"><a href=\"https:\/\/www.youtube.com\/@yelkenkayak\" data-type=\"link\" data-id=\"https:\/\/www.youtube.com\/@yelkenkayak\" target=\"_blank\" rel=\"noreferrer noopener\"><strong>YELKENKAYAK YOUTUBE KANALI<\/strong><\/a><\/p>\n","protected":false},"excerpt":{"rendered":"<p>Daha fazla video i\u00e7in youtube kanal\u0131m\u0131z\u0131 ziyaret edebilirsiniz. YELKENKAYAK YOUTUBE KANALI Daha fazla video i\u00e7in youtube kanal\u0131m\u0131z\u0131 ziyaret edebilirsiniz. YELKENKAYAK YOUTUBE KANALI<\/p>\n","protected":false},"author":1,"featured_media":0,"parent":0,"menu_order":0,"comment_status":"open","ping_status":"open","template":"","meta":{"ngg_post_thumbnail":0,"footnotes":""},"class_list":["post-1752","page","type-page","status-publish","hentry"],"_links":{"self":[{"href":"https:\/\/www.yelkenkayak.com\/index.php?rest_route=\/wp\/v2\/pages\/1752","targetHints":{"allow":["GET"]}}],"collection":[{"href":"https:\/\/www.yelkenkayak.com\/index.php?rest_route=\/wp\/v2\/pages"}],"about":[{"href":"https:\/\/www.yelkenkayak.com\/index.php?rest_route=\/wp\/v2\/types\/page"}],"author":[{"embeddable":true,"href":"https:\/\/www.yelkenkayak.com\/index.php?rest_route=\/wp\/v2\/users\/1"}],"replies":[{"embeddable":true,"href":"https:\/\/www.yelkenkayak.com\/index.php?rest_route=%2Fwp%2Fv2%2Fcomments&post=1752"}],"version-history":[{"count":77,"href":"https:\/\/www.yelkenkayak.com\/index.php?rest_route=\/wp\/v2\/pages\/1752\/revisions"}],"predecessor-version":[{"id":3588,"href":"https:\/\/www.yelkenkayak.com\/index.php?rest_route=\/wp\/v2\/pages\/1752\/revisions\/3588"}],"wp:attachment":[{"href":"https:\/\/www.yelkenkayak.com\/index.php?rest_route=%2Fwp%2Fv2%2Fmedia&parent=1752"}],"curies":[{"name":"wp","href":"https:\/\/api.w.org\/{rel}","templated":true}]}}