{"id":11,"date":"2012-05-23T19:07:58","date_gmt":"2012-05-23T19:07:58","guid":{"rendered":"http:\/\/www.io-marine.com\/?page_id=11"},"modified":"2016-06-10T13:22:08","modified_gmt":"2016-06-10T13:22:08","slug":"ahsap-kano","status":"publish","type":"page","link":"https:\/\/www.yelkenkayak.com\/","title":{"rendered":"Home"},"content":{"rendered":"<div class=\"vc_row wpb_row vc_row-fluid\">\n\t<div class=\"vc_col-sm-12 wpb_column vc_column_container\">\n\t\t<div class=\"wpb_wrapper\">\n\t\t\t\n\t<div class=\"wpb_text_column wpb_content_element \">\n\t\t<div class=\"wpb_wrapper\">\n\t\t\t<p style=\"text-align: left;\">&#8221;<span style=\"color: #993300;\"><strong>YelkenKayak<\/strong><\/span>&#8221;\u00a0 at\u00f6lyesinde &#8221;Ah\u015fap Deniz kayaklar\u0131&#8221; imalat\u0131 yap\u0131lmaktad\u0131r. Hafif, araba \u00fczerinde ta\u015f\u0131nabilir, k\u00fcrek ve yelken ile yol alan deniz ara\u00e7lar\u0131 yap\u0131yoruz. \u00a0Boylar\u0131 250 cm ile 640 cm aras\u0131nda de\u011fi\u015fen toplam 10 model bulunmaktad\u0131r.<\/p>\n<p style=\"text-align: left;\">Uzun yolculuklar i\u00e7in tasarlanm\u0131\u015f deniz kayaklar\u0131n\u0131n yan\u0131nda, sahilde e\u011flence ama\u00e7l\u0131 kullanabilece\u011finiz s\u00f6rf kayaklar\u0131, bal\u0131\u011fa \u00e7\u0131kabilece\u011finiz hafif kanolar\u0131, yelken a\u00e7abilece\u011finiz trimaranlar sat\u0131n alabilir, ki\u015fiye \u00f6zel sipari\u015f verebilirsiniz. Ki\u015fiye \u00f6zel olarak boyutland\u0131r\u0131lm\u0131\u015f deniz kaya\u011f\u0131 imal etmekteyiz.<\/p>\n\n\t\t<\/div> \n\t<\/div> \n\t<div class=\"wpb_single_image wpb_content_element wpb_animate_when_almost_visible wpb_top-to-bottom vc_align_left\">\n\t\t<div class=\"wpb_wrapper\">\n\t\t\t\n\t\t\t<a href=\"http:\/\/www.yelkenkayak.com\/?page_id=5\" target=\"_self\"><img loading=\"lazy\" decoding=\"async\" width=\"750\" height=\"497\" src=\"https:\/\/www.yelkenkayak.com\/wp-content\/uploads\/2012\/05\/Ilkel_kayaks.jpg\" class=\"vc_box_shadow_border vc_box_border_mulled_wine attachment-large\" alt=\"\" srcset=\"https:\/\/www.yelkenkayak.com\/wp-content\/uploads\/2012\/05\/Ilkel_kayaks.jpg 750w, https:\/\/www.yelkenkayak.com\/wp-content\/uploads\/2012\/05\/Ilkel_kayaks-300x199.jpg 300w, https:\/\/www.yelkenkayak.com\/wp-content\/uploads\/2012\/05\/Ilkel_kayaks-600x398.jpg 600w, https:\/\/www.yelkenkayak.com\/wp-content\/uploads\/2012\/05\/Ilkel_kayaks-299x198.jpg 299w\" sizes=\"auto, (max-width: 750px) 100vw, 750px\" \/><\/a>\n\t\t<\/div> \n\t<\/div> \n\t\t<\/div> \n\t<\/div> \n<\/div><div class=\"vc_row wpb_row vc_row-fluid\">\n\t<div class=\"vc_col-sm-12 wpb_column vc_column_container\">\n\t\t<div class=\"wpb_wrapper\">\n\t\t\t\n\t<div class=\"wpb_text_column wpb_content_element \">\n\t\t<div class=\"wpb_wrapper\">\n\t\t\t<p style=\"text-align: left;\">T\u00fcm deniz kayaklar\u0131m\u0131z el yap\u0131m\u0131d\u0131r. Do\u011faya en az zarar verecek \u015fekilde ah\u015fap gibi do\u011fal malzemeler kullan\u0131larak yap\u0131lm\u0131\u015ft\u0131r. T\u00fcm modellerin i\u00e7 ve d\u0131\u015f b\u00f6l\u00fcmleri cam kuma\u015f\u0131 ile kaplan\u0131p, 6 kat epoksi uygulamas\u0131 yap\u0131lmakta, ah\u015fab\u0131 ve epoksiyi korumak i\u00e7in 3 kat vernik uygulanmaktad\u0131r. \u00a0Arzu edilirse poli\u00fcretan yada epoksi ile boyanabilir. \u00a0Kayaklar\u0131m\u0131z \u00f6m\u00fcr boyu kullan\u0131m i\u00e7in \u00fcretilmektedir. \u00a0Bak\u0131m\u0131 basitdir, sadece bir iki y\u0131lda bir ince bir z\u0131mpara ve vernik. Herhangi bir hasar ald\u0131\u011f\u0131nda kayak ah\u015fap oldu\u011fundan tamirat\u0131 m\u00fcmk\u00fcnd\u00fcr.<\/p>\n<p style=\"text-align: left;\">Kendi kaya\u011f\u0131n\u0131 yapmak isteyenler, deniz kayaklar\u0131n\u0131 kit olarak da sat\u0131n alabilirler. \u00a0\u00dcyeler i\u00e7in, yap\u0131m bilgileri, bak\u0131m ve tamirat talimatlar\u0131 fotograf ve videolar ile web sayfam\u0131zda bulunmaktad\u0131r.<\/p>\n<h3 style=\"text-align: center;\"><span style=\"color: #0000ff;\">Bulundu\u011funuz \u0130nternet sayfam\u0131zdaki t\u00fcm deniz kaya\u011f\u0131 g\u00f6rselleri <strong>YelkenKayak<\/strong> yap\u0131m\u0131 kayaklardan olu\u015fmaktad\u0131r. \u0130yi e\u011flenceler..<\/span><\/h3>\n<p style=\"text-align: center;\"><strong>Sea Kayak \/ Istanbul<\/strong><\/p>\n\n\t\t<\/div> \n\t<\/div> \n\t\t<\/div> \n\t<\/div> \n<\/div>\n\t<div class=\"vc_col-sm-12 wpb_column vc_column_container\">\n\t\t<div class=\"wpb_wrapper\">\n\t\t\t\n\t<div class=\"wpb_text_column wpb_content_element \">\n\t\t<div class=\"wpb_wrapper\">\n\t\t\t\n\t\t<\/div> \n\t<\/div> \n\t\t<\/div> \n\t<\/div> \n\n\t<div class=\"wpb_single_image wpb_content_element wpb_animate_when_almost_visible wpb_bottom-to-top vc_align_left\">\n\t\t<div class=\"wpb_wrapper\">\n\t\t\t<h2 class=\"wpb_heading wpb_singleimage_heading\">\u0130lkel Deniz Kaya\u011f\u0131 Modelleri<\/h2>\n\t\t\t<a href=\"http:\/\/www.yelkenkayak.com\/?page_id=5\" target=\"_self\"><img loading=\"lazy\" decoding=\"async\" width=\"800\" height=\"450\" src=\"https:\/\/www.yelkenkayak.com\/wp-content\/uploads\/2014\/11\/YK6-1024x576.jpg\" class=\"vc_box_shadow_border vc_box_border_grey attachment-large\" alt=\"\u0130stanbul bo\u011faz\u0131\" srcset=\"https:\/\/www.yelkenkayak.com\/wp-content\/uploads\/2014\/11\/YK6-1024x576.jpg 1024w, https:\/\/www.yelkenkayak.com\/wp-content\/uploads\/2014\/11\/YK6-300x168.jpg 300w, https:\/\/www.yelkenkayak.com\/wp-content\/uploads\/2014\/11\/YK6-330x185.jpg 330w, https:\/\/www.yelkenkayak.com\/wp-content\/uploads\/2014\/11\/YK6.jpg 1920w\" sizes=\"auto, (max-width: 800px) 100vw, 800px\" \/><\/a>\n\t\t<\/div> \n\t<\/div> \n","protected":false},"excerpt":{"rendered":"''YelkenKayak''\u00a0 at\u00f6lyesinde ''Ah\u015fap Deniz kayaklar\u0131'' imalat\u0131 yap\u0131lmaktad\u0131r. Hafif, araba \u00fczerinde ta\u015f\u0131nabilir, k\u00fcrek ve yelken ile yol alan deniz ara\u00e7lar\u0131 yap\u0131yoruz. \u00a0Boylar\u0131 250 cm ile 640 cm aras\u0131nda de\u011fi\u015fen toplam 10 model bulunmaktad\u0131r. Uzun yolculuklar i\u00e7in tasarlanm\u0131\u015f deniz kayaklar\u0131n\u0131n yan\u0131nda, sahilde e\u011flence ama\u00e7l\u0131 kullanabilece\u011finiz s\u00f6rf kayaklar\u0131, bal\u0131\u011fa \u00e7\u0131kabilece\u011finiz hafif kanolar\u0131, yelken a\u00e7abilece\u011finiz trimaranlar sat\u0131n alabilir, ki\u015fiye ...","protected":false},"author":1,"featured_media":0,"parent":0,"menu_order":0,"comment_status":"closed","ping_status":"closed","template":"tpl_homepage_default.php","meta":{"ngg_post_thumbnail":0,"footnotes":""},"class_list":["post-11","page","type-page","status-publish","hentry"],"_links":{"self":[{"href":"https:\/\/www.yelkenkayak.com\/index.php?rest_route=\/wp\/v2\/pages\/11","targetHints":{"allow":["GET"]}}],"collection":[{"href":"https:\/\/www.yelkenkayak.com\/index.php?rest_route=\/wp\/v2\/pages"}],"about":[{"href":"https:\/\/www.yelkenkayak.com\/index.php?rest_route=\/wp\/v2\/types\/page"}],"author":[{"embeddable":true,"href":"https:\/\/www.yelkenkayak.com\/index.php?rest_route=\/wp\/v2\/users\/1"}],"replies":[{"embeddable":true,"href":"https:\/\/www.yelkenkayak.com\/index.php?rest_route=%2Fwp%2Fv2%2Fcomments&post=11"}],"version-history":[{"count":35,"href":"https:\/\/www.yelkenkayak.com\/index.php?rest_route=\/wp\/v2\/pages\/11\/revisions"}],"predecessor-version":[{"id":1612,"href":"https:\/\/www.yelkenkayak.com\/index.php?rest_route=\/wp\/v2\/pages\/11\/revisions\/1612"}],"wp:attachment":[{"href":"https:\/\/www.yelkenkayak.com\/index.php?rest_route=%2Fwp%2Fv2%2Fmedia&parent=11"}],"curies":[{"name":"wp","href":"https:\/\/api.w.org\/{rel}","templated":true}]}}