{"id":1033,"date":"2013-11-12T22:37:40","date_gmt":"2013-11-12T22:37:40","guid":{"rendered":"http:\/\/www.yelkenkayak.com\/?page_id=1033"},"modified":"2022-08-21T15:07:03","modified_gmt":"2022-08-21T15:07:03","slug":"ilkel_gezgin","status":"publish","type":"page","link":"https:\/\/www.yelkenkayak.com\/?page_id=1033","title":{"rendered":"Shearwater-17"},"content":{"rendered":"<div class=\"vc_row wpb_row vc_row-fluid\">\n\t<div class=\"vc_col-sm-12 wpb_column vc_column_container\">\n\t\t<div class=\"wpb_wrapper\">\n\t\t\t\n\t<div class=\"wpb_text_column wpb_content_element \">\n\t\t<div class=\"wpb_wrapper\">\n\t\t\t<p><strong style=\"font-size: 13px; line-height: 19px;\">Boy: 520 cm, En: 56 cm , A\u011f\u0131rl\u0131k: 20 kg, Hacim: 135 kg \u00a0<span style=\"color: #ff6600;\">\u00a0<\/span><\/strong><\/p>\n<p>Son derece keyifli ve h\u0131zl\u0131 bir s\u00fcr\u00fc\u015f\u00fc olan greenland tarz\u0131 kaya\u011f\u0131 her t\u00fcrl\u00fc hava ko\u015fulunda denizde ve durgun sularda kullanabilirsiniz. \u00a0Burun k\u0131sm\u0131n\u0131n yap\u0131s\u0131 ve d\u00fc\u015f\u00fck hacmi ile yoluna d\u00fcz bir \u015fekilde devam eder. Yeni ba\u015flayanlar\u0131n ilk kullan\u0131mda zorlanacaklar\u0131 bu kaya\u011fa al\u0131\u015fmakta ise k\u0131sa zaman al\u0131yor. Eskimo roll u en rahat \u015fekilde, hatta k\u00fcreksiz yapabilece\u011finiz bir kayakt\u0131r. 17 foot luk boyu ile uzun bir kayak olmas\u0131na ra\u011fmen 56 cm lik eni ile narin g\u00f6r\u00fcn\u00fc\u015fl\u00fcd\u00fcr. Spor ama\u00e7l\u0131 k\u00fcrek \u00e7ekmek istiyorsan\u0131z, bu model en uygun modeldir.<\/p>\n\n\t\t<\/div> \n\t<\/div> \n\t<div class=\"wpb_single_image wpb_content_element vc_align_left\">\n\t\t<div class=\"wpb_wrapper\">\n\t\t\t\n\t\t\t<img loading=\"lazy\" decoding=\"async\" width=\"800\" height=\"516\" src=\"https:\/\/www.yelkenkayak.com\/wp-content\/uploads\/2012\/05\/sea-kayak-5.jpg\" class=\"vc_box_shadow_border vc_box_border_grey attachment-full\" alt=\"YELKENKAYAK - Ah\u015fap Deniz Kayaklar\u0131.\" srcset=\"https:\/\/www.yelkenkayak.com\/wp-content\/uploads\/2012\/05\/sea-kayak-5.jpg 800w, https:\/\/www.yelkenkayak.com\/wp-content\/uploads\/2012\/05\/sea-kayak-5-300x193.jpg 300w\" sizes=\"auto, (max-width: 800px) 100vw, 800px\" \/>\n\t\t<\/div> \n\t<\/div> \n\t<div class=\"wpb_text_column wpb_content_element \">\n\t\t<div class=\"wpb_wrapper\">\n\t\t\t<p><strong>Yap\u0131m\u0131<\/strong>; \u00a0ince yap\u0131s\u0131ndan dolay\u0131 her ne kadar z\u0131mpara i\u015fleri \u00e7abuk bitse de, burun ve k\u0131\u00e7 k\u0131s\u0131mlar\u0131n yap\u0131m\u0131 olduk\u00e7a zor ve deneyim gerektiriyor. \u0130ki ve \u00fc\u00e7 adet su ge\u00e7irmez ambar\u0131 bulunan iki modeli vard\u0131r. Bu hava b\u00f6lmeleri sayesinde g\u00fcvenli bir s\u00fcr\u00fc\u015f sunuyor. Devrilme durumunda sadece orta k\u0131s\u0131mda az miktarda su kald\u0131\u011f\u0131ndan, kaya\u011fa tekrar binmek ve kalan suyu pompalamak k\u0131sa zaman al\u0131yor.<\/p>\n\n\t\t<\/div> \n\t<\/div> \n\t<div class=\"wpb_single_image wpb_content_element vc_align_left\">\n\t\t<div class=\"wpb_wrapper\">\n\t\t\t\n\t\t\t<img loading=\"lazy\" decoding=\"async\" width=\"2364\" height=\"1446\" src=\"https:\/\/www.yelkenkayak.com\/wp-content\/uploads\/2013\/11\/sea-kayak-4.jpg\" class=\"vc_box_shadow_border vc_box_border_grey attachment-full\" alt=\"Sea kayak Marmaris\" srcset=\"https:\/\/www.yelkenkayak.com\/wp-content\/uploads\/2013\/11\/sea-kayak-4.jpg 2364w, https:\/\/www.yelkenkayak.com\/wp-content\/uploads\/2013\/11\/sea-kayak-4-300x183.jpg 300w, https:\/\/www.yelkenkayak.com\/wp-content\/uploads\/2013\/11\/sea-kayak-4-1024x626.jpg 1024w\" sizes=\"auto, (max-width: 2364px) 100vw, 2364px\" \/>\n\t\t<\/div> \n\t<\/div> \n\t<div class=\"wpb_text_column wpb_content_element \">\n\t\t<div class=\"wpb_wrapper\">\n\t\t\t<p>Bu modelde kapaklar\u0131n iki korumas\u0131 vard\u0131r. \u00dcst kapa\u011f\u0131n alt\u0131nda \u00a0neoprenden yap\u0131lm\u0131\u015f ikinci bir koruma bulunmaktad\u0131r. Kapaklarda ki bu ikinci g\u00fcvenlik kaya\u011f\u0131 da daha g\u00fcvenli yap\u0131yor.<\/p>\n<p>T\u00fcm modeller de dayan\u0131kl\u0131l\u0131\u011f\u0131 artt\u0131rmak i\u00e7in i\u00e7 ve d\u0131\u015f k\u0131s\u0131mlar cam elyaf\u0131 kuma\u015f ile kapl\u0131d\u0131r. \u00a0Burun ve k\u0131\u00e7 gibi darbe alan k\u0131s\u0131mlar bir ka\u00e7 kat kaplanm\u0131\u015ft\u0131r. Bu sayede orta seviyede bir darbe ald\u0131\u011f\u0131nda hasar ah\u015faba ula\u015fmamaktad\u0131r, ula\u015f\u0131rsa da sorun de\u011fil. Sadece az bir z\u0131mpara ve epoksi ile kolayca tamir edebilirsiniz. \u00a0Nas\u0131l derseniz , telefon a\u00e7man\u0131z yeterlidir.<\/p>\n\n\t\t<\/div> \n\t<\/div> \n\t<div class=\"wpb_single_image wpb_content_element vc_align_left\">\n\t\t<div class=\"wpb_wrapper\">\n\t\t\t\n\t\t\t<img loading=\"lazy\" decoding=\"async\" width=\"1920\" height=\"1080\" src=\"https:\/\/www.yelkenkayak.com\/wp-content\/uploads\/2014\/11\/YK6.jpg\" class=\"vc_box_shadow_border vc_box_border_grey attachment-full\" alt=\"\u0130stanbul bo\u011faz\u0131\" srcset=\"https:\/\/www.yelkenkayak.com\/wp-content\/uploads\/2014\/11\/YK6.jpg 1920w, https:\/\/www.yelkenkayak.com\/wp-content\/uploads\/2014\/11\/YK6-300x168.jpg 300w, https:\/\/www.yelkenkayak.com\/wp-content\/uploads\/2014\/11\/YK6-1024x576.jpg 1024w, https:\/\/www.yelkenkayak.com\/wp-content\/uploads\/2014\/11\/YK6-330x185.jpg 330w\" sizes=\"auto, (max-width: 1920px) 100vw, 1920px\" \/>\n\t\t<\/div> \n\t<\/div> \n\t\t<\/div> \n\t<\/div> \n<\/div>\n<p><iframe loading=\"lazy\" width=\"920\" height=\"518\" src=\"https:\/\/www.youtube.com\/embed\/qjxlt7nlzLs?feature=oembed\" frameborder=\"0\" allow=\"accelerometer; autoplay; clipboard-write; encrypted-media; gyroscope; picture-in-picture\" allowfullscreen title=\"ILKEL GEZGIN\"><\/iframe><\/p>\n","protected":false},"excerpt":{"rendered":"Boy: 520 cm, En: 56 cm , A\u011f\u0131rl\u0131k: 20 kg, Hacim: 135 kg \u00a0\u00a0 Son derece keyifli ve h\u0131zl\u0131 bir s\u00fcr\u00fc\u015f\u00fc olan greenland tarz\u0131 kaya\u011f\u0131 her t\u00fcrl\u00fc hava ko\u015fulunda denizde ve durgun sularda kullanabilirsiniz. \u00a0Burun k\u0131sm\u0131n\u0131n yap\u0131s\u0131 ve d\u00fc\u015f\u00fck hacmi ile yoluna d\u00fcz bir \u015fekilde devam eder. Yeni ba\u015flayanlar\u0131n ilk kullan\u0131mda zorlanacaklar\u0131 bu kaya\u011fa al\u0131\u015fmakta ...","protected":false},"author":1,"featured_media":0,"parent":5,"menu_order":0,"comment_status":"closed","ping_status":"closed","template":"","meta":{"ngg_post_thumbnail":0,"footnotes":""},"class_list":["post-1033","page","type-page","status-publish","hentry"],"_links":{"self":[{"href":"https:\/\/www.yelkenkayak.com\/index.php?rest_route=\/wp\/v2\/pages\/1033","targetHints":{"allow":["GET"]}}],"collection":[{"href":"https:\/\/www.yelkenkayak.com\/index.php?rest_route=\/wp\/v2\/pages"}],"about":[{"href":"https:\/\/www.yelkenkayak.com\/index.php?rest_route=\/wp\/v2\/types\/page"}],"author":[{"embeddable":true,"href":"https:\/\/www.yelkenkayak.com\/index.php?rest_route=\/wp\/v2\/users\/1"}],"replies":[{"embeddable":true,"href":"https:\/\/www.yelkenkayak.com\/index.php?rest_route=%2Fwp%2Fv2%2Fcomments&post=1033"}],"version-history":[{"count":19,"href":"https:\/\/www.yelkenkayak.com\/index.php?rest_route=\/wp\/v2\/pages\/1033\/revisions"}],"predecessor-version":[{"id":3550,"href":"https:\/\/www.yelkenkayak.com\/index.php?rest_route=\/wp\/v2\/pages\/1033\/revisions\/3550"}],"up":[{"embeddable":true,"href":"https:\/\/www.yelkenkayak.com\/index.php?rest_route=\/wp\/v2\/pages\/5"}],"wp:attachment":[{"href":"https:\/\/www.yelkenkayak.com\/index.php?rest_route=%2Fwp%2Fv2%2Fmedia&parent=1033"}],"curies":[{"name":"wp","href":"https:\/\/api.w.org\/{rel}","templated":true}]}}